{"id":71621,"date":"2025-12-18T16:07:20","date_gmt":"2025-12-18T15:07:20","guid":{"rendered":"https:\/\/pro.alfaforni.com\/?page_id=71621"},"modified":"2026-02-17T16:28:30","modified_gmt":"2026-02-17T15:28:30","slug":"i-forni","status":"publish","type":"page","link":"https:\/\/pro.alfaforni.com\/it\/i-forni\/","title":{"rendered":"I forni"},"content":{"rendered":"<p><div class=\"fusion-fullwidth fullwidth-box fusion-builder-row-1 fusion-flex-container has-pattern-background has-mask-background fusion-parallax-none nonhundred-percent-fullwidth non-hundred-percent-height-scrolling\" style=\"--awb-border-radius-top-left:0px;--awb-border-radius-top-right:0px;--awb-border-radius-bottom-right:0px;--awb-border-radius-bottom-left:0px;--awb-padding-top:150px;--awb-padding-bottom:150px;--awb-margin-top:-65px;--awb-background-image:url(&quot;https:\/\/pro.alfaforni.com\/wp-content\/uploads\/2025\/12\/QUICK-2-Pizze-4.jpg&quot;);--awb-background-size:cover;--awb-flex-wrap:wrap;\" ><div class=\"fusion-builder-row fusion-row fusion-flex-align-items-flex-start fusion-flex-content-wrap\" style=\"max-width:1248px;margin-left: calc(-4% \/ 2 );margin-right: calc(-4% \/ 2 );\"><div class=\"fusion-layout-column fusion_builder_column fusion-builder-column-0 fusion_builder_column_1_6 1_6 fusion-flex-column\" style=\"--awb-bg-size:cover;--awb-width-large:16.666666666667%;--awb-margin-top-large:0px;--awb-spacing-right-large:11.52%;--awb-margin-bottom-large:20px;--awb-spacing-left-large:11.52%;--awb-width-medium:16.666666666667%;--awb-order-medium:0;--awb-spacing-right-medium:11.52%;--awb-spacing-left-medium:11.52%;--awb-width-small:100%;--awb-order-small:0;--awb-spacing-right-small:1.92%;--awb-spacing-left-small:1.92%;\"><div class=\"fusion-column-wrapper fusion-column-has-shadow fusion-flex-justify-content-flex-start fusion-content-layout-column\"><\/div><\/div><div class=\"fusion-layout-column fusion_builder_column fusion-builder-column-1 fusion_builder_column_2_3 2_3 fusion-flex-column\" style=\"--awb-bg-size:cover;--awb-width-large:66.666666666667%;--awb-margin-top-large:0px;--awb-spacing-right-large:2.88%;--awb-margin-bottom-large:20px;--awb-spacing-left-large:2.88%;--awb-width-medium:66.666666666667%;--awb-order-medium:0;--awb-spacing-right-medium:2.88%;--awb-spacing-left-medium:2.88%;--awb-width-small:100%;--awb-order-small:0;--awb-spacing-right-small:1.92%;--awb-spacing-left-small:1.92%;\"><div class=\"fusion-column-wrapper fusion-column-has-shadow fusion-flex-justify-content-flex-start fusion-content-layout-column\"><div class=\"fusion-text fusion-text-1\" style=\"--awb-text-color:#ffffff;\"><h1 style=\"text-align: center;\"><span style=\"color: #ffffff;\">I Forni Alfa<\/span><\/h1>\n<\/div><\/div><\/div><div class=\"fusion-layout-column fusion_builder_column fusion-builder-column-2 fusion_builder_column_1_6 1_6 fusion-flex-column\" style=\"--awb-bg-size:cover;--awb-width-large:16.666666666667%;--awb-margin-top-large:0px;--awb-spacing-right-large:11.52%;--awb-margin-bottom-large:20px;--awb-spacing-left-large:11.52%;--awb-width-medium:16.666666666667%;--awb-order-medium:0;--awb-spacing-right-medium:11.52%;--awb-spacing-left-medium:11.52%;--awb-width-small:100%;--awb-order-small:0;--awb-spacing-right-small:1.92%;--awb-spacing-left-small:1.92%;\"><div class=\"fusion-column-wrapper fusion-column-has-shadow fusion-flex-justify-content-flex-start fusion-content-layout-column\"><\/div><\/div><\/div><\/div><div class=\"fusion-fullwidth fullwidth-box fusion-builder-row-2 fusion-flex-container has-pattern-background has-mask-background nonhundred-percent-fullwidth non-hundred-percent-height-scrolling\" style=\"--awb-border-radius-top-left:0px;--awb-border-radius-top-right:0px;--awb-border-radius-bottom-right:0px;--awb-border-radius-bottom-left:0px;--awb-margin-top:100px;--awb-margin-bottom:100px;--awb-flex-wrap:wrap;\" ><div class=\"fusion-builder-row fusion-row fusion-flex-align-items-flex-start fusion-flex-content-wrap\" style=\"max-width:1248px;margin-left: calc(-4% \/ 2 );margin-right: calc(-4% \/ 2 );\"><div class=\"fusion-layout-column fusion_builder_column fusion-builder-column-3 fusion_builder_column_1_2 1_2 fusion-flex-column\" style=\"--awb-bg-size:cover;--awb-width-large:50%;--awb-margin-top-large:0px;--awb-spacing-right-large:3.84%;--awb-margin-bottom-large:20px;--awb-spacing-left-large:3.84%;--awb-width-medium:50%;--awb-order-medium:0;--awb-spacing-right-medium:3.84%;--awb-spacing-left-medium:3.84%;--awb-width-small:100%;--awb-order-small:0;--awb-spacing-right-small:1.92%;--awb-spacing-left-small:1.92%;\"><div class=\"fusion-column-wrapper fusion-column-has-shadow fusion-flex-justify-content-flex-start fusion-content-layout-column\"><div class=\"fusion-image-element fusion-no-medium-visibility fusion-no-large-visibility\" style=\"--awb-caption-title-font-family:var(--h2_typography-font-family);--awb-caption-title-font-weight:var(--h2_typography-font-weight);--awb-caption-title-font-style:var(--h2_typography-font-style);--awb-caption-title-size:var(--h2_typography-font-size);--awb-caption-title-transform:var(--h2_typography-text-transform);--awb-caption-title-line-height:var(--h2_typography-line-height);--awb-caption-title-letter-spacing:var(--h2_typography-letter-spacing);\"><span class=\" fusion-imageframe imageframe-none imageframe-1 hover-type-none\"><img decoding=\"async\" width=\"1200\" height=\"1200\"  src=\"https:\/\/pro.alfaforni.com\/wp-content\/uploads\/2025\/12\/Tavelle.jpg\" class=\"img-responsive wp-image-71628\" srcset=\"https:\/\/pro.alfaforni.com\/wp-content\/uploads\/2025\/12\/Tavelle-400x400.jpg 400w, https:\/\/pro.alfaforni.com\/wp-content\/uploads\/2025\/12\/Tavelle-600x600.jpg 600w, https:\/\/pro.alfaforni.com\/wp-content\/uploads\/2025\/12\/Tavelle-800x800.jpg 800w, https:\/\/pro.alfaforni.com\/wp-content\/uploads\/2025\/12\/Tavelle.jpg 1200w\" sizes=\"(max-width: 640px) 100vw, 600px\" alt=\"\"><\/span><\/div><div class=\"fusion-text fusion-text-2\"><h1><span style=\"font-weight: 400;\">Tavella\u00a0refrattaria prodotta in house<\/span><\/h1>\n<p><span style=\"font-weight: 400;\">Il cuore di ogni forno Alfa \u00e8 la sua tavella refrattaria, un elemento distintivo che nasce interamente in casa. La tavella Alfa \u00e8 prodotta nella storica fornace di Anagni (FR) seguendo la stessa ricetta esclusiva da oltre 50 anni, custodita e perfezionata nel tempo.<\/span><\/p>\n<p><span style=\"font-weight: 400;\">L\u2019elevato contenuto di allumina conferisce il caratteristico colore rosso mattone e garantisce una straordinaria inerzia termica, fondamentale per una cottura uniforme, stabile e costante. Il risultato \u00e8 una base che accumula e rilascia il calore in modo ottimale, valorizzando ogni impasto e assicurando prestazioni affidabili anche nei ritmi pi\u00f9 intensi di una pizzeria.<\/span><\/p>\n<\/div><\/div><\/div><div class=\"fusion-layout-column fusion_builder_column fusion-builder-column-4 fusion_builder_column_1_2 1_2 fusion-flex-column\" style=\"--awb-bg-size:cover;--awb-width-large:50%;--awb-margin-top-large:0px;--awb-spacing-right-large:3.84%;--awb-margin-bottom-large:20px;--awb-spacing-left-large:3.84%;--awb-width-medium:50%;--awb-order-medium:0;--awb-spacing-right-medium:3.84%;--awb-spacing-left-medium:3.84%;--awb-width-small:100%;--awb-order-small:0;--awb-spacing-right-small:1.92%;--awb-spacing-left-small:1.92%;\"><div class=\"fusion-column-wrapper fusion-column-has-shadow fusion-flex-justify-content-flex-start fusion-content-layout-column\"><div class=\"fusion-image-element fusion-no-small-visibility\" style=\"--awb-caption-title-font-family:var(--h2_typography-font-family);--awb-caption-title-font-weight:var(--h2_typography-font-weight);--awb-caption-title-font-style:var(--h2_typography-font-style);--awb-caption-title-size:var(--h2_typography-font-size);--awb-caption-title-transform:var(--h2_typography-text-transform);--awb-caption-title-line-height:var(--h2_typography-line-height);--awb-caption-title-letter-spacing:var(--h2_typography-letter-spacing);\"><span class=\" fusion-imageframe imageframe-none imageframe-2 hover-type-none\"><img decoding=\"async\" width=\"1200\" height=\"1200\"  src=\"https:\/\/pro.alfaforni.com\/wp-content\/uploads\/2025\/12\/Tavelle.jpg\" class=\"img-responsive wp-image-71628\" srcset=\"https:\/\/pro.alfaforni.com\/wp-content\/uploads\/2025\/12\/Tavelle-400x400.jpg 400w, https:\/\/pro.alfaforni.com\/wp-content\/uploads\/2025\/12\/Tavelle-600x600.jpg 600w, https:\/\/pro.alfaforni.com\/wp-content\/uploads\/2025\/12\/Tavelle-800x800.jpg 800w, https:\/\/pro.alfaforni.com\/wp-content\/uploads\/2025\/12\/Tavelle.jpg 1200w\" sizes=\"(max-width: 640px) 100vw, 600px\" alt=\"\"><\/span><\/div><\/div><\/div><\/div><\/div><div class=\"fusion-fullwidth fullwidth-box fusion-builder-row-3 fusion-flex-container has-pattern-background has-mask-background nonhundred-percent-fullwidth non-hundred-percent-height-scrolling\" style=\"--awb-border-radius-top-left:0px;--awb-border-radius-top-right:0px;--awb-border-radius-bottom-right:0px;--awb-border-radius-bottom-left:0px;--awb-margin-top:100px;--awb-margin-bottom:100px;--awb-flex-wrap:wrap;\" ><div class=\"fusion-builder-row fusion-row fusion-flex-align-items-flex-start fusion-flex-content-wrap\" style=\"max-width:1248px;margin-left: calc(-4% \/ 2 );margin-right: calc(-4% \/ 2 );\"><div class=\"fusion-layout-column fusion_builder_column fusion-builder-column-5 fusion_builder_column_1_2 1_2 fusion-flex-column\" style=\"--awb-bg-size:cover;--awb-width-large:50%;--awb-margin-top-large:0px;--awb-spacing-right-large:3.84%;--awb-margin-bottom-large:20px;--awb-spacing-left-large:3.84%;--awb-width-medium:50%;--awb-order-medium:0;--awb-spacing-right-medium:3.84%;--awb-spacing-left-medium:3.84%;--awb-width-small:100%;--awb-order-small:0;--awb-spacing-right-small:1.92%;--awb-spacing-left-small:1.92%;\"><div class=\"fusion-column-wrapper fusion-column-has-shadow fusion-flex-justify-content-flex-start fusion-content-layout-column\"><div class=\"fusion-image-element \" style=\"--awb-caption-title-font-family:var(--h2_typography-font-family);--awb-caption-title-font-weight:var(--h2_typography-font-weight);--awb-caption-title-font-style:var(--h2_typography-font-style);--awb-caption-title-size:var(--h2_typography-font-size);--awb-caption-title-transform:var(--h2_typography-text-transform);--awb-caption-title-line-height:var(--h2_typography-line-height);--awb-caption-title-letter-spacing:var(--h2_typography-letter-spacing);\"><span class=\" fusion-imageframe imageframe-none imageframe-3 hover-type-none\"><img decoding=\"async\" width=\"1200\" height=\"1200\"  src=\"https:\/\/pro.alfaforni.com\/wp-content\/uploads\/2025\/12\/AlfaSpecial1.jpg\" class=\"img-responsive wp-image-72047\" srcset=\"https:\/\/pro.alfaforni.com\/wp-content\/uploads\/2025\/12\/AlfaSpecial1-400x400.jpg 400w, https:\/\/pro.alfaforni.com\/wp-content\/uploads\/2025\/12\/AlfaSpecial1-600x600.jpg 600w, https:\/\/pro.alfaforni.com\/wp-content\/uploads\/2025\/12\/AlfaSpecial1-800x800.jpg 800w, https:\/\/pro.alfaforni.com\/wp-content\/uploads\/2025\/12\/AlfaSpecial1.jpg 1200w\" sizes=\"(max-width: 640px) 100vw, 600px\" alt=\"\"><\/span><\/div><\/div><\/div><div class=\"fusion-layout-column fusion_builder_column fusion-builder-column-6 fusion_builder_column_1_2 1_2 fusion-flex-column\" style=\"--awb-bg-size:cover;--awb-width-large:50%;--awb-margin-top-large:0px;--awb-spacing-right-large:3.84%;--awb-margin-bottom-large:20px;--awb-spacing-left-large:3.84%;--awb-width-medium:50%;--awb-order-medium:0;--awb-spacing-right-medium:3.84%;--awb-spacing-left-medium:3.84%;--awb-width-small:100%;--awb-order-small:0;--awb-spacing-right-small:1.92%;--awb-spacing-left-small:1.92%;\"><div class=\"fusion-column-wrapper fusion-column-has-shadow fusion-flex-justify-content-flex-start fusion-content-layout-column\"><div class=\"fusion-text fusion-text-3\"><h1><span style=\"font-weight: 400;\">Accesi in pizzeria dal 1977<\/span><\/h1>\n<p><span style=\"font-weight: 400;\">Dal 1977, i forni Alfa sono accesi ogni giorno nelle pizzerie di tutto il mondo. \u00c8 l\u2019anno in cui Marcello Ortuso e Rocco Lauro fondano l\u2019azienda, dando inizio a una storia fatta di passione, competenza tecnica e profonda conoscenza della cottura della pizza.<\/span><\/p>\n<p><span style=\"font-weight: 400;\">Da allora, ogni forno Alfa viene progettato con un obiettivo chiaro: durare nel tempo. Materiali robusti, soluzioni costruttive collaudate e attenzione ai dettagli rendono i forni Alfa strumenti affidabili, pensati per accompagnare il lavoro quotidiano dei pizzaioli e passare di mano in mano, generazione dopo generazione.<\/span><\/p>\n<\/div><\/div><\/div><\/div><\/div><div class=\"fusion-fullwidth fullwidth-box fusion-builder-row-4 fusion-flex-container has-pattern-background has-mask-background nonhundred-percent-fullwidth non-hundred-percent-height-scrolling\" style=\"--awb-border-radius-top-left:0px;--awb-border-radius-top-right:0px;--awb-border-radius-bottom-right:0px;--awb-border-radius-bottom-left:0px;--awb-margin-top:100px;--awb-margin-bottom:100px;--awb-flex-wrap:wrap;\" ><div class=\"fusion-builder-row fusion-row fusion-flex-align-items-flex-start fusion-flex-content-wrap\" style=\"max-width:1248px;margin-left: calc(-4% \/ 2 );margin-right: calc(-4% \/ 2 );\"><div class=\"fusion-layout-column fusion_builder_column fusion-builder-column-7 fusion_builder_column_1_2 1_2 fusion-flex-column\" style=\"--awb-bg-size:cover;--awb-width-large:50%;--awb-margin-top-large:0px;--awb-spacing-right-large:3.84%;--awb-margin-bottom-large:20px;--awb-spacing-left-large:3.84%;--awb-width-medium:50%;--awb-order-medium:0;--awb-spacing-right-medium:3.84%;--awb-spacing-left-medium:3.84%;--awb-width-small:100%;--awb-order-small:0;--awb-spacing-right-small:1.92%;--awb-spacing-left-small:1.92%;\"><div class=\"fusion-column-wrapper fusion-column-has-shadow fusion-flex-justify-content-flex-start fusion-content-layout-column\"><div class=\"fusion-image-element fusion-no-medium-visibility fusion-no-large-visibility\" style=\"--awb-caption-title-font-family:var(--h2_typography-font-family);--awb-caption-title-font-weight:var(--h2_typography-font-weight);--awb-caption-title-font-style:var(--h2_typography-font-style);--awb-caption-title-size:var(--h2_typography-font-size);--awb-caption-title-transform:var(--h2_typography-text-transform);--awb-caption-title-line-height:var(--h2_typography-line-height);--awb-caption-title-letter-spacing:var(--h2_typography-letter-spacing);\"><span class=\" fusion-imageframe imageframe-none imageframe-4 hover-type-none\"><img decoding=\"async\" width=\"1200\" height=\"1200\"  src=\"https:\/\/pro.alfaforni.com\/wp-content\/uploads\/2025\/12\/Easy-to-operate.jpg\" class=\"img-responsive wp-image-71643\" srcset=\"https:\/\/pro.alfaforni.com\/wp-content\/uploads\/2025\/12\/Easy-to-operate-400x400.jpg 400w, https:\/\/pro.alfaforni.com\/wp-content\/uploads\/2025\/12\/Easy-to-operate-600x600.jpg 600w, https:\/\/pro.alfaforni.com\/wp-content\/uploads\/2025\/12\/Easy-to-operate-800x800.jpg 800w, https:\/\/pro.alfaforni.com\/wp-content\/uploads\/2025\/12\/Easy-to-operate.jpg 1200w\" sizes=\"(max-width: 640px) 100vw, 600px\" alt=\"\"><\/span><\/div><div class=\"fusion-text fusion-text-4\"><h1><span style=\"font-weight: 400;\">Facili da usare<\/span><\/h1>\n<p><span style=\"font-weight: 400;\">I forni Alfa sono progettati per essere semplici da utilizzare e immediati da controllare, anche nei contesti di lavoro pi\u00f9 dinamici. L\u2019interfaccia intuitiva, la gestione precisa della temperatura e la stabilit\u00e0 delle prestazioni permettono di ridurre i tempi di apprendimento, ottimizzare i flussi di lavoro e limitare sprechi di energia e materie prime.<\/span><\/p>\n<p><span style=\"font-weight: 400;\">Questo significa maggiore efficienza operativa, meno margine di errore e pi\u00f9 tempo da dedicare alla qualit\u00e0 del prodotto e al servizio, con un impatto concreto sulla redditivit\u00e0 del business.<\/span><\/p>\n<\/div><\/div><\/div><div class=\"fusion-layout-column fusion_builder_column fusion-builder-column-8 fusion_builder_column_1_2 1_2 fusion-flex-column\" style=\"--awb-bg-size:cover;--awb-width-large:50%;--awb-margin-top-large:0px;--awb-spacing-right-large:3.84%;--awb-margin-bottom-large:20px;--awb-spacing-left-large:3.84%;--awb-width-medium:50%;--awb-order-medium:0;--awb-spacing-right-medium:3.84%;--awb-spacing-left-medium:3.84%;--awb-width-small:100%;--awb-order-small:0;--awb-spacing-right-small:1.92%;--awb-spacing-left-small:1.92%;\"><div class=\"fusion-column-wrapper fusion-column-has-shadow fusion-flex-justify-content-flex-start fusion-content-layout-column\"><div class=\"fusion-image-element fusion-no-small-visibility\" style=\"--awb-caption-title-font-family:var(--h2_typography-font-family);--awb-caption-title-font-weight:var(--h2_typography-font-weight);--awb-caption-title-font-style:var(--h2_typography-font-style);--awb-caption-title-size:var(--h2_typography-font-size);--awb-caption-title-transform:var(--h2_typography-text-transform);--awb-caption-title-line-height:var(--h2_typography-line-height);--awb-caption-title-letter-spacing:var(--h2_typography-letter-spacing);\"><span class=\" fusion-imageframe imageframe-none imageframe-5 hover-type-none\"><img decoding=\"async\" width=\"1200\" height=\"1200\"  src=\"https:\/\/pro.alfaforni.com\/wp-content\/uploads\/2025\/12\/Easy-to-operate.jpg\" class=\"img-responsive wp-image-71643\" srcset=\"https:\/\/pro.alfaforni.com\/wp-content\/uploads\/2025\/12\/Easy-to-operate-400x400.jpg 400w, https:\/\/pro.alfaforni.com\/wp-content\/uploads\/2025\/12\/Easy-to-operate-600x600.jpg 600w, https:\/\/pro.alfaforni.com\/wp-content\/uploads\/2025\/12\/Easy-to-operate-800x800.jpg 800w, https:\/\/pro.alfaforni.com\/wp-content\/uploads\/2025\/12\/Easy-to-operate.jpg 1200w\" sizes=\"(max-width: 640px) 100vw, 600px\" alt=\"\"><\/span><\/div><\/div><\/div><\/div><\/div><div class=\"fusion-fullwidth fullwidth-box fusion-builder-row-5 fusion-flex-container has-pattern-background has-mask-background nonhundred-percent-fullwidth non-hundred-percent-height-scrolling\" style=\"--awb-border-radius-top-left:0px;--awb-border-radius-top-right:0px;--awb-border-radius-bottom-right:0px;--awb-border-radius-bottom-left:0px;--awb-margin-top:100px;--awb-flex-wrap:wrap;\" ><div class=\"fusion-builder-row fusion-row fusion-flex-align-items-flex-start fusion-flex-content-wrap\" style=\"max-width:1248px;margin-left: calc(-4% \/ 2 );margin-right: calc(-4% \/ 2 );\"><div class=\"fusion-layout-column fusion_builder_column fusion-builder-column-9 fusion_builder_column_1_2 1_2 fusion-flex-column\" style=\"--awb-bg-size:cover;--awb-width-large:50%;--awb-margin-top-large:0px;--awb-spacing-right-large:3.84%;--awb-margin-bottom-large:20px;--awb-spacing-left-large:3.84%;--awb-width-medium:50%;--awb-order-medium:0;--awb-spacing-right-medium:3.84%;--awb-spacing-left-medium:3.84%;--awb-width-small:100%;--awb-order-small:0;--awb-spacing-right-small:1.92%;--awb-spacing-left-small:1.92%;\"><div class=\"fusion-column-wrapper fusion-column-has-shadow fusion-flex-justify-content-flex-start fusion-content-layout-column\"><div class=\"fusion-image-element \" style=\"--awb-caption-title-font-family:var(--h2_typography-font-family);--awb-caption-title-font-weight:var(--h2_typography-font-weight);--awb-caption-title-font-style:var(--h2_typography-font-style);--awb-caption-title-size:var(--h2_typography-font-size);--awb-caption-title-transform:var(--h2_typography-text-transform);--awb-caption-title-line-height:var(--h2_typography-line-height);--awb-caption-title-letter-spacing:var(--h2_typography-letter-spacing);\"><span class=\" fusion-imageframe imageframe-none imageframe-6 hover-type-none\"><img decoding=\"async\" width=\"2000\" height=\"2000\"  src=\"https:\/\/pro.alfaforni.com\/wp-content\/uploads\/2025\/12\/Categorie.jpg\" class=\"img-responsive wp-image-71649\" srcset=\"https:\/\/pro.alfaforni.com\/wp-content\/uploads\/2025\/12\/Categorie-400x400.jpg 400w, https:\/\/pro.alfaforni.com\/wp-content\/uploads\/2025\/12\/Categorie-600x600.jpg 600w, https:\/\/pro.alfaforni.com\/wp-content\/uploads\/2025\/12\/Categorie-800x800.jpg 800w, https:\/\/pro.alfaforni.com\/wp-content\/uploads\/2025\/12\/Categorie-1200x1200.jpg 1200w, https:\/\/pro.alfaforni.com\/wp-content\/uploads\/2025\/12\/Categorie.jpg 2000w\" sizes=\"(max-width: 640px) 100vw, 600px\" alt=\"\"><\/span><\/div><\/div><\/div><div class=\"fusion-layout-column fusion_builder_column fusion-builder-column-10 fusion_builder_column_1_2 1_2 fusion-flex-column\" style=\"--awb-bg-size:cover;--awb-width-large:50%;--awb-margin-top-large:0px;--awb-spacing-right-large:3.84%;--awb-margin-bottom-large:20px;--awb-spacing-left-large:3.84%;--awb-width-medium:50%;--awb-order-medium:0;--awb-spacing-right-medium:3.84%;--awb-spacing-left-medium:3.84%;--awb-width-small:100%;--awb-order-small:0;--awb-spacing-right-small:1.92%;--awb-spacing-left-small:1.92%;\"><div class=\"fusion-column-wrapper fusion-column-has-shadow fusion-flex-justify-content-flex-start fusion-content-layout-column\"><div class=\"fusion-text fusion-text-5\"><h1><span style=\"font-weight: 400;\">Forni per pizza per ogni esigenza<\/span><\/h1>\n<p><span style=\"font-weight: 400;\">Ogni attivit\u00e0 ha esigenze diverse, e Alfa Forni lo sa. Dalla pizzeria ad alta produttivit\u00e0 oraria al resort sul mare, dal bistrot urbano al food truck, la gamma Alfa copre un ampio spettro di soluzioni pensate per adattarsi a spazi, volumi e stili di servizio differenti.<\/span><\/p>\n<p><span style=\"font-weight: 400;\">Con i forni Alfa, ogni professionista pu\u00f2 trovare il modello pi\u00f9 adatto al proprio progetto, senza compromessi su qualit\u00e0, prestazioni e affidabilit\u00e0. Una gamma completa, modulare e flessibile, progettata per crescere insieme al tuo business.<\/span><\/p>\n<\/div><\/div><\/div><\/div><\/div><\/p>\n","protected":false},"excerpt":{"rendered":"","protected":false},"author":1156,"featured_media":71657,"parent":0,"menu_order":0,"comment_status":"closed","ping_status":"closed","template":"100-width.php","meta":{"_acf_changed":false,"footnotes":""},"class_list":["post-71621","page","type-page","status-publish","has-post-thumbnail","hentry"],"acf":[],"_links":{"self":[{"href":"https:\/\/pro.alfaforni.com\/it\/wp-json\/wp\/v2\/pages\/71621","targetHints":{"allow":["GET"]}}],"collection":[{"href":"https:\/\/pro.alfaforni.com\/it\/wp-json\/wp\/v2\/pages"}],"about":[{"href":"https:\/\/pro.alfaforni.com\/it\/wp-json\/wp\/v2\/types\/page"}],"author":[{"embeddable":true,"href":"https:\/\/pro.alfaforni.com\/it\/wp-json\/wp\/v2\/users\/1156"}],"replies":[{"embeddable":true,"href":"https:\/\/pro.alfaforni.com\/it\/wp-json\/wp\/v2\/comments?post=71621"}],"version-history":[{"count":28,"href":"https:\/\/pro.alfaforni.com\/it\/wp-json\/wp\/v2\/pages\/71621\/revisions"}],"predecessor-version":[{"id":72421,"href":"https:\/\/pro.alfaforni.com\/it\/wp-json\/wp\/v2\/pages\/71621\/revisions\/72421"}],"wp:featuredmedia":[{"embeddable":true,"href":"https:\/\/pro.alfaforni.com\/it\/wp-json\/wp\/v2\/media\/71657"}],"wp:attachment":[{"href":"https:\/\/pro.alfaforni.com\/it\/wp-json\/wp\/v2\/media?parent=71621"}],"curies":[{"name":"wp","href":"https:\/\/api.w.org\/{rel}","templated":true}]}}