{"id":103,"date":"2018-05-25T11:04:33","date_gmt":"2018-05-25T09:04:33","guid":{"rendered":"https:\/\/pro.alfaforni.com\/?page_id=103"},"modified":"2024-11-06T09:45:43","modified_gmt":"2024-11-06T08:45:43","slug":"diventa-un-rivenditore","status":"publish","type":"page","link":"https:\/\/pro.alfaforni.com\/it\/diventa-un-rivenditore\/","title":{"rendered":"Diventa un rivenditore"},"content":{"rendered":"<p><div class=\"fusion-fullwidth fullwidth-box fusion-builder-row-1 fusion-flex-container has-pattern-background has-mask-background nonhundred-percent-fullwidth non-hundred-percent-height-scrolling\" style=\"--awb-border-radius-top-left:0px;--awb-border-radius-top-right:0px;--awb-border-radius-bottom-right:0px;--awb-border-radius-bottom-left:0px;--awb-padding-top:40px;--awb-padding-bottom:80px;--awb-padding-top-medium:0px;--awb-flex-wrap:wrap;\" ><div class=\"fusion-builder-row fusion-row fusion-flex-align-items-flex-start fusion-flex-content-wrap\" style=\"max-width:1248px;margin-left: calc(-4% \/ 2 );margin-right: calc(-4% \/ 2 );\"><div class=\"fusion-layout-column fusion_builder_column fusion-builder-column-0 fusion_builder_column_1_2 1_2 fusion-flex-column\" style=\"--awb-bg-size:cover;--awb-width-large:50%;--awb-margin-top-large:-30px;--awb-spacing-right-large:3.84%;--awb-margin-bottom-large:20px;--awb-spacing-left-large:3.84%;--awb-width-medium:50%;--awb-order-medium:0;--awb-spacing-right-medium:3.84%;--awb-spacing-left-medium:3.84%;--awb-width-small:100%;--awb-order-small:0;--awb-spacing-right-small:1.92%;--awb-spacing-left-small:1.92%;\"><div class=\"fusion-column-wrapper fusion-column-has-shadow fusion-flex-justify-content-flex-start fusion-content-layout-column\"><div class=\"fusion-text fusion-text-1\"><h1>Perch\u00e9 diventare un partner Alfa?<\/h1>\n<h3>Siamo una realt\u00e0 in continua crescita, Alfa \u00e8 alla ricerca di rivenditori qualificati in molte aree di mercato.<\/h3>\n<p>Da quarant\u2019anni la nostra forza \u00e8 la passione, ma anche la voglia di mantenere una conduzione familiare senza limitare la spinta all\u2019innovazione continua e alla commercializzazione in tutto il mondo. Una grande famiglia, che abbraccia anche tutta le rete dei nostri collaboratori, dei rivenditori e dei fornitori, e che vuole essere prima di tutto una filiera di qualit\u00e0. In questi anni abbiamo venduto pi\u00f9 di 500.000 forni in tutto il mondo e questo \u00e8 segno di affidabilit\u00e0, innovazione costante ed alta tecnologia.<\/p>\n<p>Alfa mette al primo posto la soddisfazione dei suoi partner. Sistema di assistenza online, un team di customer service al servizio del cliente, un commerciale dedicato al tuo servizio per orientarti nell\u2019esposizione sul punto vendita, formarti sul prodotto per avere il massimo del rendimento in vendite.<\/p>\n<\/div><\/div><\/div><div class=\"fusion-layout-column fusion_builder_column fusion-builder-column-1 fusion_builder_column_1_2 1_2 fusion-flex-column\" style=\"--awb-bg-size:cover;--awb-width-large:50%;--awb-margin-top-large:0px;--awb-spacing-right-large:3.84%;--awb-margin-bottom-large:20px;--awb-spacing-left-large:3.84%;--awb-width-medium:50%;--awb-order-medium:0;--awb-spacing-right-medium:3.84%;--awb-spacing-left-medium:3.84%;--awb-width-small:100%;--awb-order-small:0;--awb-spacing-right-small:1.92%;--awb-spacing-left-small:1.92%;\"><div class=\"fusion-column-wrapper fusion-column-has-shadow fusion-flex-justify-content-flex-start fusion-content-layout-column\"><div class=\"fusion-text fusion-text-2\"><h3>Scopri come \u00e8 possibile far parte del team rivenditore, inserisci i tuoi dati nel modulo sottostante.<\/h3>\n<\/div><!--[if lte IE 8]>\n<script data-wpfc-render=\"false\" charset=\"utf-8\" type=\"text\/javascript\" src=\"\/\/js.hsforms.net\/forms\/v2-legacy.js\"><\/script>\n<![endif]-->\n<script data-wpfc-render=\"false\" charset=\"utf-8\" type=\"text\/javascript\" src=\"\/\/js.hsforms.net\/forms\/v2.js\"><\/script>\n<script>\n  hbspt.forms.create({\n\tportalId: \"4295316\",\n\tformId: \"d8f9aeca-fbe4-4b3c-8290-a7bd50755da4\"\n});\n<\/script><\/div><\/div><\/div><\/div><div class=\"fusion-fullwidth fullwidth-box fusion-builder-row-2 fusion-flex-container has-pattern-background has-mask-background nonhundred-percent-fullwidth non-hundred-percent-height-scrolling\" style=\"--awb-border-radius-top-left:0px;--awb-border-radius-top-right:0px;--awb-border-radius-bottom-right:0px;--awb-border-radius-bottom-left:0px;--awb-padding-top:60px;--awb-padding-bottom:60px;--awb-background-color:#2c2125;--awb-flex-wrap:wrap;\" ><div class=\"fusion-builder-row fusion-row fusion-flex-align-items-flex-start fusion-flex-content-wrap\" style=\"max-width:1248px;margin-left: calc(-4% \/ 2 );margin-right: calc(-4% \/ 2 );\"><div class=\"fusion-layout-column fusion_builder_column fusion-builder-column-2 fusion_builder_column_1_3 1_3 fusion-flex-column\" style=\"--awb-bg-size:cover;--awb-width-large:33.333333333333%;--awb-margin-top-large:0px;--awb-spacing-right-large:5.76%;--awb-margin-bottom-large:20px;--awb-spacing-left-large:5.76%;--awb-width-medium:33.333333333333%;--awb-order-medium:0;--awb-spacing-right-medium:5.76%;--awb-spacing-left-medium:5.76%;--awb-width-small:100%;--awb-order-small:0;--awb-spacing-right-small:1.92%;--awb-spacing-left-small:1.92%;\"><div class=\"fusion-column-wrapper fusion-column-has-shadow fusion-flex-justify-content-flex-start fusion-content-layout-column\"><div class=\"fusion-image-element \" style=\"--awb-margin-bottom:20px;--awb-caption-title-font-family:var(--h2_typography-font-family);--awb-caption-title-font-weight:var(--h2_typography-font-weight);--awb-caption-title-font-style:var(--h2_typography-font-style);--awb-caption-title-size:var(--h2_typography-font-size);--awb-caption-title-transform:var(--h2_typography-text-transform);--awb-caption-title-line-height:var(--h2_typography-line-height);--awb-caption-title-letter-spacing:var(--h2_typography-letter-spacing);\"><span class=\" fusion-imageframe imageframe-none imageframe-1 hover-type-none\"><img decoding=\"async\" width=\"78\" height=\"78\"  src=\"http:\/\/www.alfaforni.com\/wp-content\/uploads\/2021\/12\/alfa-forni-carrello-icon.png\" class=\"img-responsive wp-image-25840\" alt=\"\" srcset=\"https:\/\/pro.alfaforni.com\/wp-content\/uploads\/2021\/12\/alfa-forni-carrello-icon.png 78w, https:\/\/pro.alfaforni.com\/wp-content\/uploads\/2021\/12\/alfa-forni-carrello-icon-1024x1024.png 1024w\" sizes=\"(max-width: 78px) 100vw, 78px\" \/><\/span><\/div><div class=\"fusion-text fusion-text-3\"><h4><span style=\"color: #ffffff;\">Il forno a legna rappresenta un upgrade per i tuoi clienti.<\/span><\/h4>\n<p><span style=\"color: #ffffff;\">Nel mondo del BBQ e della cucina outdoor, lo strumento del forno si sta facendo strada in modo sempre pi\u00f9 dilagante.&nbsp;<strong>Gli appassionati<\/strong>&nbsp;cercano nuovi strumenti di cottura che possano dare diverse possibilit\u00e0 rispetto alla griglia classica, i&nbsp;<strong>neofiti<\/strong>&nbsp;cercano soluzioni versatili e pratiche per cominciare a cucinare all\u2019aperto e&nbsp;<strong>gli amanti dell\u2019outdoor Kitchen design<\/strong>&nbsp;cercano un prodotto che possa arredare il loro spazio esterno.<\/span><\/p>\n<\/div><\/div><\/div><div class=\"fusion-layout-column fusion_builder_column fusion-builder-column-3 fusion_builder_column_1_3 1_3 fusion-flex-column\" style=\"--awb-bg-size:cover;--awb-width-large:33.333333333333%;--awb-margin-top-large:0px;--awb-spacing-right-large:5.76%;--awb-margin-bottom-large:20px;--awb-spacing-left-large:5.76%;--awb-width-medium:33.333333333333%;--awb-order-medium:0;--awb-spacing-right-medium:5.76%;--awb-spacing-left-medium:5.76%;--awb-width-small:100%;--awb-order-small:0;--awb-spacing-right-small:1.92%;--awb-spacing-left-small:1.92%;\"><div class=\"fusion-column-wrapper fusion-column-has-shadow fusion-flex-justify-content-flex-start fusion-content-layout-column\"><div class=\"fusion-image-element \" style=\"--awb-margin-bottom:20px;--awb-max-width:78px;--awb-caption-title-font-family:var(--h2_typography-font-family);--awb-caption-title-font-weight:var(--h2_typography-font-weight);--awb-caption-title-font-style:var(--h2_typography-font-style);--awb-caption-title-size:var(--h2_typography-font-size);--awb-caption-title-transform:var(--h2_typography-text-transform);--awb-caption-title-line-height:var(--h2_typography-line-height);--awb-caption-title-letter-spacing:var(--h2_typography-letter-spacing);\"><span class=\" fusion-imageframe imageframe-none imageframe-2 hover-type-none\"><img decoding=\"async\" width=\"512\" height=\"512\"  src=\"http:\/\/www.alfaforni.com\/wp-content\/uploads\/2021\/12\/cropped-alfa-favicon.png\" class=\"img-responsive wp-image-25847\" alt=\"\" srcset=\"https:\/\/pro.alfaforni.com\/wp-content\/uploads\/2021\/12\/cropped-alfa-favicon-100x100.png 100w, https:\/\/pro.alfaforni.com\/wp-content\/uploads\/2021\/12\/cropped-alfa-favicon-300x300.png 300w, https:\/\/pro.alfaforni.com\/wp-content\/uploads\/2021\/12\/cropped-alfa-favicon-500x500.png 500w, https:\/\/pro.alfaforni.com\/wp-content\/uploads\/2021\/12\/cropped-alfa-favicon.png 512w, https:\/\/pro.alfaforni.com\/wp-content\/uploads\/2021\/12\/cropped-alfa-favicon-1024x1024.png 1024w\" sizes=\"(max-width: 512px) 100vw, 512px\" \/><\/span><\/div><div class=\"fusion-text fusion-text-4\"><h4><span style=\"color: #ffffff;\">C\u2019\u00e8 una soluzione Alfa per tutti i tuoi clienti!<\/span><\/h4>\n<p><span style=\"color: #ffffff;\">Dal forno&nbsp;<b><a style=\"color: #ffffff;\" href=\"\/it\/prodotto\/forno-classico-4-pizze-legna-gas\/\" target=\"_blank\" rel=\"noopener noreferrer\">4 Pizze<\/a><\/b>, il forno per gli appassionati che vogliono, con la cottura a legna, avvicinarsi anche al mondo della panificazione, al&nbsp;<b><a style=\"color: #ffffff;\" href=\"\/it\/prodotto\/forno-moderno-1-pizza-legna-gas\/\" target=\"_blank\" rel=\"noopener noreferrer\">ONE<\/a><\/b>, per i neofiti, che nella versione a gas offre una soluzione di un forno facile, veloce, pulito e da mettere anche in balcone, al&nbsp;<b><a style=\"color: #ffffff;\" href=\"\/it\/prodotto\/forno-classico-4-pizze-legna-gas\/\" target=\"_blank\" rel=\"noopener noreferrer\">Dolce Vita<\/a><\/b>, per gli amanti delle cucine da esterno, che in versione counter top \u00e8 perfetto per essere installato nelle cucine da esterno pi\u00f9 lussuose.<\/span><\/p>\n<\/div><\/div><\/div><div class=\"fusion-layout-column fusion_builder_column fusion-builder-column-4 fusion_builder_column_1_3 1_3 fusion-flex-column\" style=\"--awb-bg-size:cover;--awb-width-large:33.333333333333%;--awb-margin-top-large:0px;--awb-spacing-right-large:5.76%;--awb-margin-bottom-large:20px;--awb-spacing-left-large:5.76%;--awb-width-medium:33.333333333333%;--awb-order-medium:0;--awb-spacing-right-medium:5.76%;--awb-spacing-left-medium:5.76%;--awb-width-small:100%;--awb-order-small:0;--awb-spacing-right-small:1.92%;--awb-spacing-left-small:1.92%;\"><div class=\"fusion-column-wrapper fusion-column-has-shadow fusion-flex-justify-content-flex-start fusion-content-layout-column\"><div class=\"fusion-image-element \" style=\"--awb-margin-bottom:20px;--awb-caption-title-font-family:var(--h2_typography-font-family);--awb-caption-title-font-weight:var(--h2_typography-font-weight);--awb-caption-title-font-style:var(--h2_typography-font-style);--awb-caption-title-size:var(--h2_typography-font-size);--awb-caption-title-transform:var(--h2_typography-text-transform);--awb-caption-title-line-height:var(--h2_typography-line-height);--awb-caption-title-letter-spacing:var(--h2_typography-letter-spacing);\"><span class=\" fusion-imageframe imageframe-none imageframe-3 hover-type-none\"><img decoding=\"async\" width=\"78\" height=\"78\"  src=\"http:\/\/www.alfaforni.com\/wp-content\/uploads\/2021\/12\/alfa-forni-fiamma-icon-.png\" class=\"img-responsive wp-image-25854\" alt=\"\" srcset=\"https:\/\/pro.alfaforni.com\/wp-content\/uploads\/2021\/12\/alfa-forni-fiamma-icon-.png 78w, https:\/\/pro.alfaforni.com\/wp-content\/uploads\/2021\/12\/alfa-forni-fiamma-icon--1024x1024.png 1024w\" sizes=\"(max-width: 78px) 100vw, 78px\" \/><\/span><\/div><div class=\"fusion-text fusion-text-5\"><h4><span style=\"color: #ffffff;\">Alfa investe ogni mese per far arrivare contatti al tuo punto vendita.<\/span><\/h4>\n<p><span style=\"color: #ffffff;\">Che tu sia un rivenditore specializzato di zona, online o un distributore, alfa mette in campo un investimento in marketing online per tutti i suoi partner: con un&nbsp;<strong>sito web<\/strong>&nbsp;che conta migliaia di utenti al giorno, centinaia di&nbsp;<strong>contatti<\/strong>&nbsp;quotidiani e con la presenza sui principali&nbsp;<strong>social.<\/strong><\/span><\/p>\n<\/div><\/div><\/div><\/div><\/div><div class=\"fusion-fullwidth fullwidth-box fusion-builder-row-3 fusion-flex-container has-pattern-background has-mask-background nonhundred-percent-fullwidth non-hundred-percent-height-scrolling\" style=\"--awb-border-radius-top-left:0px;--awb-border-radius-top-right:0px;--awb-border-radius-bottom-right:0px;--awb-border-radius-bottom-left:0px;--awb-padding-top:100px;--awb-padding-bottom:80px;--awb-flex-wrap:wrap;\" ><div class=\"fusion-builder-row fusion-row fusion-flex-align-items-flex-start fusion-flex-content-wrap\" style=\"max-width:1248px;margin-left: calc(-4% \/ 2 );margin-right: calc(-4% \/ 2 );\"><div class=\"fusion-layout-column fusion_builder_column fusion-builder-column-5 fusion_builder_column_1_1 1_1 fusion-flex-column\" style=\"--awb-bg-size:cover;--awb-width-large:100%;--awb-margin-top-large:0px;--awb-spacing-right-large:1.92%;--awb-margin-bottom-large:20px;--awb-spacing-left-large:1.92%;--awb-width-medium:100%;--awb-order-medium:0;--awb-spacing-right-medium:1.92%;--awb-spacing-left-medium:1.92%;--awb-width-small:100%;--awb-order-small:0;--awb-spacing-right-small:1.92%;--awb-spacing-left-small:1.92%;\"><div class=\"fusion-column-wrapper fusion-column-has-shadow fusion-flex-justify-content-flex-start fusion-content-layout-column\"><div class=\"fusion-text fusion-text-6\"><div style=\"padding:56.25% 0 0 0;position:relative;\"><iframe src=\"https:\/\/player.vimeo.com\/video\/283914192?h=aa4a21285e&amp;color=ffffff&amp;title=0&amp;byline=0&amp;portrait=0\" style=\"position:absolute;top:0;left:0;width:100%;height:100%;\" frameborder=\"0\" allow=\"autoplay; fullscreen; picture-in-picture\" allowfullscreen=\"\"><\/iframe><\/div>\n<\/div><\/div><\/div><\/div><\/div><\/p>\n","protected":false},"excerpt":{"rendered":"","protected":false},"author":1,"featured_media":7651,"parent":0,"menu_order":0,"comment_status":"closed","ping_status":"closed","template":"100-width.php","meta":{"_acf_changed":false,"footnotes":""},"class_list":["post-103","page","type-page","status-publish","has-post-thumbnail","hentry"],"acf":[],"_links":{"self":[{"href":"https:\/\/pro.alfaforni.com\/it\/wp-json\/wp\/v2\/pages\/103","targetHints":{"allow":["GET"]}}],"collection":[{"href":"https:\/\/pro.alfaforni.com\/it\/wp-json\/wp\/v2\/pages"}],"about":[{"href":"https:\/\/pro.alfaforni.com\/it\/wp-json\/wp\/v2\/types\/page"}],"author":[{"embeddable":true,"href":"https:\/\/pro.alfaforni.com\/it\/wp-json\/wp\/v2\/users\/1"}],"replies":[{"embeddable":true,"href":"https:\/\/pro.alfaforni.com\/it\/wp-json\/wp\/v2\/comments?post=103"}],"version-history":[{"count":6,"href":"https:\/\/pro.alfaforni.com\/it\/wp-json\/wp\/v2\/pages\/103\/revisions"}],"predecessor-version":[{"id":65321,"href":"https:\/\/pro.alfaforni.com\/it\/wp-json\/wp\/v2\/pages\/103\/revisions\/65321"}],"wp:featuredmedia":[{"embeddable":true,"href":"https:\/\/pro.alfaforni.com\/it\/wp-json\/wp\/v2\/media\/7651"}],"wp:attachment":[{"href":"https:\/\/pro.alfaforni.com\/it\/wp-json\/wp\/v2\/media?parent=103"}],"curies":[{"name":"wp","href":"https:\/\/api.w.org\/{rel}","templated":true}]}}