{"id":72427,"date":"2026-02-17T15:33:16","date_gmt":"2026-02-17T14:33:16","guid":{"rendered":"https:\/\/pro.alfaforni.com\/?page_id=72427"},"modified":"2026-02-17T16:49:35","modified_gmt":"2026-02-17T15:49:35","slug":"fours-alfa","status":"publish","type":"page","link":"https:\/\/pro.alfaforni.com\/fr\/fours-alfa\/","title":{"rendered":"Fours Alfa"},"content":{"rendered":"<p><div class=\"fusion-fullwidth fullwidth-box fusion-builder-row-1 fusion-flex-container has-pattern-background has-mask-background fusion-parallax-none nonhundred-percent-fullwidth non-hundred-percent-height-scrolling\" style=\"--awb-border-radius-top-left:0px;--awb-border-radius-top-right:0px;--awb-border-radius-bottom-right:0px;--awb-border-radius-bottom-left:0px;--awb-padding-top:150px;--awb-padding-bottom:150px;--awb-margin-top:-65px;--awb-background-image:url(&quot;https:\/\/pro.alfaforni.com\/wp-content\/uploads\/2025\/12\/QUICK-2-Pizze-4.jpg&quot;);--awb-background-size:cover;--awb-flex-wrap:wrap;\" ><div class=\"fusion-builder-row fusion-row fusion-flex-align-items-flex-start fusion-flex-content-wrap\" style=\"max-width:1248px;margin-left: calc(-4% \/ 2 );margin-right: calc(-4% \/ 2 );\"><div class=\"fusion-layout-column fusion_builder_column fusion-builder-column-0 fusion_builder_column_1_6 1_6 fusion-flex-column\" style=\"--awb-bg-size:cover;--awb-width-large:16.666666666667%;--awb-margin-top-large:0px;--awb-spacing-right-large:11.52%;--awb-margin-bottom-large:20px;--awb-spacing-left-large:11.52%;--awb-width-medium:16.666666666667%;--awb-order-medium:0;--awb-spacing-right-medium:11.52%;--awb-spacing-left-medium:11.52%;--awb-width-small:100%;--awb-order-small:0;--awb-spacing-right-small:1.92%;--awb-spacing-left-small:1.92%;\"><div class=\"fusion-column-wrapper fusion-column-has-shadow fusion-flex-justify-content-flex-start fusion-content-layout-column\"><\/div><\/div><div class=\"fusion-layout-column fusion_builder_column fusion-builder-column-1 fusion_builder_column_2_3 2_3 fusion-flex-column\" style=\"--awb-bg-size:cover;--awb-width-large:66.666666666667%;--awb-margin-top-large:0px;--awb-spacing-right-large:2.88%;--awb-margin-bottom-large:20px;--awb-spacing-left-large:2.88%;--awb-width-medium:66.666666666667%;--awb-order-medium:0;--awb-spacing-right-medium:2.88%;--awb-spacing-left-medium:2.88%;--awb-width-small:100%;--awb-order-small:0;--awb-spacing-right-small:1.92%;--awb-spacing-left-small:1.92%;\"><div class=\"fusion-column-wrapper fusion-column-has-shadow fusion-flex-justify-content-flex-start fusion-content-layout-column\"><div class=\"fusion-text fusion-text-1\" style=\"--awb-text-color:#ffffff;\"><h1 style=\"text-align: center;\"><span style=\"color: #ffffff;\">Fours Alfa<\/span><\/h1>\n<\/div><\/div><\/div><div class=\"fusion-layout-column fusion_builder_column fusion-builder-column-2 fusion_builder_column_1_6 1_6 fusion-flex-column\" style=\"--awb-bg-size:cover;--awb-width-large:16.666666666667%;--awb-margin-top-large:0px;--awb-spacing-right-large:11.52%;--awb-margin-bottom-large:20px;--awb-spacing-left-large:11.52%;--awb-width-medium:16.666666666667%;--awb-order-medium:0;--awb-spacing-right-medium:11.52%;--awb-spacing-left-medium:11.52%;--awb-width-small:100%;--awb-order-small:0;--awb-spacing-right-small:1.92%;--awb-spacing-left-small:1.92%;\"><div class=\"fusion-column-wrapper fusion-column-has-shadow fusion-flex-justify-content-flex-start fusion-content-layout-column\"><\/div><\/div><\/div><\/div><div class=\"fusion-fullwidth fullwidth-box fusion-builder-row-2 fusion-flex-container has-pattern-background has-mask-background nonhundred-percent-fullwidth non-hundred-percent-height-scrolling\" style=\"--awb-border-radius-top-left:0px;--awb-border-radius-top-right:0px;--awb-border-radius-bottom-right:0px;--awb-border-radius-bottom-left:0px;--awb-margin-top:100px;--awb-margin-bottom:100px;--awb-flex-wrap:wrap;\" ><div class=\"fusion-builder-row fusion-row fusion-flex-align-items-flex-start fusion-flex-content-wrap\" style=\"max-width:1248px;margin-left: calc(-4% \/ 2 );margin-right: calc(-4% \/ 2 );\"><div class=\"fusion-layout-column fusion_builder_column fusion-builder-column-3 fusion_builder_column_1_2 1_2 fusion-flex-column\" style=\"--awb-bg-size:cover;--awb-width-large:50%;--awb-margin-top-large:0px;--awb-spacing-right-large:3.84%;--awb-margin-bottom-large:20px;--awb-spacing-left-large:3.84%;--awb-width-medium:50%;--awb-order-medium:0;--awb-spacing-right-medium:3.84%;--awb-spacing-left-medium:3.84%;--awb-width-small:100%;--awb-order-small:0;--awb-spacing-right-small:1.92%;--awb-spacing-left-small:1.92%;\"><div class=\"fusion-column-wrapper fusion-column-has-shadow fusion-flex-justify-content-flex-start fusion-content-layout-column\"><div class=\"fusion-image-element fusion-no-medium-visibility fusion-no-large-visibility\" style=\"--awb-caption-title-font-family:var(--h2_typography-font-family);--awb-caption-title-font-weight:var(--h2_typography-font-weight);--awb-caption-title-font-style:var(--h2_typography-font-style);--awb-caption-title-size:var(--h2_typography-font-size);--awb-caption-title-transform:var(--h2_typography-text-transform);--awb-caption-title-line-height:var(--h2_typography-line-height);--awb-caption-title-letter-spacing:var(--h2_typography-letter-spacing);\"><span class=\" fusion-imageframe imageframe-none imageframe-1 hover-type-none\"><img decoding=\"async\" width=\"1200\" height=\"1200\"  src=\"https:\/\/pro.alfaforni.com\/wp-content\/uploads\/2025\/12\/Tavelle.jpg\" class=\"img-responsive wp-image-71630\" srcset=\"https:\/\/pro.alfaforni.com\/wp-content\/uploads\/2025\/12\/Tavelle-400x400.jpg 400w, https:\/\/pro.alfaforni.com\/wp-content\/uploads\/2025\/12\/Tavelle-600x600.jpg 600w, https:\/\/pro.alfaforni.com\/wp-content\/uploads\/2025\/12\/Tavelle-800x800.jpg 800w, https:\/\/pro.alfaforni.com\/wp-content\/uploads\/2025\/12\/Tavelle.jpg 1200w\" sizes=\"(max-width: 640px) 100vw, 600px\" alt=\"\"><\/span><\/div><div class=\"fusion-text fusion-text-2\"><h1><span style=\"font-weight: 400;\">Brique r\u00e9fractaire produite en interne<\/span><\/h1>\n<p><span style=\"font-weight: 400;\">Le c\u0153ur de chaque four Alfa est sa brique r\u00e9fractaire, un \u00e9l\u00e9ment distinctif enti\u00e8rement fabriqu\u00e9 en interne. La brique Alfa est produite dans la fournaise historique d\u2019Anagni (FR), selon la m\u00eame recette exclusive depuis plus de 50 ans, pr\u00e9serv\u00e9e et perfectionn\u00e9e au fil du temps.<\/span><\/p>\n<p><span style=\"font-weight: 400;\">La teneur \u00e9lev\u00e9e en alumine lui conf\u00e8re sa couleur rouge brique caract\u00e9ristique et garantit une inertie thermique exceptionnelle, essentielle pour une cuisson uniforme, stable et constante. Le r\u00e9sultat est une base qui accumule et restitue la chaleur de mani\u00e8re optimale, valorisant chaque p\u00e2te et assurant des performances fiables m\u00eame aux rythmes les plus intenses d\u2019une pizzeria.<\/span><\/p>\n<\/div><\/div><\/div><div class=\"fusion-layout-column fusion_builder_column fusion-builder-column-4 fusion_builder_column_1_2 1_2 fusion-flex-column\" style=\"--awb-bg-size:cover;--awb-width-large:50%;--awb-margin-top-large:0px;--awb-spacing-right-large:3.84%;--awb-margin-bottom-large:20px;--awb-spacing-left-large:3.84%;--awb-width-medium:50%;--awb-order-medium:0;--awb-spacing-right-medium:3.84%;--awb-spacing-left-medium:3.84%;--awb-width-small:100%;--awb-order-small:0;--awb-spacing-right-small:1.92%;--awb-spacing-left-small:1.92%;\"><div class=\"fusion-column-wrapper fusion-column-has-shadow fusion-flex-justify-content-flex-start fusion-content-layout-column\"><div class=\"fusion-image-element fusion-no-small-visibility\" style=\"--awb-caption-title-font-family:var(--h2_typography-font-family);--awb-caption-title-font-weight:var(--h2_typography-font-weight);--awb-caption-title-font-style:var(--h2_typography-font-style);--awb-caption-title-size:var(--h2_typography-font-size);--awb-caption-title-transform:var(--h2_typography-text-transform);--awb-caption-title-line-height:var(--h2_typography-line-height);--awb-caption-title-letter-spacing:var(--h2_typography-letter-spacing);\"><span class=\" fusion-imageframe imageframe-none imageframe-2 hover-type-none\"><img decoding=\"async\" width=\"1200\" height=\"1200\"  src=\"https:\/\/pro.alfaforni.com\/wp-content\/uploads\/2025\/12\/Tavelle.jpg\" class=\"img-responsive wp-image-71630\" srcset=\"https:\/\/pro.alfaforni.com\/wp-content\/uploads\/2025\/12\/Tavelle-400x400.jpg 400w, https:\/\/pro.alfaforni.com\/wp-content\/uploads\/2025\/12\/Tavelle-600x600.jpg 600w, https:\/\/pro.alfaforni.com\/wp-content\/uploads\/2025\/12\/Tavelle-800x800.jpg 800w, https:\/\/pro.alfaforni.com\/wp-content\/uploads\/2025\/12\/Tavelle.jpg 1200w\" sizes=\"(max-width: 640px) 100vw, 600px\" alt=\"\"><\/span><\/div><\/div><\/div><\/div><\/div><div class=\"fusion-fullwidth fullwidth-box fusion-builder-row-3 fusion-flex-container has-pattern-background has-mask-background nonhundred-percent-fullwidth non-hundred-percent-height-scrolling\" style=\"--awb-border-radius-top-left:0px;--awb-border-radius-top-right:0px;--awb-border-radius-bottom-right:0px;--awb-border-radius-bottom-left:0px;--awb-margin-top:100px;--awb-margin-bottom:100px;--awb-flex-wrap:wrap;\" ><div class=\"fusion-builder-row fusion-row fusion-flex-align-items-flex-start fusion-flex-content-wrap\" style=\"max-width:1248px;margin-left: calc(-4% \/ 2 );margin-right: calc(-4% \/ 2 );\"><div class=\"fusion-layout-column fusion_builder_column fusion-builder-column-5 fusion_builder_column_1_2 1_2 fusion-flex-column\" style=\"--awb-bg-size:cover;--awb-width-large:50%;--awb-margin-top-large:0px;--awb-spacing-right-large:3.84%;--awb-margin-bottom-large:20px;--awb-spacing-left-large:3.84%;--awb-width-medium:50%;--awb-order-medium:0;--awb-spacing-right-medium:3.84%;--awb-spacing-left-medium:3.84%;--awb-width-small:100%;--awb-order-small:0;--awb-spacing-right-small:1.92%;--awb-spacing-left-small:1.92%;\"><div class=\"fusion-column-wrapper fusion-column-has-shadow fusion-flex-justify-content-flex-start fusion-content-layout-column\"><div class=\"fusion-image-element \" style=\"--awb-caption-title-font-family:var(--h2_typography-font-family);--awb-caption-title-font-weight:var(--h2_typography-font-weight);--awb-caption-title-font-style:var(--h2_typography-font-style);--awb-caption-title-size:var(--h2_typography-font-size);--awb-caption-title-transform:var(--h2_typography-text-transform);--awb-caption-title-line-height:var(--h2_typography-line-height);--awb-caption-title-letter-spacing:var(--h2_typography-letter-spacing);\"><span class=\" fusion-imageframe imageframe-none imageframe-3 hover-type-none\"><img decoding=\"async\" width=\"1200\" height=\"1200\"  src=\"https:\/\/pro.alfaforni.com\/wp-content\/uploads\/2025\/12\/AlfaSpecial1.jpg\" class=\"img-responsive wp-image-72049\" srcset=\"https:\/\/pro.alfaforni.com\/wp-content\/uploads\/2025\/12\/AlfaSpecial1-400x400.jpg 400w, https:\/\/pro.alfaforni.com\/wp-content\/uploads\/2025\/12\/AlfaSpecial1-600x600.jpg 600w, https:\/\/pro.alfaforni.com\/wp-content\/uploads\/2025\/12\/AlfaSpecial1-800x800.jpg 800w, https:\/\/pro.alfaforni.com\/wp-content\/uploads\/2025\/12\/AlfaSpecial1.jpg 1200w\" sizes=\"(max-width: 640px) 100vw, 600px\" alt=\"\"><\/span><\/div><\/div><\/div><div class=\"fusion-layout-column fusion_builder_column fusion-builder-column-6 fusion_builder_column_1_2 1_2 fusion-flex-column\" style=\"--awb-bg-size:cover;--awb-width-large:50%;--awb-margin-top-large:0px;--awb-spacing-right-large:3.84%;--awb-margin-bottom-large:20px;--awb-spacing-left-large:3.84%;--awb-width-medium:50%;--awb-order-medium:0;--awb-spacing-right-medium:3.84%;--awb-spacing-left-medium:3.84%;--awb-width-small:100%;--awb-order-small:0;--awb-spacing-right-small:1.92%;--awb-spacing-left-small:1.92%;\"><div class=\"fusion-column-wrapper fusion-column-has-shadow fusion-flex-justify-content-flex-start fusion-content-layout-column\"><div class=\"fusion-text fusion-text-3\"><h1><span style=\"font-weight: 400;\">Allum\u00e9s dans les pizzerias depuis 1977<\/span><\/h1>\n<p><span style=\"font-weight: 400;\">Depuis 1977, les fours Alfa sont allum\u00e9s chaque jour dans les pizzerias du monde entier. C\u2019est l\u2019ann\u00e9e o\u00f9 Marcello Ortuso et Rocco Lauro fondent l\u2019entreprise, donnant naissance \u00e0 une histoire faite de passion, de comp\u00e9tence technique et d\u2019une profonde connaissance de la cuisson de la pizza.<\/span><\/p>\n<p><span style=\"font-weight: 400;\">Depuis lors, chaque four Alfa est con\u00e7u avec un objectif clair : durer dans le temps. Des mat\u00e9riaux robustes, des solutions constructives \u00e9prouv\u00e9es et une attention aux d\u00e9tails font des fours Alfa des outils fiables, pens\u00e9s pour accompagner le travail quotidien des pizzaiolos et se transmettre de g\u00e9n\u00e9ration en g\u00e9n\u00e9ration.<\/span><\/p>\n<\/div><\/div><\/div><\/div><\/div><div class=\"fusion-fullwidth fullwidth-box fusion-builder-row-4 fusion-flex-container has-pattern-background has-mask-background nonhundred-percent-fullwidth non-hundred-percent-height-scrolling\" style=\"--awb-border-radius-top-left:0px;--awb-border-radius-top-right:0px;--awb-border-radius-bottom-right:0px;--awb-border-radius-bottom-left:0px;--awb-margin-top:100px;--awb-margin-bottom:100px;--awb-flex-wrap:wrap;\" ><div class=\"fusion-builder-row fusion-row fusion-flex-align-items-flex-start fusion-flex-content-wrap\" style=\"max-width:1248px;margin-left: calc(-4% \/ 2 );margin-right: calc(-4% \/ 2 );\"><div class=\"fusion-layout-column fusion_builder_column fusion-builder-column-7 fusion_builder_column_1_2 1_2 fusion-flex-column\" style=\"--awb-bg-size:cover;--awb-width-large:50%;--awb-margin-top-large:0px;--awb-spacing-right-large:3.84%;--awb-margin-bottom-large:20px;--awb-spacing-left-large:3.84%;--awb-width-medium:50%;--awb-order-medium:0;--awb-spacing-right-medium:3.84%;--awb-spacing-left-medium:3.84%;--awb-width-small:100%;--awb-order-small:0;--awb-spacing-right-small:1.92%;--awb-spacing-left-small:1.92%;\"><div class=\"fusion-column-wrapper fusion-column-has-shadow fusion-flex-justify-content-flex-start fusion-content-layout-column\"><div class=\"fusion-image-element fusion-no-medium-visibility fusion-no-large-visibility\" style=\"--awb-caption-title-font-family:var(--h2_typography-font-family);--awb-caption-title-font-weight:var(--h2_typography-font-weight);--awb-caption-title-font-style:var(--h2_typography-font-style);--awb-caption-title-size:var(--h2_typography-font-size);--awb-caption-title-transform:var(--h2_typography-text-transform);--awb-caption-title-line-height:var(--h2_typography-line-height);--awb-caption-title-letter-spacing:var(--h2_typography-letter-spacing);\"><span class=\" fusion-imageframe imageframe-none imageframe-4 hover-type-none\"><img decoding=\"async\" width=\"1200\" height=\"1200\"  src=\"https:\/\/pro.alfaforni.com\/wp-content\/uploads\/2025\/12\/Easy-to-operate.jpg\" class=\"img-responsive wp-image-71645\" srcset=\"https:\/\/pro.alfaforni.com\/wp-content\/uploads\/2025\/12\/Easy-to-operate-400x400.jpg 400w, https:\/\/pro.alfaforni.com\/wp-content\/uploads\/2025\/12\/Easy-to-operate-600x600.jpg 600w, https:\/\/pro.alfaforni.com\/wp-content\/uploads\/2025\/12\/Easy-to-operate-800x800.jpg 800w, https:\/\/pro.alfaforni.com\/wp-content\/uploads\/2025\/12\/Easy-to-operate.jpg 1200w\" sizes=\"(max-width: 640px) 100vw, 600px\" alt=\"\"><\/span><\/div><div class=\"fusion-text fusion-text-4\"><h1><span style=\"font-weight: 400;\">Faciles \u00e0 utiliser<\/span><\/h1>\n<p><span style=\"font-weight: 400;\">Les fours Alfa sont con\u00e7us pour \u00eatre simples \u00e0 utiliser et faciles \u00e0 contr\u00f4ler, m\u00eame dans les environnements de travail les plus dynamiques. L\u2019interface intuitive, la gestion pr\u00e9cise de la temp\u00e9rature et la stabilit\u00e9 des performances permettent de r\u00e9duire le temps d\u2019apprentissage, d\u2019optimiser les flux de travail et de limiter le gaspillage d\u2019\u00e9nergie et de mati\u00e8res premi\u00e8res.<\/span><\/p>\n<p><span style=\"font-weight: 400;\">Cela signifie une plus grande efficacit\u00e9 op\u00e9rationnelle, une marge d\u2019erreur r\u00e9duite et plus de temps \u00e0 consacrer \u00e0 la qualit\u00e9 du produit et au service, avec un impact concret sur la rentabilit\u00e9 de l\u2019entreprise.<\/span><\/p>\n<\/div><\/div><\/div><div class=\"fusion-layout-column fusion_builder_column fusion-builder-column-8 fusion_builder_column_1_2 1_2 fusion-flex-column\" style=\"--awb-bg-size:cover;--awb-width-large:50%;--awb-margin-top-large:0px;--awb-spacing-right-large:3.84%;--awb-margin-bottom-large:20px;--awb-spacing-left-large:3.84%;--awb-width-medium:50%;--awb-order-medium:0;--awb-spacing-right-medium:3.84%;--awb-spacing-left-medium:3.84%;--awb-width-small:100%;--awb-order-small:0;--awb-spacing-right-small:1.92%;--awb-spacing-left-small:1.92%;\"><div class=\"fusion-column-wrapper fusion-column-has-shadow fusion-flex-justify-content-flex-start fusion-content-layout-column\"><div class=\"fusion-image-element fusion-no-small-visibility\" style=\"--awb-caption-title-font-family:var(--h2_typography-font-family);--awb-caption-title-font-weight:var(--h2_typography-font-weight);--awb-caption-title-font-style:var(--h2_typography-font-style);--awb-caption-title-size:var(--h2_typography-font-size);--awb-caption-title-transform:var(--h2_typography-text-transform);--awb-caption-title-line-height:var(--h2_typography-line-height);--awb-caption-title-letter-spacing:var(--h2_typography-letter-spacing);\"><span class=\" fusion-imageframe imageframe-none imageframe-5 hover-type-none\"><img decoding=\"async\" width=\"1200\" height=\"1200\"  src=\"https:\/\/pro.alfaforni.com\/wp-content\/uploads\/2025\/12\/Easy-to-operate.jpg\" class=\"img-responsive wp-image-71645\" srcset=\"https:\/\/pro.alfaforni.com\/wp-content\/uploads\/2025\/12\/Easy-to-operate-400x400.jpg 400w, https:\/\/pro.alfaforni.com\/wp-content\/uploads\/2025\/12\/Easy-to-operate-600x600.jpg 600w, https:\/\/pro.alfaforni.com\/wp-content\/uploads\/2025\/12\/Easy-to-operate-800x800.jpg 800w, https:\/\/pro.alfaforni.com\/wp-content\/uploads\/2025\/12\/Easy-to-operate.jpg 1200w\" sizes=\"(max-width: 640px) 100vw, 600px\" alt=\"\"><\/span><\/div><\/div><\/div><\/div><\/div><div class=\"fusion-fullwidth fullwidth-box fusion-builder-row-5 fusion-flex-container has-pattern-background has-mask-background nonhundred-percent-fullwidth non-hundred-percent-height-scrolling\" style=\"--awb-border-radius-top-left:0px;--awb-border-radius-top-right:0px;--awb-border-radius-bottom-right:0px;--awb-border-radius-bottom-left:0px;--awb-margin-top:100px;--awb-flex-wrap:wrap;\" ><div class=\"fusion-builder-row fusion-row fusion-flex-align-items-flex-start fusion-flex-content-wrap\" style=\"max-width:1248px;margin-left: calc(-4% \/ 2 );margin-right: calc(-4% \/ 2 );\"><div class=\"fusion-layout-column fusion_builder_column fusion-builder-column-9 fusion_builder_column_1_2 1_2 fusion-flex-column\" style=\"--awb-bg-size:cover;--awb-width-large:50%;--awb-margin-top-large:0px;--awb-spacing-right-large:3.84%;--awb-margin-bottom-large:20px;--awb-spacing-left-large:3.84%;--awb-width-medium:50%;--awb-order-medium:0;--awb-spacing-right-medium:3.84%;--awb-spacing-left-medium:3.84%;--awb-width-small:100%;--awb-order-small:0;--awb-spacing-right-small:1.92%;--awb-spacing-left-small:1.92%;\"><div class=\"fusion-column-wrapper fusion-column-has-shadow fusion-flex-justify-content-flex-start fusion-content-layout-column\"><div class=\"fusion-image-element \" style=\"--awb-caption-title-font-family:var(--h2_typography-font-family);--awb-caption-title-font-weight:var(--h2_typography-font-weight);--awb-caption-title-font-style:var(--h2_typography-font-style);--awb-caption-title-size:var(--h2_typography-font-size);--awb-caption-title-transform:var(--h2_typography-text-transform);--awb-caption-title-line-height:var(--h2_typography-line-height);--awb-caption-title-letter-spacing:var(--h2_typography-letter-spacing);\"><span class=\" fusion-imageframe imageframe-none imageframe-6 hover-type-none\"><img decoding=\"async\" width=\"2000\" height=\"2000\"  src=\"https:\/\/pro.alfaforni.com\/wp-content\/uploads\/2025\/12\/Categorie.jpg\" class=\"img-responsive wp-image-71651\" srcset=\"https:\/\/pro.alfaforni.com\/wp-content\/uploads\/2025\/12\/Categorie-400x400.jpg 400w, https:\/\/pro.alfaforni.com\/wp-content\/uploads\/2025\/12\/Categorie-600x600.jpg 600w, https:\/\/pro.alfaforni.com\/wp-content\/uploads\/2025\/12\/Categorie-800x800.jpg 800w, https:\/\/pro.alfaforni.com\/wp-content\/uploads\/2025\/12\/Categorie-1200x1200.jpg 1200w, https:\/\/pro.alfaforni.com\/wp-content\/uploads\/2025\/12\/Categorie.jpg 2000w\" sizes=\"(max-width: 640px) 100vw, 600px\" alt=\"\"><\/span><\/div><\/div><\/div><div class=\"fusion-layout-column fusion_builder_column fusion-builder-column-10 fusion_builder_column_1_2 1_2 fusion-flex-column\" style=\"--awb-bg-size:cover;--awb-width-large:50%;--awb-margin-top-large:0px;--awb-spacing-right-large:3.84%;--awb-margin-bottom-large:20px;--awb-spacing-left-large:3.84%;--awb-width-medium:50%;--awb-order-medium:0;--awb-spacing-right-medium:3.84%;--awb-spacing-left-medium:3.84%;--awb-width-small:100%;--awb-order-small:0;--awb-spacing-right-small:1.92%;--awb-spacing-left-small:1.92%;\"><div class=\"fusion-column-wrapper fusion-column-has-shadow fusion-flex-justify-content-flex-start fusion-content-layout-column\"><div class=\"fusion-text fusion-text-5\"><h1><span style=\"font-weight: 400;\">Des fours \u00e0 pizza pour chaque besoin<\/span><\/h1>\n<p><span style=\"font-weight: 400;\">Chaque activit\u00e9 a des exigences diff\u00e9rentes, et Alfa Forni le sait. De la pizzeria \u00e0 forte productivit\u00e9 horaire au resort en bord de mer, du bistrot urbain au food truck, la gamme Alfa couvre un large \u00e9ventail de solutions con\u00e7ues pour s\u2019adapter \u00e0 des espaces, des volumes et des styles de service vari\u00e9s.<\/span><\/p>\n<p><span style=\"font-weight: 400;\">Avec les fours Alfa, chaque professionnel peut trouver le mod\u00e8le le plus adapt\u00e9 \u00e0 son projet, sans compromis sur la qualit\u00e9, les performances et la fiabilit\u00e9. Une gamme compl\u00e8te, modulaire et flexible, con\u00e7ue pour \u00e9voluer avec votre activit\u00e9.<\/span><\/p>\n<\/div><\/div><\/div><\/div><\/div><\/p>\n","protected":false},"excerpt":{"rendered":"","protected":false},"author":1156,"featured_media":71659,"parent":0,"menu_order":0,"comment_status":"closed","ping_status":"closed","template":"100-width.php","meta":{"_acf_changed":false,"footnotes":""},"class_list":["post-72427","page","type-page","status-publish","has-post-thumbnail","hentry"],"acf":[],"_links":{"self":[{"href":"https:\/\/pro.alfaforni.com\/fr\/wp-json\/wp\/v2\/pages\/72427","targetHints":{"allow":["GET"]}}],"collection":[{"href":"https:\/\/pro.alfaforni.com\/fr\/wp-json\/wp\/v2\/pages"}],"about":[{"href":"https:\/\/pro.alfaforni.com\/fr\/wp-json\/wp\/v2\/types\/page"}],"author":[{"embeddable":true,"href":"https:\/\/pro.alfaforni.com\/fr\/wp-json\/wp\/v2\/users\/1156"}],"replies":[{"embeddable":true,"href":"https:\/\/pro.alfaforni.com\/fr\/wp-json\/wp\/v2\/comments?post=72427"}],"version-history":[{"count":6,"href":"https:\/\/pro.alfaforni.com\/fr\/wp-json\/wp\/v2\/pages\/72427\/revisions"}],"predecessor-version":[{"id":72447,"href":"https:\/\/pro.alfaforni.com\/fr\/wp-json\/wp\/v2\/pages\/72427\/revisions\/72447"}],"wp:featuredmedia":[{"embeddable":true,"href":"https:\/\/pro.alfaforni.com\/fr\/wp-json\/wp\/v2\/media\/71659"}],"wp:attachment":[{"href":"https:\/\/pro.alfaforni.com\/fr\/wp-json\/wp\/v2\/media?parent=72427"}],"curies":[{"name":"wp","href":"https:\/\/api.w.org\/{rel}","templated":true}]}}