{"id":69337,"date":"2025-07-23T12:41:55","date_gmt":"2025-07-23T10:41:55","guid":{"rendered":"https:\/\/pro.alfaforni.com\/?page_id=69337"},"modified":"2025-08-27T10:47:37","modified_gmt":"2025-08-27T08:47:37","slug":"beach-club-resort","status":"publish","type":"page","link":"https:\/\/pro.alfaforni.com\/fr\/beach-club-resort\/","title":{"rendered":"Beach Club &#038; Resort"},"content":{"rendered":"<p><div class=\"fusion-fullwidth fullwidth-box fusion-builder-row-1 fusion-flex-container has-pattern-background has-mask-background nonhundred-percent-fullwidth non-hundred-percent-height-scrolling\" style=\"--awb-border-radius-top-left:0px;--awb-border-radius-top-right:0px;--awb-border-radius-bottom-right:0px;--awb-border-radius-bottom-left:0px;--awb-flex-wrap:wrap;\" ><div class=\"fusion-builder-row fusion-row fusion-flex-align-items-flex-start fusion-flex-content-wrap\" style=\"max-width:1248px;margin-left: calc(-4% \/ 2 );margin-right: calc(-4% \/ 2 );\"><div class=\"fusion-layout-column fusion_builder_column fusion-builder-column-0 fusion_builder_column_1_1 1_1 fusion-flex-column\" style=\"--awb-bg-size:cover;--awb-width-large:100%;--awb-margin-top-large:0px;--awb-spacing-right-large:1.92%;--awb-margin-bottom-large:20px;--awb-spacing-left-large:1.92%;--awb-width-medium:100%;--awb-order-medium:0;--awb-spacing-right-medium:1.92%;--awb-spacing-left-medium:1.92%;--awb-width-small:100%;--awb-order-small:0;--awb-spacing-right-small:1.92%;--awb-spacing-left-small:1.92%;\"><div class=\"fusion-column-wrapper fusion-column-has-shadow fusion-flex-justify-content-flex-start fusion-content-layout-column\"><div class=\"fusion-image-element fusion-no-small-visibility\" style=\"--awb-caption-title-font-family:var(--h2_typography-font-family);--awb-caption-title-font-weight:var(--h2_typography-font-weight);--awb-caption-title-font-style:var(--h2_typography-font-style);--awb-caption-title-size:var(--h2_typography-font-size);--awb-caption-title-transform:var(--h2_typography-text-transform);--awb-caption-title-line-height:var(--h2_typography-line-height);--awb-caption-title-letter-spacing:var(--h2_typography-letter-spacing);\"><span class=\" fusion-imageframe imageframe-none imageframe-1 hover-type-none\"><img decoding=\"async\" width=\"1366\" height=\"568\"  src=\"https:\/\/pro.alfaforni.com\/wp-content\/uploads\/2025\/08\/Resort-1.jpg\" class=\"img-responsive wp-image-69903\" srcset=\"https:\/\/pro.alfaforni.com\/wp-content\/uploads\/2025\/08\/Resort-1-400x166.jpg 400w, https:\/\/pro.alfaforni.com\/wp-content\/uploads\/2025\/08\/Resort-1-600x249.jpg 600w, https:\/\/pro.alfaforni.com\/wp-content\/uploads\/2025\/08\/Resort-1-800x333.jpg 800w, https:\/\/pro.alfaforni.com\/wp-content\/uploads\/2025\/08\/Resort-1-1200x499.jpg 1200w, https:\/\/pro.alfaforni.com\/wp-content\/uploads\/2025\/08\/Resort-1.jpg 1366w\" sizes=\"(max-width: 640px) 100vw, 1200px\" alt=\"\"><\/span><\/div><div class=\"fusion-image-element fusion-no-medium-visibility fusion-no-large-visibility\" style=\"--awb-caption-title-font-family:var(--h2_typography-font-family);--awb-caption-title-font-weight:var(--h2_typography-font-weight);--awb-caption-title-font-style:var(--h2_typography-font-style);--awb-caption-title-size:var(--h2_typography-font-size);--awb-caption-title-transform:var(--h2_typography-text-transform);--awb-caption-title-line-height:var(--h2_typography-line-height);--awb-caption-title-letter-spacing:var(--h2_typography-letter-spacing);\"><span class=\" fusion-imageframe imageframe-none imageframe-2 hover-type-none\"><img decoding=\"async\" width=\"1366\" height=\"768\"  src=\"https:\/\/pro.alfaforni.com\/wp-content\/uploads\/2025\/08\/Resort1.jpg\" class=\"img-responsive wp-image-69909\" srcset=\"https:\/\/pro.alfaforni.com\/wp-content\/uploads\/2025\/08\/Resort1-400x225.jpg 400w, https:\/\/pro.alfaforni.com\/wp-content\/uploads\/2025\/08\/Resort1-600x337.jpg 600w, https:\/\/pro.alfaforni.com\/wp-content\/uploads\/2025\/08\/Resort1-800x450.jpg 800w, https:\/\/pro.alfaforni.com\/wp-content\/uploads\/2025\/08\/Resort1-1200x675.jpg 1200w, https:\/\/pro.alfaforni.com\/wp-content\/uploads\/2025\/08\/Resort1.jpg 1366w\" sizes=\"(max-width: 640px) 100vw, 1200px\" alt=\"\"><\/span><\/div><\/div><\/div><\/div><\/div><div class=\"fusion-fullwidth fullwidth-box fusion-builder-row-2 fusion-flex-container has-pattern-background has-mask-background nonhundred-percent-fullwidth non-hundred-percent-height-scrolling\" style=\"--awb-border-radius-top-left:0px;--awb-border-radius-top-right:0px;--awb-border-radius-bottom-right:0px;--awb-border-radius-bottom-left:0px;--awb-flex-wrap:wrap;\" ><div class=\"fusion-builder-row fusion-row fusion-flex-align-items-flex-start fusion-flex-content-wrap\" style=\"max-width:1248px;margin-left: calc(-4% \/ 2 );margin-right: calc(-4% \/ 2 );\"><div class=\"fusion-layout-column fusion_builder_column fusion-builder-column-1 fusion_builder_column_1_1 1_1 fusion-flex-column\" style=\"--awb-bg-size:cover;--awb-width-large:100%;--awb-margin-top-large:0px;--awb-spacing-right-large:1.92%;--awb-margin-bottom-large:20px;--awb-spacing-left-large:1.92%;--awb-width-medium:100%;--awb-order-medium:0;--awb-spacing-right-medium:1.92%;--awb-spacing-left-medium:1.92%;--awb-width-small:100%;--awb-order-small:0;--awb-spacing-right-small:1.92%;--awb-spacing-left-small:1.92%;\"><div class=\"fusion-column-wrapper fusion-column-has-shadow fusion-flex-justify-content-flex-start fusion-content-layout-column\"><div class=\"fusion-text fusion-text-1\"><h1 style=\"text-align: center;\"><span class=\"OYPEnA font-feature-liga-off font-feature-clig-off font-feature-calt-off text-decoration-none text-strikethrough-none\">Beach Club &amp; Resort<\/span><\/h1>\n<\/div><div class=\"fusion-text fusion-text-2\"><h2 style=\"text-align: center;\">Fours d\u2019ext\u00e9rieur pour cuisines saisonni\u00e8res, \u00e9tablissements baln\u00e9aires et resorts<\/h2>\n<\/div><div class=\"fusion-text fusion-text-3\"><p style=\"text-align: center;\">Dans les contextes estivaux et en plein air \u2013 comme les beach clubs, les resorts et les \u00e9tablissements en bord de mer \u2013 il faut des<strong> fours fiables, rapides et r\u00e9sistants aux intemp\u00e9ries<\/strong>. Les mod\u00e8les <strong>QUICK 4<\/strong> et <strong>QUICK 6<\/strong> Alfa sont con\u00e7us pour offrir des performances \u00e9lev\u00e9es m\u00eame dans les conditions les plus exigeantes, sans compromis sur la qualit\u00e9 de la pizza artisanale. Disponibles en <strong>version gaz ou bois<\/strong>, ils<strong> atteignent la temp\u00e9rature de fonctionnement en seulement 40 minutes<\/strong> et cuisent des<strong> pizzas parfaites en 90 secondes<\/strong>. Leur structure en acier de 2,5 mm les rend id\u00e9aux pour une utilisation en ext\u00e9rieur, tandis que le choix entre la<strong> version top ou sur base \u00e0 roulettes<\/strong> garantit une grande flexibilit\u00e9 d\u2019installation.<\/p>\n<\/div><\/div><\/div><\/div><\/div><div class=\"fusion-fullwidth fullwidth-box fusion-builder-row-3 fusion-flex-container has-pattern-background has-mask-background nonhundred-percent-fullwidth non-hundred-percent-height-scrolling\" style=\"--awb-border-radius-top-left:0px;--awb-border-radius-top-right:0px;--awb-border-radius-bottom-right:0px;--awb-border-radius-bottom-left:0px;--awb-padding-top:50px;--awb-margin-top:80px;--awb-margin-bottom:80px;--awb-background-color:#f2f0f0;--awb-flex-wrap:wrap;\" ><div class=\"fusion-builder-row fusion-row fusion-flex-align-items-flex-start fusion-flex-content-wrap\" style=\"max-width:1248px;margin-left: calc(-4% \/ 2 );margin-right: calc(-4% \/ 2 );\"><div class=\"fusion-layout-column fusion_builder_column fusion-builder-column-2 fusion_builder_column_1_3 1_3 fusion-flex-column\" style=\"--awb-bg-size:cover;--awb-width-large:33.333333333333%;--awb-margin-top-large:0px;--awb-spacing-right-large:5.76%;--awb-margin-bottom-large:20px;--awb-spacing-left-large:5.76%;--awb-width-medium:33.333333333333%;--awb-order-medium:0;--awb-spacing-right-medium:5.76%;--awb-spacing-left-medium:5.76%;--awb-width-small:100%;--awb-order-small:0;--awb-spacing-right-small:1.92%;--awb-spacing-left-small:1.92%;\"><div class=\"fusion-column-wrapper fusion-column-has-shadow fusion-flex-justify-content-flex-start fusion-content-layout-column\"><div class=\"fusion-image-element \" style=\"text-align:center;--awb-caption-title-font-family:var(--h2_typography-font-family);--awb-caption-title-font-weight:var(--h2_typography-font-weight);--awb-caption-title-font-style:var(--h2_typography-font-style);--awb-caption-title-size:var(--h2_typography-font-size);--awb-caption-title-transform:var(--h2_typography-text-transform);--awb-caption-title-line-height:var(--h2_typography-line-height);--awb-caption-title-letter-spacing:var(--h2_typography-letter-spacing);\"><span class=\" fusion-imageframe imageframe-none imageframe-3 hover-type-none\"><img decoding=\"async\" width=\"120\" height=\"120\"  src=\"https:\/\/pro.alfaforni.com\/wp-content\/uploads\/2023\/06\/alfa-icon-6.png\" class=\"img-responsive wp-image-47035\" alt=\"\" srcset=\"https:\/\/pro.alfaforni.com\/wp-content\/uploads\/2023\/06\/alfa-icon-6-100x100.png 100w, https:\/\/pro.alfaforni.com\/wp-content\/uploads\/2023\/06\/alfa-icon-6.png 120w, https:\/\/pro.alfaforni.com\/wp-content\/uploads\/2023\/06\/alfa-icon-6-1024x1024.png 1024w\" sizes=\"(max-width: 120px) 100vw, 120px\" \/><\/span><\/div><div class=\"fusion-text fusion-text-4\" style=\"--awb-margin-top:30px;\"><h2 style=\"text-align: center;\">R\u00e9sistants aux intemp\u00e9ries<\/h2>\n<\/div><div class=\"fusion-text fusion-text-5\"><p style=\"text-align: center;\">Tous les fours Quick sont rev\u00eatus par poudre pour r\u00e9sister aux conditions ext\u00e9rieures<\/p>\n<\/div><\/div><\/div><div class=\"fusion-layout-column fusion_builder_column fusion-builder-column-3 fusion_builder_column_1_3 1_3 fusion-flex-column\" style=\"--awb-bg-size:cover;--awb-width-large:33.333333333333%;--awb-margin-top-large:0px;--awb-spacing-right-large:5.76%;--awb-margin-bottom-large:20px;--awb-spacing-left-large:5.76%;--awb-width-medium:33.333333333333%;--awb-order-medium:0;--awb-spacing-right-medium:5.76%;--awb-spacing-left-medium:5.76%;--awb-width-small:100%;--awb-order-small:0;--awb-spacing-right-small:1.92%;--awb-spacing-left-small:1.92%;\"><div class=\"fusion-column-wrapper fusion-column-has-shadow fusion-flex-justify-content-flex-start fusion-content-layout-column\"><div class=\"fusion-image-element \" style=\"text-align:center;--awb-caption-title-font-family:var(--h2_typography-font-family);--awb-caption-title-font-weight:var(--h2_typography-font-weight);--awb-caption-title-font-style:var(--h2_typography-font-style);--awb-caption-title-size:var(--h2_typography-font-size);--awb-caption-title-transform:var(--h2_typography-text-transform);--awb-caption-title-line-height:var(--h2_typography-line-height);--awb-caption-title-letter-spacing:var(--h2_typography-letter-spacing);\"><span class=\" fusion-imageframe imageframe-none imageframe-4 hover-type-none\"><img decoding=\"async\" width=\"120\" height=\"120\"  src=\"https:\/\/pro.alfaforni.com\/wp-content\/uploads\/2025\/06\/Icona-mobilita.png\" class=\"img-responsive wp-image-67834\" alt=\"\" srcset=\"https:\/\/pro.alfaforni.com\/wp-content\/uploads\/2025\/06\/Icona-mobilita-50x50.png 50w, https:\/\/pro.alfaforni.com\/wp-content\/uploads\/2025\/06\/Icona-mobilita-66x66.png 66w, https:\/\/pro.alfaforni.com\/wp-content\/uploads\/2025\/06\/Icona-mobilita-100x100.png 100w, https:\/\/pro.alfaforni.com\/wp-content\/uploads\/2025\/06\/Icona-mobilita.png 120w\" sizes=\"(max-width: 120px) 100vw, 120px\" \/><\/span><\/div><div class=\"fusion-text fusion-text-6\" style=\"--awb-margin-top:30px;\"><h2 style=\"text-align: center;\">Transportables<\/h2>\n<\/div><div class=\"fusion-text fusion-text-7\"><p style=\"text-align: center;\">Les bases \u00e0 roulettes permettent un d\u00e9placement simple et rapide du four<\/p>\n<\/div><\/div><\/div><div class=\"fusion-layout-column fusion_builder_column fusion-builder-column-4 fusion_builder_column_1_3 1_3 fusion-flex-column\" style=\"--awb-bg-size:cover;--awb-width-large:33.333333333333%;--awb-margin-top-large:0px;--awb-spacing-right-large:5.76%;--awb-margin-bottom-large:20px;--awb-spacing-left-large:5.76%;--awb-width-medium:33.333333333333%;--awb-order-medium:0;--awb-spacing-right-medium:5.76%;--awb-spacing-left-medium:5.76%;--awb-width-small:100%;--awb-order-small:0;--awb-spacing-right-small:1.92%;--awb-spacing-left-small:1.92%;\"><div class=\"fusion-column-wrapper fusion-column-has-shadow fusion-flex-justify-content-flex-start fusion-content-layout-column\"><div class=\"fusion-image-element \" style=\"text-align:center;--awb-caption-title-font-family:var(--h2_typography-font-family);--awb-caption-title-font-weight:var(--h2_typography-font-weight);--awb-caption-title-font-style:var(--h2_typography-font-style);--awb-caption-title-size:var(--h2_typography-font-size);--awb-caption-title-transform:var(--h2_typography-text-transform);--awb-caption-title-line-height:var(--h2_typography-line-height);--awb-caption-title-letter-spacing:var(--h2_typography-letter-spacing);\"><span class=\" fusion-imageframe imageframe-none imageframe-5 hover-type-none\"><img decoding=\"async\" width=\"120\" height=\"120\"  src=\"https:\/\/pro.alfaforni.com\/wp-content\/uploads\/2025\/06\/Pronto-alluso.png\" class=\"img-responsive wp-image-67866\" alt=\"\" srcset=\"https:\/\/pro.alfaforni.com\/wp-content\/uploads\/2025\/06\/Pronto-alluso-50x50.png 50w, https:\/\/pro.alfaforni.com\/wp-content\/uploads\/2025\/06\/Pronto-alluso-66x66.png 66w, https:\/\/pro.alfaforni.com\/wp-content\/uploads\/2025\/06\/Pronto-alluso-100x100.png 100w, https:\/\/pro.alfaforni.com\/wp-content\/uploads\/2025\/06\/Pronto-alluso.png 120w\" sizes=\"(max-width: 120px) 100vw, 120px\" \/><\/span><\/div><div class=\"fusion-text fusion-text-8\" style=\"--awb-margin-top:30px;\"><h2 style=\"text-align: center;\">Pr\u00eats \u00e0 l\u2019emploi<\/h2>\n<\/div><div class=\"fusion-text fusion-text-9\"><p style=\"text-align: center;\">Fonctionnels d\u00e8s la premi\u00e8re installation<\/p>\n<\/div><\/div><\/div><\/div><\/div><div class=\"fusion-fullwidth fullwidth-box fusion-builder-row-4 fusion-flex-container has-pattern-background has-mask-background nonhundred-percent-fullwidth non-hundred-percent-height-scrolling\" style=\"--awb-border-radius-top-left:0px;--awb-border-radius-top-right:0px;--awb-border-radius-bottom-right:0px;--awb-border-radius-bottom-left:0px;--awb-padding-top:50px;--awb-flex-wrap:wrap;\" ><div class=\"fusion-builder-row fusion-row fusion-flex-align-items-flex-start fusion-flex-content-wrap\" style=\"max-width:1248px;margin-left: calc(-4% \/ 2 );margin-right: calc(-4% \/ 2 );\"><div class=\"fusion-layout-column fusion_builder_column fusion-builder-column-5 fusion_builder_column_1_3 1_3 fusion-flex-column\" style=\"--awb-bg-size:cover;--awb-width-large:33.333333333333%;--awb-margin-top-large:0px;--awb-spacing-right-large:5.76%;--awb-margin-bottom-large:20px;--awb-spacing-left-large:5.76%;--awb-width-medium:33.333333333333%;--awb-order-medium:0;--awb-spacing-right-medium:5.76%;--awb-spacing-left-medium:5.76%;--awb-width-small:100%;--awb-order-small:0;--awb-spacing-right-small:1.92%;--awb-spacing-left-small:1.92%;\"><div class=\"fusion-column-wrapper fusion-column-has-shadow fusion-flex-justify-content-flex-start fusion-content-layout-column\"><div class=\"fusion-image-before-after-wrapper fusion-image-before-after-horizontal type-before-after hover-type-together fusion-image-before-after-wrapper-1\" style=\"--awb-font-size:14px;--awb-bordersize:0px;--awb-accent-color-bg:hsla(var(--awb-color1-h),var(--awb-color1-s),var(--awb-color1-l),calc(var(--awb-color1-a) - 85%));--awb-transition-time:0.5s;\"><div class=\"fusion-image-before-after-element fusion-image-before-after fusion-image-before-after-container fusion-image-before-after-1\" data-offset=\"0.5\" data-orientation=\"horizontal\" data-move-with-handle-only=\"true\" data-click-to-move=\"true\"><img decoding=\"async\" class=\"fusion-image-before-after-before\" src=\"https:\/\/pro.alfaforni.com\/wp-content\/uploads\/2023\/06\/quick-4pizze-silvegrey-alfa-forni.webp\" width=\"1200\" height=\"1200\" alt=\"\" ><img decoding=\"async\" class=\"fusion-image-before-after-after\" src=\"https:\/\/pro.alfaforni.com\/wp-content\/uploads\/2025\/07\/Quick-4-Beachclub-05.jpg\" width=\"1200\" height=\"1200\" alt=\"\" ><div class=\"fusion-image-before-after-handle fusion-image-before-after-handle-default\"><span class=\"fusion-image-before-after-left-arrow\"><\/span><span class=\"fusion-image-before-after-right-arrow\"><\/span><\/div><\/div><\/div><\/div><\/div><div class=\"fusion-layout-column fusion_builder_column fusion-builder-column-6 fusion_builder_column_2_3 2_3 fusion-flex-column\" style=\"--awb-padding-bottom:80px;--awb-bg-size:cover;--awb-width-large:66.666666666667%;--awb-margin-top-large:0px;--awb-spacing-right-large:2.88%;--awb-margin-bottom-large:20px;--awb-spacing-left-large:2.88%;--awb-width-medium:66.666666666667%;--awb-order-medium:0;--awb-spacing-right-medium:2.88%;--awb-spacing-left-medium:2.88%;--awb-width-small:100%;--awb-order-small:0;--awb-spacing-right-small:1.92%;--awb-spacing-left-small:1.92%;\" data-scroll-devices=\"small-visibility,medium-visibility,large-visibility\"><div class=\"fusion-column-wrapper fusion-column-has-shadow fusion-flex-justify-content-flex-start fusion-content-layout-column\"><div class=\"fusion-text fusion-text-10\"><h2>Compact et performant pour les beach clubs et restaurants d\u2019\u00e9t\u00e9<\/h2>\n<h3>Le mod\u00e8le <a href=\"https:\/\/pro.alfaforni.com\/fr\/produit\/four-quick-4-pizze\/\">QUICK 4 Pizzas<\/a> est parfait pour les cuisines ext\u00e9rieures de taille moyenne et pour ceux qui recherchent un bon compromis entre compacit\u00e9 et productivit\u00e9 :<\/h3>\n<ul>\n<li data-start=\"3616\" data-end=\"3653\">Cuit jusqu\u2019\u00e0 <strong>4 pizzas en m\u00eame temps<\/strong><\/li>\n<li data-start=\"3656\" data-end=\"3685\">Jusqu\u2019\u00e0 <strong>80 pizzas par heure<\/strong><\/li>\n<li data-start=\"3688\" data-end=\"3723\">Disponible en <strong>version gaz ou bois<\/strong><\/li>\n<li data-start=\"3726\" data-end=\"3794\">Structure en acier de 2,5 mm, <strong>r\u00e9sistante au sel et aux intemp\u00e9ries<\/strong><\/li>\n<li data-start=\"3797\" data-end=\"3861\">Version <strong>top ou sur base \u00e0 roulettes pour une mobilit\u00e9 optimale<\/strong><\/li>\n<\/ul>\n<p>Id\u00e9al pour restaurants saisonniers, bars lounge ou \u00e9v\u00e9nements en bord de mer<\/p>\n<\/div><div ><a class=\"fusion-button button-flat fusion-button-default-size button-default fusion-button-default button-1 fusion-button-default-span fusion-button-default-type\" target=\"_self\" href=\"https:\/\/pro.alfaforni.com\/fr\/demander-un-devis\/\"><span class=\"fusion-button-text awb-button__text awb-button__text--default\">Demandez un devis personnalis\u00e9<\/span><\/a><\/div><\/div><\/div><div class=\"fusion-layout-column fusion_builder_column fusion-builder-column-7 fusion_builder_column_1_3 1_3 fusion-flex-column\" style=\"--awb-bg-size:cover;--awb-width-large:33.333333333333%;--awb-margin-top-large:0px;--awb-spacing-right-large:5.76%;--awb-margin-bottom-large:20px;--awb-spacing-left-large:5.76%;--awb-width-medium:33.333333333333%;--awb-order-medium:0;--awb-spacing-right-medium:5.76%;--awb-spacing-left-medium:5.76%;--awb-width-small:100%;--awb-order-small:0;--awb-spacing-right-small:1.92%;--awb-spacing-left-small:1.92%;\"><div class=\"fusion-column-wrapper fusion-column-has-shadow fusion-flex-justify-content-flex-start fusion-content-layout-column\"><div class=\"fusion-image-before-after-wrapper fusion-image-before-after-horizontal type-before-after hover-type-together fusion-image-before-after-wrapper-2\" style=\"--awb-font-size:14px;--awb-bordersize:0px;--awb-accent-color-bg:hsla(var(--awb-color1-h),var(--awb-color1-s),var(--awb-color1-l),calc(var(--awb-color1-a) - 85%));--awb-transition-time:0.5s;\"><div class=\"fusion-image-before-after-element fusion-image-before-after fusion-image-before-after-container fusion-image-before-after-2\" data-offset=\"0.5\" data-orientation=\"horizontal\" data-move-with-handle-only=\"true\" data-click-to-move=\"true\"><img decoding=\"async\" class=\"fusion-image-before-after-before\" src=\"https:\/\/pro.alfaforni.com\/wp-content\/uploads\/2023\/07\/quick-6-pizze-commercial-pizza-ovens-silver-black.jpg\" width=\"1200\" height=\"1200\" alt=\"\" ><img decoding=\"async\" class=\"fusion-image-before-after-after\" src=\"https:\/\/pro.alfaforni.com\/wp-content\/uploads\/2025\/07\/Quick-6-pizzeria-2.jpg\" width=\"1200\" height=\"1200\" alt=\"\" ><div class=\"fusion-image-before-after-handle fusion-image-before-after-handle-default\"><span class=\"fusion-image-before-after-left-arrow\"><\/span><span class=\"fusion-image-before-after-right-arrow\"><\/span><\/div><\/div><\/div><\/div><\/div><div class=\"fusion-layout-column fusion_builder_column fusion-builder-column-8 fusion_builder_column_2_3 2_3 fusion-flex-column\" style=\"--awb-padding-bottom:80px;--awb-bg-size:cover;--awb-width-large:66.666666666667%;--awb-margin-top-large:0px;--awb-spacing-right-large:2.88%;--awb-margin-bottom-large:20px;--awb-spacing-left-large:2.88%;--awb-width-medium:66.666666666667%;--awb-order-medium:0;--awb-spacing-right-medium:2.88%;--awb-spacing-left-medium:2.88%;--awb-width-small:100%;--awb-order-small:0;--awb-spacing-right-small:1.92%;--awb-spacing-left-small:1.92%;\" data-scroll-devices=\"small-visibility,medium-visibility,large-visibility\"><div class=\"fusion-column-wrapper fusion-column-has-shadow fusion-flex-justify-content-flex-start fusion-content-layout-column\"><div class=\"fusion-text fusion-text-11\"><h2>Grande capacit\u00e9 pour resorts et lieux \u00e0 forte affluence<\/h2>\n<h3>Le mod\u00e8le <a href=\"https:\/\/pro.alfaforni.com\/fr\/produit\/four-quick-6-pizze\/\">QUICK 6 Pizzas<\/a> est la solution id\u00e9ale pour ceux qui doivent servir de grands volumes en peu de temps, sans compromis sur la qualit\u00e9 ou la fiabilit\u00e9 :<\/h3>\n<ul>\n<li data-start=\"4211\" data-end=\"4248\">Cuit jusqu\u2019\u00e0 <strong>6 pizzas en m\u00eame temps<\/strong><\/li>\n<li data-start=\"4251\" data-end=\"4280\">Jusqu\u2019\u00e0 <strong>110 pizzas par heure<\/strong><\/li>\n<li data-start=\"4283\" data-end=\"4318\">Disponible en version <strong>gaz ou bois<\/strong><\/li>\n<li data-start=\"4321\" data-end=\"4398\">Structure en acier de 2,5 mm con\u00e7ue pour <strong>r\u00e9sister aux environnements salins<\/strong><\/li>\n<li data-start=\"4401\" data-end=\"4478\">Version <strong>top ou base professionnelle \u00e0 roulettes<\/strong> pour une praticit\u00e9 maximale<\/li>\n<li data-start=\"4481\" data-end=\"4553\">Parfaitement adapt\u00e9 aux <strong>rythmes intenses d\u2019une cuisine estivale active<\/strong><\/li>\n<\/ul>\n<p>Id\u00e9al pour les resorts, restaurants avec terrasse et \u00e9tablissements \u00e0 forte rotation<\/p>\n<\/div><div ><a class=\"fusion-button button-flat fusion-button-default-size button-default fusion-button-default button-2 fusion-button-default-span fusion-button-default-type\" target=\"_self\" href=\"https:\/\/pro.alfaforni.com\/fr\/demander-un-devis\/\"><span class=\"fusion-button-text awb-button__text awb-button__text--default\">Demandez un devis personnalis\u00e9<\/span><\/a><\/div><\/div><\/div><\/div><\/div><\/p>\n","protected":false},"excerpt":{"rendered":"","protected":false},"author":1156,"featured_media":0,"parent":0,"menu_order":0,"comment_status":"closed","ping_status":"closed","template":"100-width.php","meta":{"_acf_changed":false,"footnotes":""},"class_list":["post-69337","page","type-page","status-publish","hentry"],"acf":[],"_links":{"self":[{"href":"https:\/\/pro.alfaforni.com\/fr\/wp-json\/wp\/v2\/pages\/69337","targetHints":{"allow":["GET"]}}],"collection":[{"href":"https:\/\/pro.alfaforni.com\/fr\/wp-json\/wp\/v2\/pages"}],"about":[{"href":"https:\/\/pro.alfaforni.com\/fr\/wp-json\/wp\/v2\/types\/page"}],"author":[{"embeddable":true,"href":"https:\/\/pro.alfaforni.com\/fr\/wp-json\/wp\/v2\/users\/1156"}],"replies":[{"embeddable":true,"href":"https:\/\/pro.alfaforni.com\/fr\/wp-json\/wp\/v2\/comments?post=69337"}],"version-history":[{"count":6,"href":"https:\/\/pro.alfaforni.com\/fr\/wp-json\/wp\/v2\/pages\/69337\/revisions"}],"predecessor-version":[{"id":69915,"href":"https:\/\/pro.alfaforni.com\/fr\/wp-json\/wp\/v2\/pages\/69337\/revisions\/69915"}],"wp:attachment":[{"href":"https:\/\/pro.alfaforni.com\/fr\/wp-json\/wp\/v2\/media?parent=69337"}],"curies":[{"name":"wp","href":"https:\/\/api.w.org\/{rel}","templated":true}]}}