{"id":66944,"date":"2025-04-14T16:35:53","date_gmt":"2025-04-14T14:35:53","guid":{"rendered":"https:\/\/pro.alfaforni.com\/?page_id=66944"},"modified":"2025-04-14T16:35:53","modified_gmt":"2025-04-14T14:35:53","slug":"customer-service","status":"publish","type":"page","link":"https:\/\/pro.alfaforni.com\/fr\/customer-service\/","title":{"rendered":"Customer Service"},"content":{"rendered":"<div class=\"fusion-fullwidth fullwidth-box fusion-builder-row-1 fusion-flex-container has-pattern-background has-mask-background nonhundred-percent-fullwidth non-hundred-percent-height-scrolling\" style=\"--awb-border-radius-top-left:0px;--awb-border-radius-top-right:0px;--awb-border-radius-bottom-right:0px;--awb-border-radius-bottom-left:0px;--awb-flex-wrap:wrap;\" ><div class=\"fusion-builder-row fusion-row fusion-flex-align-items-flex-start fusion-flex-content-wrap\" style=\"max-width:1248px;margin-left: calc(-4% \/ 2 );margin-right: calc(-4% \/ 2 );\"><div class=\"fusion-layout-column fusion_builder_column fusion-builder-column-0 fusion_builder_column_1_2 1_2 fusion-flex-column\" style=\"--awb-bg-size:cover;--awb-width-large:50%;--awb-margin-top-large:0px;--awb-spacing-right-large:3.84%;--awb-margin-bottom-large:20px;--awb-spacing-left-large:3.84%;--awb-width-medium:50%;--awb-order-medium:0;--awb-spacing-right-medium:3.84%;--awb-spacing-left-medium:3.84%;--awb-width-small:100%;--awb-order-small:0;--awb-spacing-right-small:1.92%;--awb-spacing-left-small:1.92%;\"><div class=\"fusion-column-wrapper fusion-column-has-shadow fusion-flex-justify-content-flex-start fusion-content-layout-column\"><div class=\"fusion-text fusion-text-1\"><h2>Service Client<\/h2>\n<p>Besoin d\u2019assistance pour votre four Alfa Forni ?<br \/>\n<strong>Nous sommes l\u00e0 pour vous aider !<\/strong><\/p>\n<\/div><div class=\"fusion-builder-row fusion-builder-row-inner fusion-row fusion-flex-align-items-flex-start fusion-flex-content-wrap\" style=\"width:104% !important;max-width:104% !important;margin-left: calc(-4% \/ 2 );margin-right: calc(-4% \/ 2 );\"><div class=\"fusion-layout-column fusion_builder_column_inner fusion-builder-nested-column-0 fusion_builder_column_inner_1_1 1_1 fusion-flex-column\" style=\"--awb-bg-size:cover;--awb-width-large:100%;--awb-margin-top-large:0px;--awb-spacing-right-large:1.92%;--awb-margin-bottom-large:20px;--awb-spacing-left-large:1.92%;--awb-width-medium:100%;--awb-order-medium:0;--awb-spacing-right-medium:1.92%;--awb-spacing-left-medium:1.92%;--awb-width-small:100%;--awb-order-small:0;--awb-spacing-right-small:1.92%;--awb-spacing-left-small:1.92%;\"><div class=\"fusion-column-wrapper fusion-column-has-shadow fusion-flex-justify-content-flex-start fusion-content-layout-column\"><div class=\"fusion-text fusion-text-2\"><p><strong>Si vous n\u2019avez pas trouv\u00e9 la r\u00e9ponse que vous cherchez, remplissez le formulaire sur cette page. Notre \u00e9quipe d\u2019assistance vous r\u00e9pondra dans les plus brefs d\u00e9lais.<\/strong><\/p>\n<p>\ud83d\udccc Pour nous aider \u00e0 vous offrir le meilleur support possible, veuillez inclure dans le formulaire :<\/p>\n<p>\u2714\ufe0f Le mod\u00e8le de votre four<br data-start=\"2516\" data-end=\"2519\" \/>\u2714\ufe0f Le num\u00e9ro de s\u00e9rie (si disponible)<br data-start=\"2556\" data-end=\"2559\" \/>\u2714\ufe0f Une description d\u00e9taill\u00e9e du probl\u00e8me<br data-start=\"2599\" data-end=\"2602\" \/>\u2714\ufe0f Des photos ou vid\u00e9os pour faciliter le diagnostic<\/p>\n<p>\ud83d\udc49\u00a0<strong data-start=\"2661\" data-end=\"2737\">Remplissez le formulaire, et notre \u00e9quipe vous contactera au plus vite !<\/strong><\/p>\n<\/div><\/div><\/div><\/div><\/div><\/div><div class=\"fusion-layout-column fusion_builder_column fusion-builder-column-1 fusion_builder_column_1_2 1_2 fusion-flex-column\" style=\"--awb-bg-size:cover;--awb-width-large:50%;--awb-margin-top-large:0px;--awb-spacing-right-large:3.84%;--awb-margin-bottom-large:20px;--awb-spacing-left-large:3.84%;--awb-width-medium:50%;--awb-order-medium:0;--awb-spacing-right-medium:3.84%;--awb-spacing-left-medium:3.84%;--awb-width-small:100%;--awb-order-small:0;--awb-spacing-right-small:1.92%;--awb-spacing-left-small:1.92%;\"><div class=\"fusion-column-wrapper fusion-column-has-shadow fusion-flex-justify-content-flex-start fusion-content-layout-column\"><script charset=\"utf-8\" type=\"text\/javascript\" src=\"\/\/js.hsforms.net\/forms\/embed\/v2.js\"><\/script>\n<script>\n  hbspt.forms.create({\n    portalId: \"4295316\",\n    formId: \"9d0a0eb4-af6b-4cb9-8a28-1c9cd4a763af\",\n    region: \"na1\"\n  });\n<\/script><\/div><\/div><\/div><\/div>\n","protected":false},"excerpt":{"rendered":"","protected":false},"author":1156,"featured_media":0,"parent":0,"menu_order":0,"comment_status":"closed","ping_status":"closed","template":"100-width.php","meta":{"_acf_changed":false,"footnotes":""},"class_list":["post-66944","page","type-page","status-publish","hentry"],"acf":[],"_links":{"self":[{"href":"https:\/\/pro.alfaforni.com\/fr\/wp-json\/wp\/v2\/pages\/66944","targetHints":{"allow":["GET"]}}],"collection":[{"href":"https:\/\/pro.alfaforni.com\/fr\/wp-json\/wp\/v2\/pages"}],"about":[{"href":"https:\/\/pro.alfaforni.com\/fr\/wp-json\/wp\/v2\/types\/page"}],"author":[{"embeddable":true,"href":"https:\/\/pro.alfaforni.com\/fr\/wp-json\/wp\/v2\/users\/1156"}],"replies":[{"embeddable":true,"href":"https:\/\/pro.alfaforni.com\/fr\/wp-json\/wp\/v2\/comments?post=66944"}],"version-history":[{"count":1,"href":"https:\/\/pro.alfaforni.com\/fr\/wp-json\/wp\/v2\/pages\/66944\/revisions"}],"predecessor-version":[{"id":66945,"href":"https:\/\/pro.alfaforni.com\/fr\/wp-json\/wp\/v2\/pages\/66944\/revisions\/66945"}],"wp:attachment":[{"href":"https:\/\/pro.alfaforni.com\/fr\/wp-json\/wp\/v2\/media?parent=66944"}],"curies":[{"name":"wp","href":"https:\/\/api.w.org\/{rel}","templated":true}]}}