{"id":64964,"date":"2024-08-29T13:04:52","date_gmt":"2024-08-29T11:04:52","guid":{"rendered":"https:\/\/pro.alfaforni.com\/?page_id=64964"},"modified":"2024-08-29T14:50:01","modified_gmt":"2024-08-29T12:50:01","slug":"privacy-policy","status":"publish","type":"page","link":"https:\/\/pro.alfaforni.com\/fr\/privacy-policy\/","title":{"rendered":"Privacy Policy"},"content":{"rendered":"<p><div class=\"fusion-fullwidth fullwidth-box fusion-builder-row-1 fusion-flex-container has-pattern-background has-mask-background nonhundred-percent-fullwidth non-hundred-percent-height-scrolling\" style=\"--awb-border-radius-top-left:0px;--awb-border-radius-top-right:0px;--awb-border-radius-bottom-right:0px;--awb-border-radius-bottom-left:0px;--awb-padding-bottom:60px;--awb-padding-bottom-medium:0px;--awb-padding-bottom-small:0px;--awb-margin-top:-60px;--awb-flex-wrap:wrap;\" ><div class=\"fusion-builder-row fusion-row fusion-flex-align-items-flex-start fusion-flex-content-wrap\" style=\"max-width:1248px;margin-left: calc(-4% \/ 2 );margin-right: calc(-4% \/ 2 );\"><div class=\"fusion-layout-column fusion_builder_column fusion-builder-column-0 fusion_builder_column_1_1 1_1 fusion-flex-column\" style=\"--awb-bg-size:cover;--awb-width-large:100%;--awb-margin-top-large:0px;--awb-spacing-right-large:1.92%;--awb-margin-bottom-large:20px;--awb-spacing-left-large:1.92%;--awb-width-medium:100%;--awb-order-medium:0;--awb-spacing-right-medium:1.92%;--awb-spacing-left-medium:1.92%;--awb-width-small:100%;--awb-order-small:0;--awb-spacing-right-small:1.92%;--awb-spacing-left-small:1.92%;\"><div class=\"fusion-column-wrapper fusion-column-has-shadow fusion-flex-justify-content-flex-start fusion-content-layout-column\"><div class=\"fusion-image-element \" style=\"--awb-caption-title-font-family:var(--h2_typography-font-family);--awb-caption-title-font-weight:var(--h2_typography-font-weight);--awb-caption-title-font-style:var(--h2_typography-font-style);--awb-caption-title-size:var(--h2_typography-font-size);--awb-caption-title-transform:var(--h2_typography-text-transform);--awb-caption-title-line-height:var(--h2_typography-line-height);--awb-caption-title-letter-spacing:var(--h2_typography-letter-spacing);\"><span class=\" fusion-imageframe imageframe-none imageframe-1 hover-type-none\"><img decoding=\"async\" width=\"1798\" height=\"727\"  src=\"http:\/\/www.alfaforni.com\/wp-content\/uploads\/2018\/08\/privacy.jpg\" class=\"img-responsive wp-image-6899\" srcset=\"https:\/\/pro.alfaforni.com\/wp-content\/uploads\/2018\/08\/privacy-400x162.jpg 400w, https:\/\/pro.alfaforni.com\/wp-content\/uploads\/2018\/08\/privacy-600x243.jpg 600w, https:\/\/pro.alfaforni.com\/wp-content\/uploads\/2018\/08\/privacy-800x323.jpg 800w, https:\/\/pro.alfaforni.com\/wp-content\/uploads\/2018\/08\/privacy-1200x485.jpg 1200w, https:\/\/pro.alfaforni.com\/wp-content\/uploads\/2018\/08\/privacy.jpg 1798w\" sizes=\"(max-width: 640px) 100vw, 1200px\" alt=\"\"><\/span><\/div><\/div><\/div><\/div><\/div><div class=\"fusion-fullwidth fullwidth-box fusion-builder-row-2 fusion-flex-container has-pattern-background has-mask-background nonhundred-percent-fullwidth non-hundred-percent-height-scrolling\" style=\"--awb-border-radius-top-left:0px;--awb-border-radius-top-right:0px;--awb-border-radius-bottom-right:0px;--awb-border-radius-bottom-left:0px;--awb-padding-bottom:40px;--awb-flex-wrap:wrap;\" ><div class=\"fusion-builder-row fusion-row fusion-flex-align-items-flex-start fusion-flex-content-wrap\" style=\"max-width:1248px;margin-left: calc(-4% \/ 2 );margin-right: calc(-4% \/ 2 );\"><div class=\"fusion-layout-column fusion_builder_column fusion-builder-column-1 fusion_builder_column_1_1 1_1 fusion-flex-column\" style=\"--awb-bg-size:cover;--awb-width-large:100%;--awb-margin-top-large:0px;--awb-spacing-right-large:1.92%;--awb-margin-bottom-large:20px;--awb-spacing-left-large:1.92%;--awb-width-medium:100%;--awb-order-medium:0;--awb-spacing-right-medium:1.92%;--awb-spacing-left-medium:1.92%;--awb-width-small:100%;--awb-order-small:0;--awb-spacing-right-small:1.92%;--awb-spacing-left-small:1.92%;\"><div class=\"fusion-column-wrapper fusion-column-has-shadow fusion-flex-justify-content-flex-start fusion-content-layout-column\"><div class=\"fusion-text fusion-text-1\"><h1>Politique de confidentalit\u00e9 d\u2019<span id=\"title\">Alfa Forni<\/span><\/h1>\n<p>Alfa Forni collecte des Donn\u00e9es Personnelles des Utilisateurs.<\/p>\n<h5 id=\"purposes_data\">Les Donn\u00e9es Personnelles sont recueillies aux fins suivantes et utilisent les services suivants:<\/h5>\n<\/div><\/div><\/div><\/div><\/div><div class=\"fusion-fullwidth fullwidth-box fusion-builder-row-3 fusion-flex-container has-pattern-background has-mask-background nonhundred-percent-fullwidth non-hundred-percent-height-scrolling\" style=\"--awb-border-radius-top-left:0px;--awb-border-radius-top-right:0px;--awb-border-radius-bottom-right:0px;--awb-border-radius-bottom-left:0px;--awb-padding-bottom:40px;--awb-flex-wrap:wrap;\" ><div class=\"fusion-builder-row fusion-row fusion-flex-align-items-flex-start fusion-flex-content-wrap\" style=\"max-width:1248px;margin-left: calc(-4% \/ 2 );margin-right: calc(-4% \/ 2 );\"><div class=\"fusion-layout-column fusion_builder_column fusion-builder-column-2 fusion_builder_column_1_3 1_3 fusion-flex-column\" style=\"--awb-bg-size:cover;--awb-width-large:33.333333333333%;--awb-margin-top-large:0px;--awb-spacing-right-large:5.76%;--awb-margin-bottom-large:20px;--awb-spacing-left-large:5.76%;--awb-width-medium:33.333333333333%;--awb-order-medium:0;--awb-spacing-right-medium:5.76%;--awb-spacing-left-medium:5.76%;--awb-width-small:100%;--awb-order-small:0;--awb-spacing-right-small:1.92%;--awb-spacing-left-small:1.92%;\"><div class=\"fusion-column-wrapper fusion-column-has-shadow fusion-flex-justify-content-flex-start fusion-content-layout-column\"><i class=\"fb-icon-element-1 fb-icon-element fontawesome-icon fa-comments fas circle-yes fusion-text-flow\" style=\"--awb-iconcolor:var(--awb-color5);--awb-iconcolor-hover:var(--awb-color5);--awb-circlecolor:#ffffff;--awb-circlecolor-hover:#ffffff;--awb-circlebordercolor-hover:#000000;--awb-circlebordersize:2px;--awb-font-size:35.2px;--awb-width:70.4px;--awb-height:70.4px;--awb-line-height:66.4px;--awb-border-radius-top-l:5px;--awb-border-radius-top-r:5px;--awb-border-radius-bot-r:5px;--awb-border-radius-bot-l:5px;--awb-margin-right:20px;\"><\/i><div class=\"fusion-text fusion-text-2\"><h4>Commentaires sur le contenu<\/h4>\n<\/div><div class=\"fusion-separator fusion-full-width-sep\" style=\"align-self: center;margin-left: auto;margin-right: auto;margin-top:-10px;margin-bottom:10px;width:100%;\"><div class=\"fusion-separator-border sep-single sep-solid\" style=\"--awb-height:20px;--awb-amount:20px;--awb-sep-color:#e5e5e5;border-color:#e5e5e5;border-top-width:1px;\"><\/div><\/div><div class=\"fusion-text fusion-text-3\"><p><strong>Syst\u00e8me de gestion directe des commentaires<\/strong><\/p>\n<p>Donn\u00e9es personnelles\u00a0: nom de famille, adresse e-mail, pr\u00e9nom<\/p>\n<\/div><\/div><\/div><div class=\"fusion-layout-column fusion_builder_column fusion-builder-column-3 fusion_builder_column_1_3 1_3 fusion-flex-column\" style=\"--awb-bg-size:cover;--awb-width-large:33.333333333333%;--awb-margin-top-large:0px;--awb-spacing-right-large:5.76%;--awb-margin-bottom-large:20px;--awb-spacing-left-large:5.76%;--awb-width-medium:33.333333333333%;--awb-order-medium:0;--awb-spacing-right-medium:5.76%;--awb-spacing-left-medium:5.76%;--awb-width-small:100%;--awb-order-small:0;--awb-spacing-right-small:1.92%;--awb-spacing-left-small:1.92%;\"><div class=\"fusion-column-wrapper fusion-column-has-shadow fusion-flex-justify-content-flex-start fusion-content-layout-column\"><i class=\"fb-icon-element-2 fb-icon-element fontawesome-icon fa-envelope fas circle-yes fusion-text-flow\" style=\"--awb-iconcolor:var(--awb-color5);--awb-iconcolor-hover:var(--awb-color5);--awb-circlecolor:#ffffff;--awb-circlecolor-hover:#ffffff;--awb-circlebordercolor-hover:#000000;--awb-circlebordersize:2px;--awb-font-size:35.2px;--awb-width:70.4px;--awb-height:70.4px;--awb-line-height:66.4px;--awb-border-radius-top-l:5px;--awb-border-radius-top-r:5px;--awb-border-radius-bot-r:5px;--awb-border-radius-bot-l:5px;--awb-margin-right:20px;\"><\/i><div class=\"fusion-text fusion-text-4\"><h4>Contacter l\u2019Utilisateur<\/h4>\n<\/div><div class=\"fusion-separator fusion-full-width-sep\" style=\"align-self: center;margin-left: auto;margin-right: auto;margin-top:-10px;margin-bottom:10px;width:100%;\"><div class=\"fusion-separator-border sep-single sep-solid\" style=\"--awb-height:20px;--awb-amount:20px;--awb-sep-color:#e5e5e5;border-color:#e5e5e5;border-top-width:1px;\"><\/div><\/div><div class=\"fusion-text fusion-text-5\"><p><strong>Formulaire de contact<\/strong><br \/>Donn\u00e9es Personnelles : nom de famille, adresse e-mail, nation, pr\u00e9nom, profession, nom de l\u2019entreprise, secteur d\u2019activit\u00e9, site web, pays.<\/p>\n<p><strong>Liste de diffusion ou newsletter<\/strong><br \/>Donn\u00e9es Personnelles : nom de famille, adresse e-mail, pr\u00e9nom<\/p>\n<\/div><\/div><\/div><div class=\"fusion-layout-column fusion_builder_column fusion-builder-column-4 fusion_builder_column_1_3 1_3 fusion-flex-column\" style=\"--awb-bg-size:cover;--awb-width-large:33.333333333333%;--awb-margin-top-large:0px;--awb-spacing-right-large:5.76%;--awb-margin-bottom-large:20px;--awb-spacing-left-large:5.76%;--awb-width-medium:33.333333333333%;--awb-order-medium:0;--awb-spacing-right-medium:5.76%;--awb-spacing-left-medium:5.76%;--awb-width-small:100%;--awb-order-small:0;--awb-spacing-right-small:1.92%;--awb-spacing-left-small:1.92%;\"><div class=\"fusion-column-wrapper fusion-column-has-shadow fusion-flex-justify-content-flex-start fusion-content-layout-column\"><i class=\"fb-icon-element-3 fb-icon-element fontawesome-icon fa-database fas circle-yes fusion-text-flow\" style=\"--awb-iconcolor:var(--awb-color5);--awb-iconcolor-hover:var(--awb-color5);--awb-circlecolor:#ffffff;--awb-circlecolor-hover:#ffffff;--awb-circlebordercolor-hover:#000000;--awb-circlebordersize:2px;--awb-font-size:35.2px;--awb-width:70.4px;--awb-height:70.4px;--awb-line-height:66.4px;--awb-border-radius-top-l:5px;--awb-border-radius-top-r:5px;--awb-border-radius-bot-r:5px;--awb-border-radius-bot-l:5px;--awb-margin-right:20px;\"><\/i><div class=\"fusion-text fusion-text-6\"><h4>Gestion de la base de donn\u00e9es des Utilisateurs<\/h4>\n<\/div><div class=\"fusion-separator fusion-full-width-sep\" style=\"align-self: center;margin-left: auto;margin-right: auto;margin-top:-10px;margin-bottom:10px;width:100%;\"><div class=\"fusion-separator-border sep-single sep-solid\" style=\"--awb-height:20px;--awb-amount:20px;--awb-sep-color:#e5e5e5;border-color:#e5e5e5;border-top-width:1px;\"><\/div><\/div><div class=\"fusion-text fusion-text-7\"><p><strong>HubSpot CRM<\/strong><br \/>Donn\u00e9es Personnelles : adresse e-mail, num\u00e9ro de t\u00e9l\u00e9phone ; diff\u00e9rents types de donn\u00e9es sp\u00e9cifi\u00e9es dans la politique de confidentialit\u00e9 du service.<\/p>\n<p><strong>HubSpot Lead Management<\/strong><br \/>Donn\u00e9es Personnelles : diff\u00e9rents types de donn\u00e9es sp\u00e9cifi\u00e9es dans la politique de confidentialit\u00e9 du service.<\/p>\n<\/div><\/div><\/div><\/div><\/div><div class=\"fusion-fullwidth fullwidth-box fusion-builder-row-4 fusion-flex-container has-pattern-background has-mask-background nonhundred-percent-fullwidth non-hundred-percent-height-scrolling\" style=\"--awb-border-radius-top-left:0px;--awb-border-radius-top-right:0px;--awb-border-radius-bottom-right:0px;--awb-border-radius-bottom-left:0px;--awb-padding-bottom:40px;--awb-flex-wrap:wrap;\" ><div class=\"fusion-builder-row fusion-row fusion-flex-align-items-flex-start fusion-flex-content-wrap\" style=\"max-width:1248px;margin-left: calc(-4% \/ 2 );margin-right: calc(-4% \/ 2 );\"><div class=\"fusion-layout-column fusion_builder_column fusion-builder-column-5 fusion_builder_column_1_3 1_3 fusion-flex-column\" style=\"--awb-bg-size:cover;--awb-width-large:33.333333333333%;--awb-margin-top-large:0px;--awb-spacing-right-large:5.76%;--awb-margin-bottom-large:20px;--awb-spacing-left-large:5.76%;--awb-width-medium:33.333333333333%;--awb-order-medium:0;--awb-spacing-right-medium:5.76%;--awb-spacing-left-medium:5.76%;--awb-width-small:100%;--awb-order-small:0;--awb-spacing-right-small:1.92%;--awb-spacing-left-small:1.92%;\"><div class=\"fusion-column-wrapper fusion-column-has-shadow fusion-flex-justify-content-flex-start fusion-content-layout-column\"><i class=\"fb-icon-element-4 fb-icon-element fontawesome-icon fa-paper-plane fas circle-yes fusion-text-flow\" style=\"--awb-iconcolor:var(--awb-color5);--awb-iconcolor-hover:var(--awb-color5);--awb-circlecolor:#ffffff;--awb-circlecolor-hover:#ffffff;--awb-circlebordercolor-hover:#000000;--awb-circlebordersize:2px;--awb-font-size:35.2px;--awb-width:70.4px;--awb-height:70.4px;--awb-line-height:66.4px;--awb-border-radius-top-l:5px;--awb-border-radius-top-r:5px;--awb-border-radius-bot-r:5px;--awb-border-radius-bot-l:5px;--awb-margin-right:20px;\"><\/i><div class=\"fusion-text fusion-text-8\"><h4>Gestion des contacts et envoi des messages<\/h4>\n<\/div><div class=\"fusion-separator fusion-full-width-sep\" style=\"align-self: center;margin-left: auto;margin-right: auto;margin-top:-10px;margin-bottom:10px;width:100%;\"><div class=\"fusion-separator-border sep-single sep-solid\" style=\"--awb-height:20px;--awb-amount:20px;--awb-sep-color:#e5e5e5;border-color:#e5e5e5;border-top-width:1px;\"><\/div><\/div><div class=\"fusion-text fusion-text-9\"><p><strong>HubSpot Email<\/strong><br \/>Donn\u00e9es Personnelles : donn\u00e9es d\u2019utilisation ; adresse e-mail<\/p>\n<p><strong>Mailchimp<\/strong><br \/>Donn\u00e9es Personnelles : adresse e-mail<\/p>\n<p><strong>4Dem<\/strong><br \/>Donn\u00e9es Personnelles : adresse e-mail<\/p>\n<\/div><\/div><\/div><div class=\"fusion-layout-column fusion_builder_column fusion-builder-column-6 fusion_builder_column_1_3 1_3 fusion-flex-column\" style=\"--awb-bg-size:cover;--awb-width-large:33.333333333333%;--awb-margin-top-large:0px;--awb-spacing-right-large:5.76%;--awb-margin-bottom-large:20px;--awb-spacing-left-large:5.76%;--awb-width-medium:33.333333333333%;--awb-order-medium:0;--awb-spacing-right-medium:5.76%;--awb-spacing-left-medium:5.76%;--awb-width-small:100%;--awb-order-small:0;--awb-spacing-right-small:1.92%;--awb-spacing-left-small:1.92%;\"><div class=\"fusion-column-wrapper fusion-column-has-shadow fusion-flex-justify-content-flex-start fusion-content-layout-column\"><i class=\"fb-icon-element-5 fb-icon-element fontawesome-icon fa-users fas circle-yes fusion-text-flow\" style=\"--awb-iconcolor:var(--awb-color5);--awb-iconcolor-hover:var(--awb-color5);--awb-circlecolor:#ffffff;--awb-circlecolor-hover:#ffffff;--awb-circlebordercolor-hover:#000000;--awb-circlebordersize:2px;--awb-font-size:35.2px;--awb-width:70.4px;--awb-height:70.4px;--awb-line-height:66.4px;--awb-border-radius-top-l:5px;--awb-border-radius-top-r:5px;--awb-border-radius-bot-r:5px;--awb-border-radius-bot-l:5px;--awb-margin-right:20px;\"><\/i><div class=\"fusion-text fusion-text-10\"><h4>Interaction avec les r\u00e9seaux sociaux et les plateformes externes<\/h4>\n<\/div><div class=\"fusion-separator fusion-full-width-sep\" style=\"align-self: center;margin-left: auto;margin-right: auto;margin-top:-10px;margin-bottom:10px;width:100%;\"><div class=\"fusion-separator-border sep-single sep-solid\" style=\"--awb-height:20px;--awb-amount:20px;--awb-sep-color:#e5e5e5;border-color:#e5e5e5;border-top-width:1px;\"><\/div><\/div><div class=\"fusion-text fusion-text-11\"><p><strong>Bouton like de Facebook et widgets sociaux, bouton Tweet and widgets sociaux Twitter, bouton LinkedIn et widgets sociaux, bouton Pinterest et widgets sociaux, bouton Instagram et widgets sociaux<\/strong><\/p>\n<p>Donn\u00e9es Personnelles\u00a0: Cookies et donn\u00e9es d\u2019utilisation<\/p>\n<\/div><\/div><\/div><div class=\"fusion-layout-column fusion_builder_column fusion-builder-column-7 fusion_builder_column_1_3 1_3 fusion-flex-column\" style=\"--awb-bg-size:cover;--awb-width-large:33.333333333333%;--awb-margin-top-large:0px;--awb-spacing-right-large:5.76%;--awb-margin-bottom-large:20px;--awb-spacing-left-large:5.76%;--awb-width-medium:33.333333333333%;--awb-order-medium:0;--awb-spacing-right-medium:5.76%;--awb-spacing-left-medium:5.76%;--awb-width-small:100%;--awb-order-small:0;--awb-spacing-right-small:1.92%;--awb-spacing-left-small:1.92%;\"><div class=\"fusion-column-wrapper fusion-column-has-shadow fusion-flex-justify-content-flex-start fusion-content-layout-column\"><i class=\"fb-icon-element-6 fb-icon-element fontawesome-icon fa-bullseye fas circle-yes fusion-text-flow\" style=\"--awb-iconcolor:var(--awb-color5);--awb-iconcolor-hover:var(--awb-color5);--awb-circlecolor:#ffffff;--awb-circlecolor-hover:#ffffff;--awb-circlebordercolor-hover:#000000;--awb-circlebordersize:2px;--awb-font-size:35.2px;--awb-width:70.4px;--awb-height:70.4px;--awb-line-height:66.4px;--awb-border-radius-top-l:5px;--awb-border-radius-top-r:5px;--awb-border-radius-bot-r:5px;--awb-border-radius-bot-l:5px;--awb-margin-right:20px;\"><\/i><div class=\"fusion-text fusion-text-12\"><h4>Remarketing et ciblage comportemental<\/h4>\n<\/div><div class=\"fusion-separator fusion-full-width-sep\" style=\"align-self: center;margin-left: auto;margin-right: auto;margin-top:-10px;margin-bottom:10px;width:100%;\"><div class=\"fusion-separator-border sep-single sep-solid\" style=\"--awb-height:20px;--awb-amount:20px;--awb-sep-color:#e5e5e5;border-color:#e5e5e5;border-top-width:1px;\"><\/div><\/div><div class=\"fusion-text fusion-text-13\"><p><strong>Remarketing sur Google Ads, Remarketing avec Google Analytics et Google Ad Manager Extension d\u2019audience<\/strong><\/p>\n<p>Donn\u00e9es Personnelles\u00a0: Cookies\u00a0; Donn\u00e9es d\u2019utilisation<\/p>\n<\/div><\/div><\/div><\/div><\/div><div class=\"fusion-fullwidth fullwidth-box fusion-builder-row-5 fusion-flex-container has-pattern-background has-mask-background nonhundred-percent-fullwidth non-hundred-percent-height-scrolling\" style=\"--awb-border-radius-top-left:0px;--awb-border-radius-top-right:0px;--awb-border-radius-bottom-right:0px;--awb-border-radius-bottom-left:0px;--awb-flex-wrap:wrap;\" ><div class=\"fusion-builder-row fusion-row fusion-flex-align-items-flex-start fusion-flex-content-wrap\" style=\"max-width:1248px;margin-left: calc(-4% \/ 2 );margin-right: calc(-4% \/ 2 );\"><div class=\"fusion-layout-column fusion_builder_column fusion-builder-column-8 fusion_builder_column_1_3 1_3 fusion-flex-column\" style=\"--awb-bg-size:cover;--awb-width-large:33.333333333333%;--awb-margin-top-large:0px;--awb-spacing-right-large:5.76%;--awb-margin-bottom-large:20px;--awb-spacing-left-large:5.76%;--awb-width-medium:33.333333333333%;--awb-order-medium:0;--awb-spacing-right-medium:5.76%;--awb-spacing-left-medium:5.76%;--awb-width-small:100%;--awb-order-small:0;--awb-spacing-right-small:1.92%;--awb-spacing-left-small:1.92%;\"><div class=\"fusion-column-wrapper fusion-column-has-shadow fusion-flex-justify-content-flex-start fusion-content-layout-column\"><i class=\"fb-icon-element-7 fb-icon-element fontawesome-icon fa-chart-bar fas circle-yes fusion-text-flow\" style=\"--awb-iconcolor:var(--awb-color5);--awb-iconcolor-hover:var(--awb-color5);--awb-circlecolor:#ffffff;--awb-circlecolor-hover:#ffffff;--awb-circlebordercolor-hover:#000000;--awb-circlebordersize:2px;--awb-font-size:35.2px;--awb-width:70.4px;--awb-height:70.4px;--awb-line-height:66.4px;--awb-border-radius-top-l:5px;--awb-border-radius-top-r:5px;--awb-border-radius-bot-r:5px;--awb-border-radius-bot-l:5px;--awb-margin-right:20px;\"><\/i><div class=\"fusion-text fusion-text-14\"><h4>Statistique<\/h4>\n<\/div><div class=\"fusion-separator fusion-full-width-sep\" style=\"align-self: center;margin-left: auto;margin-right: auto;margin-top:-10px;margin-bottom:10px;width:100%;\"><div class=\"fusion-separator-border sep-single sep-solid\" style=\"--awb-height:20px;--awb-amount:20px;--awb-sep-color:#e5e5e5;border-color:#e5e5e5;border-top-width:1px;\"><\/div><\/div><div class=\"fusion-text fusion-text-15\"><p><strong>Extension de la publicit\u00e9 Display pour Google Analytics, Google Analytics et HubSpot Analytics<\/strong><\/p>\n<p>Donn\u00e9es Personnelles\u00a0: Cookies\u00a0; Donn\u00e9es d\u2019utilisation<\/p>\n<\/div><\/div><\/div><div class=\"fusion-layout-column fusion_builder_column fusion-builder-column-9 fusion_builder_column_1_3 1_3 fusion-flex-column\" style=\"--awb-bg-size:cover;--awb-width-large:33.333333333333%;--awb-margin-top-large:0px;--awb-spacing-right-large:5.76%;--awb-margin-bottom-large:20px;--awb-spacing-left-large:5.76%;--awb-width-medium:33.333333333333%;--awb-order-medium:0;--awb-spacing-right-medium:5.76%;--awb-spacing-left-medium:5.76%;--awb-width-small:100%;--awb-order-small:0;--awb-spacing-right-small:1.92%;--awb-spacing-left-small:1.92%;\"><div class=\"fusion-column-wrapper fusion-column-has-shadow fusion-flex-justify-content-flex-start fusion-content-layout-column\"><i class=\"fb-icon-element-8 fb-icon-element fontawesome-icon fa-address-book fas circle-yes fusion-text-flow\" style=\"--awb-iconcolor:var(--awb-color5);--awb-iconcolor-hover:var(--awb-color5);--awb-circlecolor:#ffffff;--awb-circlecolor-hover:#ffffff;--awb-circlebordercolor-hover:#000000;--awb-circlebordersize:2px;--awb-font-size:35.2px;--awb-width:70.4px;--awb-height:70.4px;--awb-line-height:66.4px;--awb-border-radius-top-l:5px;--awb-border-radius-top-r:5px;--awb-border-radius-bot-r:5px;--awb-border-radius-bot-l:5px;--awb-margin-right:20px;\"><\/i><div class=\"fusion-text fusion-text-16\"><h4>Pour nous contacter<\/h4>\n<\/div><div class=\"fusion-separator fusion-full-width-sep\" style=\"align-self: center;margin-left: auto;margin-right: auto;margin-top:-10px;margin-bottom:10px;width:100%;\"><div class=\"fusion-separator-border sep-single sep-solid\" style=\"--awb-height:20px;--awb-amount:20px;--awb-sep-color:#e5e5e5;border-color:#e5e5e5;border-top-width:1px;\"><\/div><\/div><div class=\"fusion-text fusion-text-17\"><p><strong>Responsable du Traitement<\/strong><\/p>\n<p>AlfaForni.com chez Alfa Refrattari srl \u2013 Via Osteria della Fontana 63, Anagni, Frosinone, 03012 Italie<\/p>\n<p><strong>Adresse e-mail du propri\u00e9taire\u00a0:\u00a0<\/strong>crm@alfaforni.com<\/p>\n<\/div><\/div><\/div><div class=\"fusion-layout-column fusion_builder_column fusion-builder-column-10 fusion_builder_column_1_3 1_3 fusion-flex-column\" style=\"--awb-bg-size:cover;--awb-width-large:33.333333333333%;--awb-margin-top-large:0px;--awb-spacing-right-large:5.76%;--awb-margin-bottom-large:20px;--awb-spacing-left-large:5.76%;--awb-width-medium:33.333333333333%;--awb-order-medium:0;--awb-spacing-right-medium:5.76%;--awb-spacing-left-medium:5.76%;--awb-width-small:100%;--awb-order-small:0;--awb-spacing-right-small:1.92%;--awb-spacing-left-small:1.92%;\"><div class=\"fusion-column-wrapper fusion-column-has-shadow fusion-flex-justify-content-flex-start fusion-content-layout-column\"><i class=\"fb-icon-element-9 fb-icon-element fontawesome-icon fa-plus-circle fas circle-yes fusion-text-flow\" style=\"--awb-iconcolor:var(--awb-color5);--awb-iconcolor-hover:var(--awb-color5);--awb-circlecolor:#ffffff;--awb-circlecolor-hover:#ffffff;--awb-circlebordercolor-hover:#000000;--awb-circlebordersize:2px;--awb-font-size:35.2px;--awb-width:70.4px;--awb-height:70.4px;--awb-line-height:66.4px;--awb-border-radius-top-l:5px;--awb-border-radius-top-r:5px;--awb-border-radius-bot-r:5px;--awb-border-radius-bot-l:5px;--awb-margin-right:20px;\"><\/i><div class=\"fusion-text fusion-text-18\"><h4>Politique de confidentialit\u00e9<\/h4>\n<\/div><div class=\"fusion-separator fusion-full-width-sep\" style=\"align-self: center;margin-left: auto;margin-right: auto;margin-top:-10px;margin-bottom:10px;width:100%;\"><div class=\"fusion-separator-border sep-single sep-solid\" style=\"--awb-height:20px;--awb-amount:20px;--awb-sep-color:#e5e5e5;border-color:#e5e5e5;border-top-width:1px;\"><\/div><\/div><div class=\"fusion-text fusion-text-19\"><p><b><a href=\"\/fr\/cookie-privacy-policy\/\" data-toggle=\"collapse\">Cliquez ici pour consulter le document complet<\/a><\/b><\/p>\n<\/div><\/div><\/div><\/div><\/div><\/p>\n","protected":false},"excerpt":{"rendered":"","protected":false},"author":900,"featured_media":6899,"parent":0,"menu_order":0,"comment_status":"closed","ping_status":"closed","template":"","meta":{"_acf_changed":false,"footnotes":""},"class_list":["post-64964","page","type-page","status-publish","has-post-thumbnail","hentry"],"acf":[],"_links":{"self":[{"href":"https:\/\/pro.alfaforni.com\/fr\/wp-json\/wp\/v2\/pages\/64964","targetHints":{"allow":["GET"]}}],"collection":[{"href":"https:\/\/pro.alfaforni.com\/fr\/wp-json\/wp\/v2\/pages"}],"about":[{"href":"https:\/\/pro.alfaforni.com\/fr\/wp-json\/wp\/v2\/types\/page"}],"author":[{"embeddable":true,"href":"https:\/\/pro.alfaforni.com\/fr\/wp-json\/wp\/v2\/users\/900"}],"replies":[{"embeddable":true,"href":"https:\/\/pro.alfaforni.com\/fr\/wp-json\/wp\/v2\/comments?post=64964"}],"version-history":[{"count":4,"href":"https:\/\/pro.alfaforni.com\/fr\/wp-json\/wp\/v2\/pages\/64964\/revisions"}],"predecessor-version":[{"id":64985,"href":"https:\/\/pro.alfaforni.com\/fr\/wp-json\/wp\/v2\/pages\/64964\/revisions\/64985"}],"wp:featuredmedia":[{"embeddable":true,"href":"https:\/\/pro.alfaforni.com\/fr\/wp-json\/wp\/v2\/media\/6899"}],"wp:attachment":[{"href":"https:\/\/pro.alfaforni.com\/fr\/wp-json\/wp\/v2\/media?parent=64964"}],"curies":[{"name":"wp","href":"https:\/\/api.w.org\/{rel}","templated":true}]}}