{"id":3117,"date":"2018-06-12T12:09:04","date_gmt":"2018-06-12T10:09:04","guid":{"rendered":"https:\/\/pro.alfaforni.com\/devenir-un-revendeur\/"},"modified":"2024-05-02T11:24:20","modified_gmt":"2024-05-02T09:24:20","slug":"devenir-un-revendeur","status":"publish","type":"page","link":"https:\/\/pro.alfaforni.com\/fr\/devenir-un-revendeur\/","title":{"rendered":"Devenez revendeur"},"content":{"rendered":"<p><div class=\"fusion-fullwidth fullwidth-box fusion-builder-row-1 fusion-flex-container has-pattern-background has-mask-background nonhundred-percent-fullwidth non-hundred-percent-height-scrolling\" style=\"--awb-border-radius-top-left:0px;--awb-border-radius-top-right:0px;--awb-border-radius-bottom-right:0px;--awb-border-radius-bottom-left:0px;--awb-padding-top:40px;--awb-padding-bottom:80px;--awb-padding-top-medium:0px;--awb-flex-wrap:wrap;\" ><div class=\"fusion-builder-row fusion-row fusion-flex-align-items-flex-start fusion-flex-content-wrap\" style=\"max-width:1248px;margin-left: calc(-4% \/ 2 );margin-right: calc(-4% \/ 2 );\"><div class=\"fusion-layout-column fusion_builder_column fusion-builder-column-0 fusion_builder_column_1_2 1_2 fusion-flex-column\" style=\"--awb-bg-size:cover;--awb-width-large:50%;--awb-margin-top-large:-30px;--awb-spacing-right-large:3.84%;--awb-margin-bottom-large:20px;--awb-spacing-left-large:3.84%;--awb-width-medium:50%;--awb-order-medium:0;--awb-spacing-right-medium:3.84%;--awb-spacing-left-medium:3.84%;--awb-width-small:100%;--awb-order-small:0;--awb-spacing-right-small:1.92%;--awb-spacing-left-small:1.92%;\"><div class=\"fusion-column-wrapper fusion-column-has-shadow fusion-flex-justify-content-flex-start fusion-content-layout-column\"><div class=\"fusion-text fusion-text-1\"><h1>Pourquoi travailler avec Alfa?<\/h1>\n<h3>Alfa est une entreprise \u00e0 forte croissance qui cherche des revendeurs qualifi\u00e9s dans de nombreuses zones g\u00e9ographiques.<\/h3>\n<p>Depuis 40 ans, nous g\u00e9rons une entreprise familiale avec la m\u00eame passion et la volont\u00e9 constante d\u2019innover et de commercialiser nos fours dans le monde entier. Une grande famille qui inclut \u00e9galement l\u2019ensemble de nos collaborateurs, revendeurs et fournisseurs et qui partage la m\u00eame obession pour la qualit\u00e9. Ces derni\u00e8res ann\u00e9es nous avons vendu plus de 500 000 fours dans le monde entier, ce qui prouve que nos clients appr\u00e9cient notre d\u00e9marche faite de fiabilit\u00e9, d\u2019am\u00e9lioration continue et de haute technologie.<\/p>\n<p>Alfa met la satisfaction de ses partenaires au premier plan. Nous avons mis en place un syst\u00e8me d\u2019assistance en ligne, un service client d\u00e9di\u00e9 et une \u00e9quipe commerciale qui s\u2019occupe de la formation produit et de bien am\u00e9nager le point de vente pour augmenter le chiffre d\u2019affaires.<\/p>\n<\/div><\/div><\/div><div class=\"fusion-layout-column fusion_builder_column fusion-builder-column-1 fusion_builder_column_1_2 1_2 fusion-flex-column\" style=\"--awb-bg-size:cover;--awb-width-large:50%;--awb-margin-top-large:0px;--awb-spacing-right-large:3.84%;--awb-margin-bottom-large:20px;--awb-spacing-left-large:3.84%;--awb-width-medium:50%;--awb-order-medium:0;--awb-spacing-right-medium:3.84%;--awb-spacing-left-medium:3.84%;--awb-width-small:100%;--awb-order-small:0;--awb-spacing-right-small:1.92%;--awb-spacing-left-small:1.92%;\"><div class=\"fusion-column-wrapper fusion-column-has-shadow fusion-flex-justify-content-flex-start fusion-content-layout-column\"><div class=\"fusion-text fusion-text-2\"><h3>D\u00e9couvrez comment vous pouvez rejoindre notre \u00e9quipe de vendeurs; saisissez vos coordonn\u00e9es dans le formulaire ci-dessous.<\/h3>\n<\/div><!--[if lte IE 8]>\n<script data-wpfc-render=\"false\" charset=\"utf-8\" type=\"text\/javascript\" src=\"\/\/js.hsforms.net\/forms\/v2-legacy.js\"><\/script>\n<![endif]-->\n<script data-wpfc-render=\"false\" charset=\"utf-8\" type=\"text\/javascript\" src=\"\/\/js.hsforms.net\/forms\/v2.js\"><\/script>\n<script>\n  hbspt.forms.create({\n\tportalId: \"4295316\",\n\tformId: \"63245ded-f245-44ed-b9d6-75dbc6e58d16\"\n});\n<\/script><\/div><\/div><\/div><\/div><div class=\"fusion-fullwidth fullwidth-box fusion-builder-row-2 fusion-flex-container has-pattern-background has-mask-background nonhundred-percent-fullwidth non-hundred-percent-height-scrolling\" style=\"--awb-border-radius-top-left:0px;--awb-border-radius-top-right:0px;--awb-border-radius-bottom-right:0px;--awb-border-radius-bottom-left:0px;--awb-padding-top:60px;--awb-padding-bottom:60px;--awb-background-color:#2c2125;--awb-flex-wrap:wrap;\" ><div class=\"fusion-builder-row fusion-row fusion-flex-align-items-flex-start fusion-flex-content-wrap\" style=\"max-width:1248px;margin-left: calc(-4% \/ 2 );margin-right: calc(-4% \/ 2 );\"><div class=\"fusion-layout-column fusion_builder_column fusion-builder-column-2 fusion_builder_column_1_3 1_3 fusion-flex-column\" style=\"--awb-bg-size:cover;--awb-width-large:33.333333333333%;--awb-margin-top-large:0px;--awb-spacing-right-large:5.76%;--awb-margin-bottom-large:20px;--awb-spacing-left-large:5.76%;--awb-width-medium:33.333333333333%;--awb-order-medium:0;--awb-spacing-right-medium:5.76%;--awb-spacing-left-medium:5.76%;--awb-width-small:100%;--awb-order-small:0;--awb-spacing-right-small:1.92%;--awb-spacing-left-small:1.92%;\"><div class=\"fusion-column-wrapper fusion-column-has-shadow fusion-flex-justify-content-flex-start fusion-content-layout-column\"><div class=\"fusion-image-element \" style=\"--awb-margin-bottom:20px;--awb-caption-title-font-family:var(--h2_typography-font-family);--awb-caption-title-font-weight:var(--h2_typography-font-weight);--awb-caption-title-font-style:var(--h2_typography-font-style);--awb-caption-title-size:var(--h2_typography-font-size);--awb-caption-title-transform:var(--h2_typography-text-transform);--awb-caption-title-line-height:var(--h2_typography-line-height);--awb-caption-title-letter-spacing:var(--h2_typography-letter-spacing);\"><span class=\" fusion-imageframe imageframe-none imageframe-1 hover-type-none\"><img decoding=\"async\" width=\"78\" height=\"78\"  src=\"http:\/\/www.alfaforni.com\/wp-content\/uploads\/2021\/12\/alfa-forni-carrello-icon.png\" class=\"img-responsive wp-image-25843\" alt=\"\" srcset=\"https:\/\/pro.alfaforni.com\/wp-content\/uploads\/2021\/12\/alfa-forni-carrello-icon.png 78w, https:\/\/pro.alfaforni.com\/wp-content\/uploads\/2021\/12\/alfa-forni-carrello-icon-1024x1024.png 1024w\" sizes=\"(max-width: 78px) 100vw, 78px\" \/><\/span><\/div><div class=\"fusion-text fusion-text-3\"><h4><span style=\"color: #ffffff;\">Le four \u00e0 bois est une am\u00e9lioration pour vos clients.<\/span><\/h4>\n<p><span style=\"color: #ffffff;\">Dans l\u2019univers du barbecue et de la cuisine en plein air, le four \u00e0 bois est en train de gagner du terrain. Les <b>amateurs<\/b> de la cuisson au feu de bois cherchent des appareils polyvalents, les n\u00e9ophytes choisissent plut\u00f4t des solutions plus simples pour commencer <b>\u00e0 cuisiner \u00e0 l\u2019ext\u00e9rieur<\/b> tandis que les esth\u00e8tes se dirigent vers un produit qui puisse bien meubler leur cuisine d\u2019\u00e9t\u00e9.<\/span><\/p>\n<\/div><\/div><\/div><div class=\"fusion-layout-column fusion_builder_column fusion-builder-column-3 fusion_builder_column_1_3 1_3 fusion-flex-column\" style=\"--awb-bg-size:cover;--awb-width-large:33.333333333333%;--awb-margin-top-large:0px;--awb-spacing-right-large:5.76%;--awb-margin-bottom-large:20px;--awb-spacing-left-large:5.76%;--awb-width-medium:33.333333333333%;--awb-order-medium:0;--awb-spacing-right-medium:5.76%;--awb-spacing-left-medium:5.76%;--awb-width-small:100%;--awb-order-small:0;--awb-spacing-right-small:1.92%;--awb-spacing-left-small:1.92%;\"><div class=\"fusion-column-wrapper fusion-column-has-shadow fusion-flex-justify-content-flex-start fusion-content-layout-column\"><div class=\"fusion-image-element \" style=\"--awb-margin-bottom:20px;--awb-max-width:78px;--awb-caption-title-font-family:var(--h2_typography-font-family);--awb-caption-title-font-weight:var(--h2_typography-font-weight);--awb-caption-title-font-style:var(--h2_typography-font-style);--awb-caption-title-size:var(--h2_typography-font-size);--awb-caption-title-transform:var(--h2_typography-text-transform);--awb-caption-title-line-height:var(--h2_typography-line-height);--awb-caption-title-letter-spacing:var(--h2_typography-letter-spacing);\"><span class=\" fusion-imageframe imageframe-none imageframe-2 hover-type-none\"><img decoding=\"async\" width=\"512\" height=\"512\"  src=\"http:\/\/www.alfaforni.com\/wp-content\/uploads\/2021\/12\/cropped-alfa-favicon.png\" class=\"img-responsive wp-image-25850\" alt=\"\" srcset=\"https:\/\/pro.alfaforni.com\/wp-content\/uploads\/2021\/12\/cropped-alfa-favicon-100x100.png 100w, https:\/\/pro.alfaforni.com\/wp-content\/uploads\/2021\/12\/cropped-alfa-favicon-300x300.png 300w, https:\/\/pro.alfaforni.com\/wp-content\/uploads\/2021\/12\/cropped-alfa-favicon-500x500.png 500w, https:\/\/pro.alfaforni.com\/wp-content\/uploads\/2021\/12\/cropped-alfa-favicon.png 512w, https:\/\/pro.alfaforni.com\/wp-content\/uploads\/2021\/12\/cropped-alfa-favicon-1024x1024.png 1024w\" sizes=\"(max-width: 512px) 100vw, 512px\" \/><\/span><\/div><div class=\"fusion-text fusion-text-4\"><h4><span style=\"color: #ffffff;\">Alfa a une solution pour tous vos clients!<\/span><\/h4>\n<p><span style=\"color: #ffffff;\">Du <a href=\"https:\/\/pro.alfaforni.com\/fr\/produit\/4-pizze-four-a-bois\/\">4 Pizze<\/a>, le four pour les passionn\u00e9s de la cuisine \u00e0 feu de bois qui veulent rapprocher le monde de la pizza \u00e0 celui du pain, au four <a href=\"https:\/\/pro.alfaforni.com\/fr\/produit\/one-le-four-italien-pour-tout-un-chacun\/\">ONE<\/a>, pour les cuisiniers d\u00e9butants qui pr\u00e9f\u00e8rent un appareil \u00e0 gaz, propre, facile \u00e0 utiliser et adapt\u00e9 pour un balcon, en passant par le <a href=\"https:\/\/pro.alfaforni.com\/fr\/produit\/dolce-vita-four-a-gaz\/\">Dolce Vita<\/a>, qui dans sa version posable est tout simplement parfait pour les cuisines d\u2019\u00e9t\u00e9 les plus cossues.<\/span><\/p>\n<\/div><\/div><\/div><div class=\"fusion-layout-column fusion_builder_column fusion-builder-column-4 fusion_builder_column_1_3 1_3 fusion-flex-column\" style=\"--awb-bg-size:cover;--awb-width-large:33.333333333333%;--awb-margin-top-large:0px;--awb-spacing-right-large:5.76%;--awb-margin-bottom-large:20px;--awb-spacing-left-large:5.76%;--awb-width-medium:33.333333333333%;--awb-order-medium:0;--awb-spacing-right-medium:5.76%;--awb-spacing-left-medium:5.76%;--awb-width-small:100%;--awb-order-small:0;--awb-spacing-right-small:1.92%;--awb-spacing-left-small:1.92%;\"><div class=\"fusion-column-wrapper fusion-column-has-shadow fusion-flex-justify-content-flex-start fusion-content-layout-column\"><div class=\"fusion-image-element \" style=\"--awb-margin-bottom:20px;--awb-caption-title-font-family:var(--h2_typography-font-family);--awb-caption-title-font-weight:var(--h2_typography-font-weight);--awb-caption-title-font-style:var(--h2_typography-font-style);--awb-caption-title-size:var(--h2_typography-font-size);--awb-caption-title-transform:var(--h2_typography-text-transform);--awb-caption-title-line-height:var(--h2_typography-line-height);--awb-caption-title-letter-spacing:var(--h2_typography-letter-spacing);\"><span class=\" fusion-imageframe imageframe-none imageframe-3 hover-type-none\"><img decoding=\"async\" width=\"78\" height=\"78\"  src=\"http:\/\/www.alfaforni.com\/wp-content\/uploads\/2021\/12\/alfa-forni-fiamma-icon-.png\" class=\"img-responsive wp-image-25857\" alt=\"\" srcset=\"https:\/\/pro.alfaforni.com\/wp-content\/uploads\/2021\/12\/alfa-forni-fiamma-icon-.png 78w, https:\/\/pro.alfaforni.com\/wp-content\/uploads\/2021\/12\/alfa-forni-fiamma-icon--1024x1024.png 1024w\" sizes=\"(max-width: 78px) 100vw, 78px\" \/><\/span><\/div><div class=\"fusion-text fusion-text-5\"><h4><span style=\"color: #ffffff;\">Alfa investit chaque mois pour faire cro\u00eetre le nombre de contacts de votre magasin.<\/span><\/h4>\n<p><span style=\"color: #ffffff;\">Que vous soyez un vendeur specialis\u00e9, un commer\u00e7ant en ligne ou un distributeur, Alfa a \u00e9labor\u00e9 un syst\u00e8me de marketing en ligne pour tous ses partenaires; un <b>site web<\/b> avec beaucoup de trafic, des centaines de contacts par jour et une pr\u00e9sence continue sur les principaux r\u00e9seaux sociaux.<\/span><\/p>\n<\/div><\/div><\/div><\/div><\/div><div class=\"fusion-fullwidth fullwidth-box fusion-builder-row-3 fusion-flex-container has-pattern-background has-mask-background nonhundred-percent-fullwidth non-hundred-percent-height-scrolling\" style=\"--awb-border-radius-top-left:0px;--awb-border-radius-top-right:0px;--awb-border-radius-bottom-right:0px;--awb-border-radius-bottom-left:0px;--awb-padding-top:100px;--awb-padding-bottom:80px;--awb-flex-wrap:wrap;\" ><div class=\"fusion-builder-row fusion-row fusion-flex-align-items-flex-start fusion-flex-content-wrap\" style=\"max-width:1248px;margin-left: calc(-4% \/ 2 );margin-right: calc(-4% \/ 2 );\"><div class=\"fusion-layout-column fusion_builder_column fusion-builder-column-5 fusion_builder_column_1_1 1_1 fusion-flex-column\" style=\"--awb-bg-size:cover;--awb-width-large:100%;--awb-margin-top-large:0px;--awb-spacing-right-large:1.92%;--awb-margin-bottom-large:20px;--awb-spacing-left-large:1.92%;--awb-width-medium:100%;--awb-order-medium:0;--awb-spacing-right-medium:1.92%;--awb-spacing-left-medium:1.92%;--awb-width-small:100%;--awb-order-small:0;--awb-spacing-right-small:1.92%;--awb-spacing-left-small:1.92%;\"><div class=\"fusion-column-wrapper fusion-column-has-shadow fusion-flex-justify-content-flex-start fusion-content-layout-column\"><div class=\"fusion-text fusion-text-6\"><div style=\"padding: 56.25% 0 0 0; position: relative;\"><iframe style=\"position: absolute; top: 0; left: 0; width: 100%; height: 100%;\" src=\"https:\/\/player.vimeo.com\/video\/283914192?h=aa4a21285e&amp;color=ffffff&amp;title=0&amp;byline=0&amp;portrait=0\" frameborder=\"0\" allowfullscreen=\"allowfullscreen\"><\/iframe><\/div>\n<\/div><\/div><\/div><\/div><\/div><\/p>\n","protected":false},"excerpt":{"rendered":"","protected":false},"author":1,"featured_media":7649,"parent":0,"menu_order":0,"comment_status":"closed","ping_status":"closed","template":"100-width.php","meta":{"_acf_changed":false,"footnotes":""},"class_list":["post-3117","page","type-page","status-publish","has-post-thumbnail","hentry"],"acf":[],"_links":{"self":[{"href":"https:\/\/pro.alfaforni.com\/fr\/wp-json\/wp\/v2\/pages\/3117","targetHints":{"allow":["GET"]}}],"collection":[{"href":"https:\/\/pro.alfaforni.com\/fr\/wp-json\/wp\/v2\/pages"}],"about":[{"href":"https:\/\/pro.alfaforni.com\/fr\/wp-json\/wp\/v2\/types\/page"}],"author":[{"embeddable":true,"href":"https:\/\/pro.alfaforni.com\/fr\/wp-json\/wp\/v2\/users\/1"}],"replies":[{"embeddable":true,"href":"https:\/\/pro.alfaforni.com\/fr\/wp-json\/wp\/v2\/comments?post=3117"}],"version-history":[{"count":5,"href":"https:\/\/pro.alfaforni.com\/fr\/wp-json\/wp\/v2\/pages\/3117\/revisions"}],"predecessor-version":[{"id":61226,"href":"https:\/\/pro.alfaforni.com\/fr\/wp-json\/wp\/v2\/pages\/3117\/revisions\/61226"}],"wp:featuredmedia":[{"embeddable":true,"href":"https:\/\/pro.alfaforni.com\/fr\/wp-json\/wp\/v2\/media\/7649"}],"wp:attachment":[{"href":"https:\/\/pro.alfaforni.com\/fr\/wp-json\/wp\/v2\/media?parent=3117"}],"curies":[{"name":"wp","href":"https:\/\/api.w.org\/{rel}","templated":true}]}}