{"id":27142,"date":"2021-12-19T09:51:06","date_gmt":"2021-12-19T08:51:06","guid":{"rendered":"https:\/\/pro.alfaforni.com\/?page_id=27142"},"modified":"2024-05-08T11:35:46","modified_gmt":"2024-05-08T09:35:46","slug":"fours-a-gaz-professionnels","status":"publish","type":"page","link":"https:\/\/pro.alfaforni.com\/fr\/fours-a-gaz-professionnels\/","title":{"rendered":"Fours \u00e0 gaz professionnels"},"content":{"rendered":"<p><div class=\"fusion-fullwidth fullwidth-box fusion-builder-row-1 fusion-flex-container has-pattern-background has-mask-background nonhundred-percent-fullwidth non-hundred-percent-height-scrolling\" style=\"--awb-border-radius-top-left:0px;--awb-border-radius-top-right:0px;--awb-border-radius-bottom-right:0px;--awb-border-radius-bottom-left:0px;--awb-padding-top:50px;--awb-padding-bottom:100px;--awb-padding-top-medium:20px;--awb-padding-bottom-small:40px;--awb-margin-top:-60px;--awb-background-color:#eee8e2;--awb-flex-wrap:wrap;\" ><div class=\"fusion-builder-row fusion-row fusion-flex-align-items-flex-start fusion-flex-content-wrap\" style=\"max-width:1248px;margin-left: calc(-4% \/ 2 );margin-right: calc(-4% \/ 2 );\"><div class=\"fusion-layout-column fusion_builder_column fusion-builder-column-0 fusion_builder_column_1_5 1_5 fusion-flex-column fusion-no-small-visibility\" style=\"--awb-bg-size:cover;--awb-width-large:20%;--awb-margin-top-large:0px;--awb-spacing-right-large:9.6%;--awb-margin-bottom-large:20px;--awb-spacing-left-large:9.6%;--awb-width-medium:20%;--awb-order-medium:0;--awb-spacing-right-medium:9.6%;--awb-spacing-left-medium:9.6%;--awb-width-small:100%;--awb-order-small:0;--awb-spacing-right-small:1.92%;--awb-spacing-left-small:1.92%;\"><div class=\"fusion-column-wrapper fusion-column-has-shadow fusion-flex-justify-content-flex-start fusion-content-layout-column\"><\/div><\/div><div class=\"fusion-layout-column fusion_builder_column fusion-builder-column-1 fusion_builder_column_3_5 3_5 fusion-flex-column\" style=\"--awb-bg-size:cover;--awb-width-large:60%;--awb-margin-top-large:0px;--awb-spacing-right-large:3.2%;--awb-margin-bottom-large:20px;--awb-spacing-left-large:3.2%;--awb-width-medium:60%;--awb-order-medium:0;--awb-spacing-right-medium:3.2%;--awb-spacing-left-medium:3.2%;--awb-width-small:100%;--awb-order-small:0;--awb-spacing-right-small:1.92%;--awb-spacing-left-small:1.92%;\"><div class=\"fusion-column-wrapper fusion-column-has-shadow fusion-flex-justify-content-flex-start fusion-content-layout-column\"><div class=\"fusion-text fusion-text-1\"><h1>Fours \u00e0 gaz professionnels<\/h1>\n<\/div><\/div><\/div><\/div><\/div><div class=\"fusion-fullwidth fullwidth-box fusion-builder-row-2 fusion-flex-container has-pattern-background has-mask-background nonhundred-percent-fullwidth non-hundred-percent-height-scrolling\" style=\"--awb-border-radius-top-left:0px;--awb-border-radius-top-right:0px;--awb-border-radius-bottom-right:0px;--awb-border-radius-bottom-left:0px;--awb-padding-bottom:50px;--awb-padding-bottom-small:0px;--awb-background-color:var(--awb-color7);--awb-flex-wrap:wrap;\" ><div class=\"fusion-builder-row fusion-row fusion-flex-align-items-center fusion-flex-content-wrap\" style=\"max-width:1248px;margin-left: calc(-4% \/ 2 );margin-right: calc(-4% \/ 2 );\"><div class=\"fusion-layout-column fusion_builder_column fusion-builder-column-2 fusion_builder_column_1_2 1_2 fusion-flex-column\" style=\"--awb-bg-size:cover;--awb-width-large:50%;--awb-margin-top-large:0px;--awb-spacing-right-large:3.84%;--awb-margin-bottom-large:20px;--awb-spacing-left-large:3.84%;--awb-width-medium:50%;--awb-order-medium:0;--awb-spacing-right-medium:3.84%;--awb-spacing-left-medium:3.84%;--awb-width-small:100%;--awb-order-small:0;--awb-spacing-right-small:1.92%;--awb-spacing-left-small:1.92%;\"><div class=\"fusion-column-wrapper fusion-column-has-shadow fusion-flex-justify-content-flex-start fusion-content-layout-column\"><div class=\"fusion-image-element \" style=\"--awb-caption-title-font-family:var(--h2_typography-font-family);--awb-caption-title-font-weight:var(--h2_typography-font-weight);--awb-caption-title-font-style:var(--h2_typography-font-style);--awb-caption-title-size:var(--h2_typography-font-size);--awb-caption-title-transform:var(--h2_typography-text-transform);--awb-caption-title-line-height:var(--h2_typography-line-height);--awb-caption-title-letter-spacing:var(--h2_typography-letter-spacing);\"><span class=\" fusion-imageframe imageframe-none imageframe-1 hover-type-none\"><a class=\"fusion-no-lightbox\" href=\"https:\/\/pro.alfaforni.com\/fr\/fours-a-pizza-professionnels-quick-serie\/\" target=\"_self\" aria-label=\"quick-6-pizze-alfa\"><img decoding=\"async\" width=\"640\" height=\"640\" src=\"http:\/\/www.alfaforni.com\/wp-content\/uploads\/2023\/07\/quick-6-pizze-alfa.jpg\" class=\"img-responsive wp-image-48465\" srcset=\"https:\/\/pro.alfaforni.com\/wp-content\/uploads\/2023\/07\/quick-6-pizze-alfa-600x600.jpg 600w, https:\/\/pro.alfaforni.com\/wp-content\/uploads\/2023\/07\/quick-6-pizze-alfa.jpg 640w\" sizes=\"(max-width: 640px) 100vw, 640px\" alt=\"\" ><\/a><\/span><\/div><\/div><\/div><div class=\"fusion-layout-column fusion_builder_column fusion-builder-column-3 fusion_builder_column_1_2 1_2 fusion-flex-column\" style=\"--awb-padding-top-small:40px;--awb-padding-bottom-small:50px;--awb-bg-size:cover;--awb-width-large:50%;--awb-margin-top-large:0px;--awb-spacing-right-large:50px;--awb-margin-bottom-large:20px;--awb-spacing-left-large:50px;--awb-width-medium:50%;--awb-order-medium:0;--awb-spacing-right-medium:50px;--awb-spacing-left-medium:50px;--awb-width-small:100%;--awb-order-small:0;--awb-spacing-right-small:1.92%;--awb-spacing-left-small:1.92%;\"><div class=\"fusion-column-wrapper fusion-column-has-shadow fusion-flex-justify-content-flex-start fusion-content-layout-column\"><div class=\"fusion-text fusion-text-2\"><h2 id=\"h2-cta-quick\" style=\"text-align: center;\">D\u00e9couvrez les fours \u00e0 pizza professionnels de la S\u00e9rie Quick.<\/h2>\n<h3 style=\"text-align: center;\">Compacts, faciles \u00e0 installer et simples \u00e0 d\u00e9placer et aux performances incroyables!<\/h3>\n<\/div><div style=\"text-align:center;\"><a class=\"fusion-button button-flat fusion-button-default-size button-default fusion-button-default button-1 fusion-button-default-span fusion-button-default-type\" style=\"--button_font_size:14px;--button_line_height:24px;--button_padding-top:15px;--button_padding-bottom:15px;--button_typography-letter-spacing:2px;--button_typography-font-family:&quot;Open Sans&quot;;--button_typography-font-style:normal;--button_typography-font-weight:700;--button_margin-top:20px;\" target=\"_self\" href=\"https:\/\/pro.alfaforni.com\/fr\/fours-a-pizza-professionnels-quick-serie\/\"><span class=\"fusion-button-text awb-button__text awb-button__text--default\">D\u00e9couvrez la S\u00e9rie Quick \u203a<\/span><\/a><\/div><\/div><\/div><\/div><\/div>\n<div class=\"fusion-fullwidth fullwidth-box fusion-builder-row-3 fusion-flex-container has-pattern-background has-mask-background nonhundred-percent-fullwidth non-hundred-percent-height-scrolling\" style=\"--awb-border-radius-top-left:0px;--awb-border-radius-top-right:0px;--awb-border-radius-bottom-right:0px;--awb-border-radius-bottom-left:0px;--awb-padding-top:50px;--awb-padding-bottom:50px;--awb-padding-bottom-small:0px;--awb-flex-wrap:wrap;\" ><div class=\"fusion-builder-row fusion-row fusion-flex-align-items-flex-start fusion-flex-content-wrap\" style=\"max-width:1248px;margin-left: calc(-4% \/ 2 );margin-right: calc(-4% \/ 2 );\"><div class=\"fusion-layout-column fusion_builder_column fusion-builder-column-4 fusion_builder_column_1_1 1_1 fusion-flex-column\" style=\"--awb-bg-size:cover;--awb-width-large:100%;--awb-margin-top-large:0px;--awb-spacing-right-large:1.92%;--awb-margin-bottom-large:20px;--awb-spacing-left-large:1.92%;--awb-width-medium:100%;--awb-order-medium:0;--awb-spacing-right-medium:1.92%;--awb-spacing-left-medium:1.92%;--awb-width-small:100%;--awb-order-small:0;--awb-spacing-right-small:1.92%;--awb-spacing-left-small:1.92%;\"><div class=\"fusion-column-wrapper fusion-column-has-shadow fusion-flex-justify-content-flex-start fusion-content-layout-column\"><div class=\"fusion-woo-product-grid fusion-product-archive fusion-woo-product-grid-1 fusion-woo-product-grid-spacing-off hide-price hide-rating hide-buttons\" style=\"--awb-grid-border-color:#ffffff;\"><ul class=\"products products-4\"><li class=\"product type-product post-28738 status-publish first instock product_cat-fours-a-bois-professionnels product_cat-fours-gaz-professionnels product_cat-fours-hybrides-professionnels product_cat-fours-professionnels product_cat-refractaire has-post-thumbnail shipping-taxable product-type-simple product-grid-view woo-variation-gallery-product\">\n\t<div class=\"fusion-product-wrapper\">\n<a href=\"https:\/\/pro.alfaforni.com\/fr\/produit\/napoli\/\" class=\"product-images\" aria-label=\"Napoli\">\n\n<div class=\"featured-image\">\n\t\t<img decoding=\"async\" width=\"500\" height=\"500\" src=\"https:\/\/pro.alfaforni.com\/wp-content\/uploads\/2021\/12\/napoli-commercial-refractory-pizza-oven-500x500.jpeg\" class=\"attachment-woocommerce_thumbnail size-woocommerce_thumbnail wp-post-image\" alt=\"\" srcset=\"https:\/\/pro.alfaforni.com\/wp-content\/uploads\/2021\/12\/napoli-commercial-refractory-pizza-oven-50x50.jpeg 50w, https:\/\/pro.alfaforni.com\/wp-content\/uploads\/2021\/12\/napoli-commercial-refractory-pizza-oven-66x66.jpeg 66w, https:\/\/pro.alfaforni.com\/wp-content\/uploads\/2021\/12\/napoli-commercial-refractory-pizza-oven-100x100.jpeg 100w, https:\/\/pro.alfaforni.com\/wp-content\/uploads\/2021\/12\/napoli-commercial-refractory-pizza-oven-300x300.jpeg 300w, https:\/\/pro.alfaforni.com\/wp-content\/uploads\/2021\/12\/napoli-commercial-refractory-pizza-oven-400x400.jpeg 400w, https:\/\/pro.alfaforni.com\/wp-content\/uploads\/2021\/12\/napoli-commercial-refractory-pizza-oven-450x450.jpeg 450w, https:\/\/pro.alfaforni.com\/wp-content\/uploads\/2021\/12\/napoli-commercial-refractory-pizza-oven-500x500.jpeg 500w, https:\/\/pro.alfaforni.com\/wp-content\/uploads\/2021\/12\/napoli-commercial-refractory-pizza-oven-600x600.jpeg 600w, https:\/\/pro.alfaforni.com\/wp-content\/uploads\/2021\/12\/napoli-commercial-refractory-pizza-oven-700x700.jpeg 700w, https:\/\/pro.alfaforni.com\/wp-content\/uploads\/2021\/12\/napoli-commercial-refractory-pizza-oven-768x768.jpeg 768w, https:\/\/pro.alfaforni.com\/wp-content\/uploads\/2021\/12\/napoli-commercial-refractory-pizza-oven-800x800.jpeg 800w, https:\/\/pro.alfaforni.com\/wp-content\/uploads\/2021\/12\/napoli-commercial-refractory-pizza-oven-1024x1024.jpeg 1024w, https:\/\/pro.alfaforni.com\/wp-content\/uploads\/2021\/12\/napoli-commercial-refractory-pizza-oven.jpeg 1200w\" sizes=\"(max-width: 500px) 100vw, 500px\" >\n\t\t\t\t\t\t<div class=\"cart-loading\"><i class=\"awb-icon-spinner\" aria-hidden=\"true\"><\/i><\/div>\n\t\t\t<\/div>\n<\/a>\n<div class=\"fusion-product-content\">\n\t<div class=\"product-details\">\n\t\t<div class=\"product-details-container\">\n<h3 class=\"product-title\">\n\t<a href=\"https:\/\/pro.alfaforni.com\/fr\/produit\/napoli\/\">\n\t\tNapoli\t<\/a>\n<\/h3>\n<div class=\"fusion-price-rating\">\n\n\t\t<\/div>\n\t<\/div>\n<\/div>\n\n\n\t<div class=\"product-buttons\">\n\t\t<div class=\"fusion-content-sep sep-double sep-solid\"><\/div>\n\t\t<div class=\"product-buttons-container clearfix\">\n\n<a href=\"https:\/\/pro.alfaforni.com\/fr\/produit\/napoli\/\" class=\"show_details_button\" style=\"float:none;max-width:none;text-align:center;\">\n\tDetails<\/a>\n\n\n\t<\/div>\n\t<\/div>\n\n\t<\/div> <\/div>\n<\/li>\n<li class=\"rtwpvg-product product type-product post-50826 status-publish instock product_cat-fours-gaz-professionnels product_cat-fours-a-bois-professionnels product_cat-fours-hybrides-professionnels product_tag-quick-fr has-post-thumbnail featured shipping-taxable purchasable product-type-variable has-default-attributes product-grid-view woo-variation-gallery-product\">\n\t<div class=\"fusion-product-wrapper\">\n<a href=\"https:\/\/pro.alfaforni.com\/fr\/produit\/four-quick-2-pizze\/\" class=\"product-images\" aria-label=\"QUICK 2 Pizze\">\n\n<div class=\"featured-image\">\n\t\t<img decoding=\"async\" width=\"500\" height=\"500\" src=\"https:\/\/pro.alfaforni.com\/wp-content\/uploads\/2023\/08\/quick-2pizze-silvergrey-sx-alfa-forni-500x500.webp\" class=\"attachment-woocommerce_thumbnail size-woocommerce_thumbnail wp-post-image\" alt=\"\" srcset=\"https:\/\/pro.alfaforni.com\/wp-content\/uploads\/2023\/08\/quick-2pizze-silvergrey-sx-alfa-forni-50x50.webp 50w, https:\/\/pro.alfaforni.com\/wp-content\/uploads\/2023\/08\/quick-2pizze-silvergrey-sx-alfa-forni-66x66.webp 66w, https:\/\/pro.alfaforni.com\/wp-content\/uploads\/2023\/08\/quick-2pizze-silvergrey-sx-alfa-forni-100x100.webp 100w, https:\/\/pro.alfaforni.com\/wp-content\/uploads\/2023\/08\/quick-2pizze-silvergrey-sx-alfa-forni-400x400.webp 400w, https:\/\/pro.alfaforni.com\/wp-content\/uploads\/2023\/08\/quick-2pizze-silvergrey-sx-alfa-forni-450x450.webp 450w, https:\/\/pro.alfaforni.com\/wp-content\/uploads\/2023\/08\/quick-2pizze-silvergrey-sx-alfa-forni-500x500.webp 500w, https:\/\/pro.alfaforni.com\/wp-content\/uploads\/2023\/08\/quick-2pizze-silvergrey-sx-alfa-forni-600x600.webp 600w, https:\/\/pro.alfaforni.com\/wp-content\/uploads\/2023\/08\/quick-2pizze-silvergrey-sx-alfa-forni-700x700.webp 700w, https:\/\/pro.alfaforni.com\/wp-content\/uploads\/2023\/08\/quick-2pizze-silvergrey-sx-alfa-forni-768x768.webp 768w, https:\/\/pro.alfaforni.com\/wp-content\/uploads\/2023\/08\/quick-2pizze-silvergrey-sx-alfa-forni-800x800.webp 800w, https:\/\/pro.alfaforni.com\/wp-content\/uploads\/2023\/08\/quick-2pizze-silvergrey-sx-alfa-forni-1024x1024.webp 1024w, https:\/\/pro.alfaforni.com\/wp-content\/uploads\/2023\/08\/quick-2pizze-silvergrey-sx-alfa-forni.webp 1200w\" sizes=\"(max-width: 500px) 100vw, 500px\" >\n\t\t\t\t\t\t<div class=\"cart-loading\"><i class=\"awb-icon-spinner\" aria-hidden=\"true\"><\/i><\/div>\n\t\t\t<\/div>\n<\/a>\n<div class=\"fusion-product-content\">\n\t<div class=\"product-details\">\n\t\t<div class=\"product-details-container\">\n<h3 class=\"product-title\">\n\t<a href=\"https:\/\/pro.alfaforni.com\/fr\/produit\/four-quick-2-pizze\/\">\n\t\tQUICK 2 Pizze\t<\/a>\n<\/h3>\n<div class=\"fusion-price-rating\">\n\n\t<span class=\"price\"><span class=\"woocommerce-Price-amount amount\"><bdi><span class=\"woocommerce-Price-currencySymbol\">&euro;<\/span>1.00<\/bdi><\/span><\/span>\n\t\t<\/div>\n\t<\/div>\n<\/div>\n\n\n\t<div class=\"product-buttons\">\n\t\t<div class=\"fusion-content-sep sep-double sep-solid\"><\/div>\n\t\t<div class=\"product-buttons-container clearfix\">\n<a href=\"https:\/\/pro.alfaforni.com\/fr\/produit\/four-quick-2-pizze\/\" aria-describedby=\"woocommerce_loop_add_to_cart_link_describedby_50826\" data-quantity=\"1\" class=\"button product_type_variable add_to_cart_button\" data-product_id=\"50826\" data-product_sku=\"\" aria-label=\"S\u00e9lectionner les options pour &ldquo;QUICK 2 Pizze&rdquo;\" rel=\"nofollow\">Choix des options<\/a>\t<span id=\"woocommerce_loop_add_to_cart_link_describedby_50826\" class=\"screen-reader-text\">\n\t\tCe produit a plusieurs variations. Les options peuvent \u00eatre choisies sur la page du produit\t<\/span>\n\n<a href=\"https:\/\/pro.alfaforni.com\/fr\/produit\/four-quick-2-pizze\/\" class=\"show_details_button\">\n\tDetails<\/a>\n\n\n\t<\/div>\n\t<\/div>\n\n\t<\/div> <\/div>\n<\/li>\n<li class=\"rtwpvg-product product type-product post-47659 status-publish instock product_cat-fours-gaz-professionnels product_cat-fours-a-bois-professionnels product_cat-fours-hybrides-professionnels product_tag-quick-fr has-post-thumbnail featured shipping-taxable purchasable product-type-variable has-default-attributes product-grid-view woo-variation-gallery-product\">\n\t<div class=\"fusion-product-wrapper\">\n<a href=\"https:\/\/pro.alfaforni.com\/fr\/produit\/four-quick-4-pizze\/\" class=\"product-images\" aria-label=\"QUICK 4 Pizze\">\n\n<div class=\"featured-image\">\n\t\t<img decoding=\"async\" width=\"500\" height=\"500\" src=\"https:\/\/pro.alfaforni.com\/wp-content\/uploads\/2023\/06\/Q4-SilverGrey1Base-500x500.jpg\" class=\"attachment-woocommerce_thumbnail size-woocommerce_thumbnail wp-post-image\" alt=\"\" srcset=\"https:\/\/pro.alfaforni.com\/wp-content\/uploads\/2023\/06\/Q4-SilverGrey1Base-50x50.jpg 50w, https:\/\/pro.alfaforni.com\/wp-content\/uploads\/2023\/06\/Q4-SilverGrey1Base-66x66.jpg 66w, https:\/\/pro.alfaforni.com\/wp-content\/uploads\/2023\/06\/Q4-SilverGrey1Base-100x100.jpg 100w, https:\/\/pro.alfaforni.com\/wp-content\/uploads\/2023\/06\/Q4-SilverGrey1Base-175x175.jpg 175w, https:\/\/pro.alfaforni.com\/wp-content\/uploads\/2023\/06\/Q4-SilverGrey1Base-400x400.jpg 400w, https:\/\/pro.alfaforni.com\/wp-content\/uploads\/2023\/06\/Q4-SilverGrey1Base-450x450.jpg 450w, https:\/\/pro.alfaforni.com\/wp-content\/uploads\/2023\/06\/Q4-SilverGrey1Base-500x500.jpg 500w, https:\/\/pro.alfaforni.com\/wp-content\/uploads\/2023\/06\/Q4-SilverGrey1Base-600x600.jpg 600w, https:\/\/pro.alfaforni.com\/wp-content\/uploads\/2023\/06\/Q4-SilverGrey1Base-700x700.jpg 700w, https:\/\/pro.alfaforni.com\/wp-content\/uploads\/2023\/06\/Q4-SilverGrey1Base-768x768.jpg 768w, https:\/\/pro.alfaforni.com\/wp-content\/uploads\/2023\/06\/Q4-SilverGrey1Base-800x800.jpg 800w, https:\/\/pro.alfaforni.com\/wp-content\/uploads\/2023\/06\/Q4-SilverGrey1Base-1024x1024.jpg 1024w, https:\/\/pro.alfaforni.com\/wp-content\/uploads\/2023\/06\/Q4-SilverGrey1Base.jpg 1200w\" sizes=\"(max-width: 500px) 100vw, 500px\" >\n\t\t\t\t\t\t<div class=\"cart-loading\"><i class=\"awb-icon-spinner\" aria-hidden=\"true\"><\/i><\/div>\n\t\t\t<\/div>\n<\/a>\n<div class=\"fusion-product-content\">\n\t<div class=\"product-details\">\n\t\t<div class=\"product-details-container\">\n<h3 class=\"product-title\">\n\t<a href=\"https:\/\/pro.alfaforni.com\/fr\/produit\/four-quick-4-pizze\/\">\n\t\tQUICK 4 Pizze\t<\/a>\n<\/h3>\n<div class=\"fusion-price-rating\">\n\n\t<span class=\"price\"><span class=\"woocommerce-Price-amount amount\"><bdi><span class=\"woocommerce-Price-currencySymbol\">&euro;<\/span>1.00<\/bdi><\/span><\/span>\n\t\t<\/div>\n\t<\/div>\n<\/div>\n\n\n\t<div class=\"product-buttons\">\n\t\t<div class=\"fusion-content-sep sep-double sep-solid\"><\/div>\n\t\t<div class=\"product-buttons-container clearfix\">\n<a href=\"https:\/\/pro.alfaforni.com\/fr\/produit\/four-quick-4-pizze\/\" aria-describedby=\"woocommerce_loop_add_to_cart_link_describedby_47659\" data-quantity=\"1\" class=\"button product_type_variable add_to_cart_button\" data-product_id=\"47659\" data-product_sku=\"\" aria-label=\"S\u00e9lectionner les options pour &ldquo;QUICK 4 Pizze&rdquo;\" rel=\"nofollow\">Choix des options<\/a>\t<span id=\"woocommerce_loop_add_to_cart_link_describedby_47659\" class=\"screen-reader-text\">\n\t\tCe produit a plusieurs variations. Les options peuvent \u00eatre choisies sur la page du produit\t<\/span>\n\n<a href=\"https:\/\/pro.alfaforni.com\/fr\/produit\/four-quick-4-pizze\/\" class=\"show_details_button\">\n\tDetails<\/a>\n\n\n\t<\/div>\n\t<\/div>\n\n\t<\/div> <\/div>\n<\/li>\n<li class=\"rtwpvg-product product type-product post-47108 status-publish last instock product_cat-fours-gaz-professionnels product_cat-fours-a-bois-professionnels product_cat-fours-hybrides-professionnels product_tag-quick-fr has-post-thumbnail featured shipping-taxable purchasable product-type-variable has-default-attributes product-grid-view woo-variation-gallery-product\">\n\t<div class=\"fusion-product-wrapper\">\n<a href=\"https:\/\/pro.alfaforni.com\/fr\/produit\/four-quick-6-pizze\/\" class=\"product-images\" aria-label=\"QUICK 6 Pizze\">\n\n<div class=\"featured-image\">\n\t\t<img decoding=\"async\" width=\"500\" height=\"500\" src=\"https:\/\/pro.alfaforni.com\/wp-content\/uploads\/2023\/07\/quick-6pizze-silvergrey-sx-alfa-forni-500x500.webp\" class=\"attachment-woocommerce_thumbnail size-woocommerce_thumbnail wp-post-image\" alt=\"\" srcset=\"https:\/\/pro.alfaforni.com\/wp-content\/uploads\/2023\/07\/quick-6pizze-silvergrey-sx-alfa-forni-50x50.webp 50w, https:\/\/pro.alfaforni.com\/wp-content\/uploads\/2023\/07\/quick-6pizze-silvergrey-sx-alfa-forni-66x66.webp 66w, https:\/\/pro.alfaforni.com\/wp-content\/uploads\/2023\/07\/quick-6pizze-silvergrey-sx-alfa-forni-100x100.webp 100w, https:\/\/pro.alfaforni.com\/wp-content\/uploads\/2023\/07\/quick-6pizze-silvergrey-sx-alfa-forni-400x400.webp 400w, https:\/\/pro.alfaforni.com\/wp-content\/uploads\/2023\/07\/quick-6pizze-silvergrey-sx-alfa-forni-450x450.webp 450w, https:\/\/pro.alfaforni.com\/wp-content\/uploads\/2023\/07\/quick-6pizze-silvergrey-sx-alfa-forni-500x500.webp 500w, https:\/\/pro.alfaforni.com\/wp-content\/uploads\/2023\/07\/quick-6pizze-silvergrey-sx-alfa-forni-600x600.webp 600w, https:\/\/pro.alfaforni.com\/wp-content\/uploads\/2023\/07\/quick-6pizze-silvergrey-sx-alfa-forni-700x700.webp 700w, https:\/\/pro.alfaforni.com\/wp-content\/uploads\/2023\/07\/quick-6pizze-silvergrey-sx-alfa-forni-768x768.webp 768w, https:\/\/pro.alfaforni.com\/wp-content\/uploads\/2023\/07\/quick-6pizze-silvergrey-sx-alfa-forni-800x800.webp 800w, https:\/\/pro.alfaforni.com\/wp-content\/uploads\/2023\/07\/quick-6pizze-silvergrey-sx-alfa-forni-1024x1024.webp 1024w, https:\/\/pro.alfaforni.com\/wp-content\/uploads\/2023\/07\/quick-6pizze-silvergrey-sx-alfa-forni.webp 1200w\" sizes=\"(max-width: 500px) 100vw, 500px\" >\n\t\t\t\t\t\t<div class=\"cart-loading\"><i class=\"awb-icon-spinner\" aria-hidden=\"true\"><\/i><\/div>\n\t\t\t<\/div>\n<\/a>\n<div class=\"fusion-product-content\">\n\t<div class=\"product-details\">\n\t\t<div class=\"product-details-container\">\n<h3 class=\"product-title\">\n\t<a href=\"https:\/\/pro.alfaforni.com\/fr\/produit\/four-quick-6-pizze\/\">\n\t\tQUICK 6 Pizze\t<\/a>\n<\/h3>\n<div class=\"fusion-price-rating\">\n\n\t<span class=\"price\"><span class=\"woocommerce-Price-amount amount\"><bdi><span class=\"woocommerce-Price-currencySymbol\">&euro;<\/span>1.00<\/bdi><\/span><\/span>\n\t\t<\/div>\n\t<\/div>\n<\/div>\n\n\n\t<div class=\"product-buttons\">\n\t\t<div class=\"fusion-content-sep sep-double sep-solid\"><\/div>\n\t\t<div class=\"product-buttons-container clearfix\">\n<a href=\"https:\/\/pro.alfaforni.com\/fr\/produit\/four-quick-6-pizze\/\" aria-describedby=\"woocommerce_loop_add_to_cart_link_describedby_47108\" data-quantity=\"1\" class=\"button product_type_variable add_to_cart_button\" data-product_id=\"47108\" data-product_sku=\"\" aria-label=\"S\u00e9lectionner les options pour &ldquo;QUICK 6 Pizze&rdquo;\" rel=\"nofollow\">Choix des options<\/a>\t<span id=\"woocommerce_loop_add_to_cart_link_describedby_47108\" class=\"screen-reader-text\">\n\t\tCe produit a plusieurs variations. Les options peuvent \u00eatre choisies sur la page du produit\t<\/span>\n\n<a href=\"https:\/\/pro.alfaforni.com\/fr\/produit\/four-quick-6-pizze\/\" class=\"show_details_button\">\n\tDetails<\/a>\n\n\n\t<\/div>\n\t<\/div>\n\n\t<\/div> <\/div>\n<\/li>\n<\/ul><div class=\"fusion-woo-product-grid-pagination fusion-clearfix\"><\/div><\/div><\/div><\/div><\/div><\/div><\/p>\n","protected":false},"excerpt":{"rendered":"","protected":false},"author":900,"featured_media":0,"parent":0,"menu_order":0,"comment_status":"closed","ping_status":"closed","template":"100-width.php","meta":{"_acf_changed":false,"footnotes":""},"class_list":["post-27142","page","type-page","status-publish","hentry"],"acf":[],"_links":{"self":[{"href":"https:\/\/pro.alfaforni.com\/fr\/wp-json\/wp\/v2\/pages\/27142","targetHints":{"allow":["GET"]}}],"collection":[{"href":"https:\/\/pro.alfaforni.com\/fr\/wp-json\/wp\/v2\/pages"}],"about":[{"href":"https:\/\/pro.alfaforni.com\/fr\/wp-json\/wp\/v2\/types\/page"}],"author":[{"embeddable":true,"href":"https:\/\/pro.alfaforni.com\/fr\/wp-json\/wp\/v2\/users\/900"}],"replies":[{"embeddable":true,"href":"https:\/\/pro.alfaforni.com\/fr\/wp-json\/wp\/v2\/comments?post=27142"}],"version-history":[{"count":6,"href":"https:\/\/pro.alfaforni.com\/fr\/wp-json\/wp\/v2\/pages\/27142\/revisions"}],"predecessor-version":[{"id":62860,"href":"https:\/\/pro.alfaforni.com\/fr\/wp-json\/wp\/v2\/pages\/27142\/revisions\/62860"}],"wp:attachment":[{"href":"https:\/\/pro.alfaforni.com\/fr\/wp-json\/wp\/v2\/media?parent=27142"}],"curies":[{"name":"wp","href":"https:\/\/api.w.org\/{rel}","templated":true}]}}