{"id":72436,"date":"2026-02-17T16:14:39","date_gmt":"2026-02-17T15:14:39","guid":{"rendered":"https:\/\/pro.alfaforni.com\/?page_id=72436"},"modified":"2026-02-17T16:50:02","modified_gmt":"2026-02-17T15:50:02","slug":"hornos-alfa","status":"publish","type":"page","link":"https:\/\/pro.alfaforni.com\/es\/hornos-alfa\/","title":{"rendered":"Hornos Alfa"},"content":{"rendered":"<p><div class=\"fusion-fullwidth fullwidth-box fusion-builder-row-1 fusion-flex-container has-pattern-background has-mask-background fusion-parallax-none nonhundred-percent-fullwidth non-hundred-percent-height-scrolling\" style=\"--awb-border-radius-top-left:0px;--awb-border-radius-top-right:0px;--awb-border-radius-bottom-right:0px;--awb-border-radius-bottom-left:0px;--awb-padding-top:150px;--awb-padding-bottom:150px;--awb-margin-top:-65px;--awb-background-image:url(&quot;https:\/\/pro.alfaforni.com\/wp-content\/uploads\/2025\/12\/QUICK-2-Pizze-4.jpg&quot;);--awb-background-size:cover;--awb-flex-wrap:wrap;\" ><div class=\"fusion-builder-row fusion-row fusion-flex-align-items-flex-start fusion-flex-content-wrap\" style=\"max-width:1248px;margin-left: calc(-4% \/ 2 );margin-right: calc(-4% \/ 2 );\"><div class=\"fusion-layout-column fusion_builder_column fusion-builder-column-0 fusion_builder_column_1_6 1_6 fusion-flex-column\" style=\"--awb-bg-size:cover;--awb-width-large:16.666666666667%;--awb-margin-top-large:0px;--awb-spacing-right-large:11.52%;--awb-margin-bottom-large:20px;--awb-spacing-left-large:11.52%;--awb-width-medium:16.666666666667%;--awb-order-medium:0;--awb-spacing-right-medium:11.52%;--awb-spacing-left-medium:11.52%;--awb-width-small:100%;--awb-order-small:0;--awb-spacing-right-small:1.92%;--awb-spacing-left-small:1.92%;\"><div class=\"fusion-column-wrapper fusion-column-has-shadow fusion-flex-justify-content-flex-start fusion-content-layout-column\"><\/div><\/div><div class=\"fusion-layout-column fusion_builder_column fusion-builder-column-1 fusion_builder_column_2_3 2_3 fusion-flex-column\" style=\"--awb-bg-size:cover;--awb-width-large:66.666666666667%;--awb-margin-top-large:0px;--awb-spacing-right-large:2.88%;--awb-margin-bottom-large:20px;--awb-spacing-left-large:2.88%;--awb-width-medium:66.666666666667%;--awb-order-medium:0;--awb-spacing-right-medium:2.88%;--awb-spacing-left-medium:2.88%;--awb-width-small:100%;--awb-order-small:0;--awb-spacing-right-small:1.92%;--awb-spacing-left-small:1.92%;\"><div class=\"fusion-column-wrapper fusion-column-has-shadow fusion-flex-justify-content-flex-start fusion-content-layout-column\"><div class=\"fusion-text fusion-text-1\" style=\"--awb-text-color:#ffffff;\"><h1 style=\"text-align: center;\"><span style=\"color: #ffffff;\">Hornos Alfa<\/span><\/h1>\n<\/div><\/div><\/div><div class=\"fusion-layout-column fusion_builder_column fusion-builder-column-2 fusion_builder_column_1_6 1_6 fusion-flex-column\" style=\"--awb-bg-size:cover;--awb-width-large:16.666666666667%;--awb-margin-top-large:0px;--awb-spacing-right-large:11.52%;--awb-margin-bottom-large:20px;--awb-spacing-left-large:11.52%;--awb-width-medium:16.666666666667%;--awb-order-medium:0;--awb-spacing-right-medium:11.52%;--awb-spacing-left-medium:11.52%;--awb-width-small:100%;--awb-order-small:0;--awb-spacing-right-small:1.92%;--awb-spacing-left-small:1.92%;\"><div class=\"fusion-column-wrapper fusion-column-has-shadow fusion-flex-justify-content-flex-start fusion-content-layout-column\"><\/div><\/div><\/div><\/div><div class=\"fusion-fullwidth fullwidth-box fusion-builder-row-2 fusion-flex-container has-pattern-background has-mask-background nonhundred-percent-fullwidth non-hundred-percent-height-scrolling\" style=\"--awb-border-radius-top-left:0px;--awb-border-radius-top-right:0px;--awb-border-radius-bottom-right:0px;--awb-border-radius-bottom-left:0px;--awb-margin-top:100px;--awb-margin-bottom:100px;--awb-flex-wrap:wrap;\" ><div class=\"fusion-builder-row fusion-row fusion-flex-align-items-flex-start fusion-flex-content-wrap\" style=\"max-width:1248px;margin-left: calc(-4% \/ 2 );margin-right: calc(-4% \/ 2 );\"><div class=\"fusion-layout-column fusion_builder_column fusion-builder-column-3 fusion_builder_column_1_2 1_2 fusion-flex-column\" style=\"--awb-bg-size:cover;--awb-width-large:50%;--awb-margin-top-large:0px;--awb-spacing-right-large:3.84%;--awb-margin-bottom-large:20px;--awb-spacing-left-large:3.84%;--awb-width-medium:50%;--awb-order-medium:0;--awb-spacing-right-medium:3.84%;--awb-spacing-left-medium:3.84%;--awb-width-small:100%;--awb-order-small:0;--awb-spacing-right-small:1.92%;--awb-spacing-left-small:1.92%;\"><div class=\"fusion-column-wrapper fusion-column-has-shadow fusion-flex-justify-content-flex-start fusion-content-layout-column\"><div class=\"fusion-image-element fusion-no-medium-visibility fusion-no-large-visibility\" style=\"--awb-caption-title-font-family:var(--h2_typography-font-family);--awb-caption-title-font-weight:var(--h2_typography-font-weight);--awb-caption-title-font-style:var(--h2_typography-font-style);--awb-caption-title-size:var(--h2_typography-font-size);--awb-caption-title-transform:var(--h2_typography-text-transform);--awb-caption-title-line-height:var(--h2_typography-line-height);--awb-caption-title-letter-spacing:var(--h2_typography-letter-spacing);\"><span class=\" fusion-imageframe imageframe-none imageframe-1 hover-type-none\"><img decoding=\"async\" width=\"1200\" height=\"1200\"  src=\"https:\/\/pro.alfaforni.com\/wp-content\/uploads\/2025\/12\/Tavelle.jpg\" class=\"img-responsive wp-image-71633\" srcset=\"https:\/\/pro.alfaforni.com\/wp-content\/uploads\/2025\/12\/Tavelle-400x400.jpg 400w, https:\/\/pro.alfaforni.com\/wp-content\/uploads\/2025\/12\/Tavelle-600x600.jpg 600w, https:\/\/pro.alfaforni.com\/wp-content\/uploads\/2025\/12\/Tavelle-800x800.jpg 800w, https:\/\/pro.alfaforni.com\/wp-content\/uploads\/2025\/12\/Tavelle.jpg 1200w\" sizes=\"(max-width: 640px) 100vw, 600px\" alt=\"\"><\/span><\/div><div class=\"fusion-text fusion-text-2\"><h1><span style=\"font-weight: 400;\">Baldosa refractaria producida internamente<\/span><\/h1>\n<p><span style=\"font-weight: 400;\">El coraz\u00f3n de cada horno Alfa es su baldosa refractaria, un elemento distintivo producido \u00edntegramente en casa. La baldosa Alfa se fabrica en el hist\u00f3rico horno de Anagni (FR), siguiendo la misma receta exclusiva desde hace m\u00e1s de 50 a\u00f1os, conservada y perfeccionada con el tiempo.<\/span><\/p>\n<p><span style=\"font-weight: 400;\">El alto contenido de al\u00famina le confiere su caracter\u00edstico color rojo ladrillo y garantiza una extraordinaria inercia t\u00e9rmica, fundamental para una cocci\u00f3n uniforme, estable y constante. El resultado es una base que acumula y libera el calor de manera \u00f3ptima, realzando cada masa y asegurando un rendimiento fiable incluso en los ritmos m\u00e1s intensos de una pizzer\u00eda.<\/span><\/p>\n<\/div><\/div><\/div><div class=\"fusion-layout-column fusion_builder_column fusion-builder-column-4 fusion_builder_column_1_2 1_2 fusion-flex-column\" style=\"--awb-bg-size:cover;--awb-width-large:50%;--awb-margin-top-large:0px;--awb-spacing-right-large:3.84%;--awb-margin-bottom-large:20px;--awb-spacing-left-large:3.84%;--awb-width-medium:50%;--awb-order-medium:0;--awb-spacing-right-medium:3.84%;--awb-spacing-left-medium:3.84%;--awb-width-small:100%;--awb-order-small:0;--awb-spacing-right-small:1.92%;--awb-spacing-left-small:1.92%;\"><div class=\"fusion-column-wrapper fusion-column-has-shadow fusion-flex-justify-content-flex-start fusion-content-layout-column\"><div class=\"fusion-image-element fusion-no-small-visibility\" style=\"--awb-caption-title-font-family:var(--h2_typography-font-family);--awb-caption-title-font-weight:var(--h2_typography-font-weight);--awb-caption-title-font-style:var(--h2_typography-font-style);--awb-caption-title-size:var(--h2_typography-font-size);--awb-caption-title-transform:var(--h2_typography-text-transform);--awb-caption-title-line-height:var(--h2_typography-line-height);--awb-caption-title-letter-spacing:var(--h2_typography-letter-spacing);\"><span class=\" fusion-imageframe imageframe-none imageframe-2 hover-type-none\"><img decoding=\"async\" width=\"1200\" height=\"1200\"  src=\"https:\/\/pro.alfaforni.com\/wp-content\/uploads\/2025\/12\/Tavelle.jpg\" class=\"img-responsive wp-image-71633\" srcset=\"https:\/\/pro.alfaforni.com\/wp-content\/uploads\/2025\/12\/Tavelle-400x400.jpg 400w, https:\/\/pro.alfaforni.com\/wp-content\/uploads\/2025\/12\/Tavelle-600x600.jpg 600w, https:\/\/pro.alfaforni.com\/wp-content\/uploads\/2025\/12\/Tavelle-800x800.jpg 800w, https:\/\/pro.alfaforni.com\/wp-content\/uploads\/2025\/12\/Tavelle.jpg 1200w\" sizes=\"(max-width: 640px) 100vw, 600px\" alt=\"\"><\/span><\/div><\/div><\/div><\/div><\/div><div class=\"fusion-fullwidth fullwidth-box fusion-builder-row-3 fusion-flex-container has-pattern-background has-mask-background nonhundred-percent-fullwidth non-hundred-percent-height-scrolling\" style=\"--awb-border-radius-top-left:0px;--awb-border-radius-top-right:0px;--awb-border-radius-bottom-right:0px;--awb-border-radius-bottom-left:0px;--awb-margin-top:100px;--awb-margin-bottom:100px;--awb-flex-wrap:wrap;\" ><div class=\"fusion-builder-row fusion-row fusion-flex-align-items-flex-start fusion-flex-content-wrap\" style=\"max-width:1248px;margin-left: calc(-4% \/ 2 );margin-right: calc(-4% \/ 2 );\"><div class=\"fusion-layout-column fusion_builder_column fusion-builder-column-5 fusion_builder_column_1_2 1_2 fusion-flex-column\" style=\"--awb-bg-size:cover;--awb-width-large:50%;--awb-margin-top-large:0px;--awb-spacing-right-large:3.84%;--awb-margin-bottom-large:20px;--awb-spacing-left-large:3.84%;--awb-width-medium:50%;--awb-order-medium:0;--awb-spacing-right-medium:3.84%;--awb-spacing-left-medium:3.84%;--awb-width-small:100%;--awb-order-small:0;--awb-spacing-right-small:1.92%;--awb-spacing-left-small:1.92%;\"><div class=\"fusion-column-wrapper fusion-column-has-shadow fusion-flex-justify-content-flex-start fusion-content-layout-column\"><div class=\"fusion-image-element \" style=\"--awb-caption-title-font-family:var(--h2_typography-font-family);--awb-caption-title-font-weight:var(--h2_typography-font-weight);--awb-caption-title-font-style:var(--h2_typography-font-style);--awb-caption-title-size:var(--h2_typography-font-size);--awb-caption-title-transform:var(--h2_typography-text-transform);--awb-caption-title-line-height:var(--h2_typography-line-height);--awb-caption-title-letter-spacing:var(--h2_typography-letter-spacing);\"><span class=\" fusion-imageframe imageframe-none imageframe-3 hover-type-none\"><img decoding=\"async\" width=\"1200\" height=\"1200\"  src=\"https:\/\/pro.alfaforni.com\/wp-content\/uploads\/2025\/12\/AlfaSpecial1.jpg\" class=\"img-responsive wp-image-72052\" srcset=\"https:\/\/pro.alfaforni.com\/wp-content\/uploads\/2025\/12\/AlfaSpecial1-400x400.jpg 400w, https:\/\/pro.alfaforni.com\/wp-content\/uploads\/2025\/12\/AlfaSpecial1-600x600.jpg 600w, https:\/\/pro.alfaforni.com\/wp-content\/uploads\/2025\/12\/AlfaSpecial1-800x800.jpg 800w, https:\/\/pro.alfaforni.com\/wp-content\/uploads\/2025\/12\/AlfaSpecial1.jpg 1200w\" sizes=\"(max-width: 640px) 100vw, 600px\" alt=\"\"><\/span><\/div><\/div><\/div><div class=\"fusion-layout-column fusion_builder_column fusion-builder-column-6 fusion_builder_column_1_2 1_2 fusion-flex-column\" style=\"--awb-bg-size:cover;--awb-width-large:50%;--awb-margin-top-large:0px;--awb-spacing-right-large:3.84%;--awb-margin-bottom-large:20px;--awb-spacing-left-large:3.84%;--awb-width-medium:50%;--awb-order-medium:0;--awb-spacing-right-medium:3.84%;--awb-spacing-left-medium:3.84%;--awb-width-small:100%;--awb-order-small:0;--awb-spacing-right-small:1.92%;--awb-spacing-left-small:1.92%;\"><div class=\"fusion-column-wrapper fusion-column-has-shadow fusion-flex-justify-content-flex-start fusion-content-layout-column\"><div class=\"fusion-text fusion-text-3\"><h1><span style=\"font-weight: 400;\">Encendidos en pizzer\u00edas desde 1977<\/span><\/h1>\n<p><span style=\"font-weight: 400;\">Desde 1977, los hornos Alfa se encienden cada d\u00eda en pizzer\u00edas de todo el mundo. Es el a\u00f1o en que Marcello Ortuso y Rocco Lauro fundan la empresa, iniciando una historia hecha de pasi\u00f3n, competencia t\u00e9cnica y profundo conocimiento de la cocci\u00f3n de la pizza.<\/span><\/p>\n<p><span style=\"font-weight: 400;\">Desde entonces, cada horno Alfa se dise\u00f1a con un objetivo claro: durar en el tiempo. Materiales robustos, soluciones constructivas probadas y atenci\u00f3n al detalle convierten a los hornos Alfa en herramientas fiables, pensadas para acompa\u00f1ar el trabajo diario de los pizzeros y transmitirse de generaci\u00f3n en generaci\u00f3n.<\/span><\/p>\n<\/div><\/div><\/div><\/div><\/div><div class=\"fusion-fullwidth fullwidth-box fusion-builder-row-4 fusion-flex-container has-pattern-background has-mask-background nonhundred-percent-fullwidth non-hundred-percent-height-scrolling\" style=\"--awb-border-radius-top-left:0px;--awb-border-radius-top-right:0px;--awb-border-radius-bottom-right:0px;--awb-border-radius-bottom-left:0px;--awb-margin-top:100px;--awb-margin-bottom:100px;--awb-flex-wrap:wrap;\" ><div class=\"fusion-builder-row fusion-row fusion-flex-align-items-flex-start fusion-flex-content-wrap\" style=\"max-width:1248px;margin-left: calc(-4% \/ 2 );margin-right: calc(-4% \/ 2 );\"><div class=\"fusion-layout-column fusion_builder_column fusion-builder-column-7 fusion_builder_column_1_2 1_2 fusion-flex-column\" style=\"--awb-bg-size:cover;--awb-width-large:50%;--awb-margin-top-large:0px;--awb-spacing-right-large:3.84%;--awb-margin-bottom-large:20px;--awb-spacing-left-large:3.84%;--awb-width-medium:50%;--awb-order-medium:0;--awb-spacing-right-medium:3.84%;--awb-spacing-left-medium:3.84%;--awb-width-small:100%;--awb-order-small:0;--awb-spacing-right-small:1.92%;--awb-spacing-left-small:1.92%;\"><div class=\"fusion-column-wrapper fusion-column-has-shadow fusion-flex-justify-content-flex-start fusion-content-layout-column\"><div class=\"fusion-image-element fusion-no-medium-visibility fusion-no-large-visibility\" style=\"--awb-caption-title-font-family:var(--h2_typography-font-family);--awb-caption-title-font-weight:var(--h2_typography-font-weight);--awb-caption-title-font-style:var(--h2_typography-font-style);--awb-caption-title-size:var(--h2_typography-font-size);--awb-caption-title-transform:var(--h2_typography-text-transform);--awb-caption-title-line-height:var(--h2_typography-line-height);--awb-caption-title-letter-spacing:var(--h2_typography-letter-spacing);\"><span class=\" fusion-imageframe imageframe-none imageframe-4 hover-type-none\"><img decoding=\"async\" width=\"1200\" height=\"1200\"  src=\"https:\/\/pro.alfaforni.com\/wp-content\/uploads\/2025\/12\/Easy-to-operate.jpg\" class=\"img-responsive wp-image-71648\" srcset=\"https:\/\/pro.alfaforni.com\/wp-content\/uploads\/2025\/12\/Easy-to-operate-400x400.jpg 400w, https:\/\/pro.alfaforni.com\/wp-content\/uploads\/2025\/12\/Easy-to-operate-600x600.jpg 600w, https:\/\/pro.alfaforni.com\/wp-content\/uploads\/2025\/12\/Easy-to-operate-800x800.jpg 800w, https:\/\/pro.alfaforni.com\/wp-content\/uploads\/2025\/12\/Easy-to-operate.jpg 1200w\" sizes=\"(max-width: 640px) 100vw, 600px\" alt=\"\"><\/span><\/div><div class=\"fusion-text fusion-text-4\"><h1><span style=\"font-weight: 400;\">F\u00e1ciles de usar<\/span><\/h1>\n<p><span style=\"font-weight: 400;\">Los hornos Alfa est\u00e1n dise\u00f1ados para ser sencillos de utilizar y f\u00e1ciles de controlar, incluso en los entornos de trabajo m\u00e1s din\u00e1micos. La interfaz intuitiva, la gesti\u00f3n precisa de la temperatura y la estabilidad del rendimiento reducen el tiempo de aprendizaje, optimizan los flujos de trabajo y limitan el desperdicio de energ\u00eda y materias primas.<\/span><\/p>\n<p><span style=\"font-weight: 400;\">Esto significa mayor eficiencia operativa, menor margen de error y m\u00e1s tiempo para dedicar a la calidad del producto y al servicio, con un impacto concreto en la rentabilidad del negocio.<\/span><\/p>\n<\/div><\/div><\/div><div class=\"fusion-layout-column fusion_builder_column fusion-builder-column-8 fusion_builder_column_1_2 1_2 fusion-flex-column\" style=\"--awb-bg-size:cover;--awb-width-large:50%;--awb-margin-top-large:0px;--awb-spacing-right-large:3.84%;--awb-margin-bottom-large:20px;--awb-spacing-left-large:3.84%;--awb-width-medium:50%;--awb-order-medium:0;--awb-spacing-right-medium:3.84%;--awb-spacing-left-medium:3.84%;--awb-width-small:100%;--awb-order-small:0;--awb-spacing-right-small:1.92%;--awb-spacing-left-small:1.92%;\"><div class=\"fusion-column-wrapper fusion-column-has-shadow fusion-flex-justify-content-flex-start fusion-content-layout-column\"><div class=\"fusion-image-element fusion-no-small-visibility\" style=\"--awb-caption-title-font-family:var(--h2_typography-font-family);--awb-caption-title-font-weight:var(--h2_typography-font-weight);--awb-caption-title-font-style:var(--h2_typography-font-style);--awb-caption-title-size:var(--h2_typography-font-size);--awb-caption-title-transform:var(--h2_typography-text-transform);--awb-caption-title-line-height:var(--h2_typography-line-height);--awb-caption-title-letter-spacing:var(--h2_typography-letter-spacing);\"><span class=\" fusion-imageframe imageframe-none imageframe-5 hover-type-none\"><img decoding=\"async\" width=\"1200\" height=\"1200\"  src=\"https:\/\/pro.alfaforni.com\/wp-content\/uploads\/2025\/12\/Easy-to-operate.jpg\" class=\"img-responsive wp-image-71648\" srcset=\"https:\/\/pro.alfaforni.com\/wp-content\/uploads\/2025\/12\/Easy-to-operate-400x400.jpg 400w, https:\/\/pro.alfaforni.com\/wp-content\/uploads\/2025\/12\/Easy-to-operate-600x600.jpg 600w, https:\/\/pro.alfaforni.com\/wp-content\/uploads\/2025\/12\/Easy-to-operate-800x800.jpg 800w, https:\/\/pro.alfaforni.com\/wp-content\/uploads\/2025\/12\/Easy-to-operate.jpg 1200w\" sizes=\"(max-width: 640px) 100vw, 600px\" alt=\"\"><\/span><\/div><\/div><\/div><\/div><\/div><div class=\"fusion-fullwidth fullwidth-box fusion-builder-row-5 fusion-flex-container has-pattern-background has-mask-background nonhundred-percent-fullwidth non-hundred-percent-height-scrolling\" style=\"--awb-border-radius-top-left:0px;--awb-border-radius-top-right:0px;--awb-border-radius-bottom-right:0px;--awb-border-radius-bottom-left:0px;--awb-margin-top:100px;--awb-flex-wrap:wrap;\" ><div class=\"fusion-builder-row fusion-row fusion-flex-align-items-flex-start fusion-flex-content-wrap\" style=\"max-width:1248px;margin-left: calc(-4% \/ 2 );margin-right: calc(-4% \/ 2 );\"><div class=\"fusion-layout-column fusion_builder_column fusion-builder-column-9 fusion_builder_column_1_2 1_2 fusion-flex-column\" style=\"--awb-bg-size:cover;--awb-width-large:50%;--awb-margin-top-large:0px;--awb-spacing-right-large:3.84%;--awb-margin-bottom-large:20px;--awb-spacing-left-large:3.84%;--awb-width-medium:50%;--awb-order-medium:0;--awb-spacing-right-medium:3.84%;--awb-spacing-left-medium:3.84%;--awb-width-small:100%;--awb-order-small:0;--awb-spacing-right-small:1.92%;--awb-spacing-left-small:1.92%;\"><div class=\"fusion-column-wrapper fusion-column-has-shadow fusion-flex-justify-content-flex-start fusion-content-layout-column\"><div class=\"fusion-image-element \" style=\"--awb-caption-title-font-family:var(--h2_typography-font-family);--awb-caption-title-font-weight:var(--h2_typography-font-weight);--awb-caption-title-font-style:var(--h2_typography-font-style);--awb-caption-title-size:var(--h2_typography-font-size);--awb-caption-title-transform:var(--h2_typography-text-transform);--awb-caption-title-line-height:var(--h2_typography-line-height);--awb-caption-title-letter-spacing:var(--h2_typography-letter-spacing);\"><span class=\" fusion-imageframe imageframe-none imageframe-6 hover-type-none\"><img decoding=\"async\" width=\"2000\" height=\"2000\"  src=\"https:\/\/pro.alfaforni.com\/wp-content\/uploads\/2025\/12\/Categorie.jpg\" class=\"img-responsive wp-image-71654\" srcset=\"https:\/\/pro.alfaforni.com\/wp-content\/uploads\/2025\/12\/Categorie-400x400.jpg 400w, https:\/\/pro.alfaforni.com\/wp-content\/uploads\/2025\/12\/Categorie-600x600.jpg 600w, https:\/\/pro.alfaforni.com\/wp-content\/uploads\/2025\/12\/Categorie-800x800.jpg 800w, https:\/\/pro.alfaforni.com\/wp-content\/uploads\/2025\/12\/Categorie-1200x1200.jpg 1200w, https:\/\/pro.alfaforni.com\/wp-content\/uploads\/2025\/12\/Categorie.jpg 2000w\" sizes=\"(max-width: 640px) 100vw, 600px\" alt=\"\"><\/span><\/div><\/div><\/div><div class=\"fusion-layout-column fusion_builder_column fusion-builder-column-10 fusion_builder_column_1_2 1_2 fusion-flex-column\" style=\"--awb-bg-size:cover;--awb-width-large:50%;--awb-margin-top-large:0px;--awb-spacing-right-large:3.84%;--awb-margin-bottom-large:20px;--awb-spacing-left-large:3.84%;--awb-width-medium:50%;--awb-order-medium:0;--awb-spacing-right-medium:3.84%;--awb-spacing-left-medium:3.84%;--awb-width-small:100%;--awb-order-small:0;--awb-spacing-right-small:1.92%;--awb-spacing-left-small:1.92%;\"><div class=\"fusion-column-wrapper fusion-column-has-shadow fusion-flex-justify-content-flex-start fusion-content-layout-column\"><div class=\"fusion-text fusion-text-5\"><h1><span style=\"font-weight: 400;\">Hornos para pizza para cada necesidad<\/span><\/h1>\n<p><span style=\"font-weight: 400;\">Cada actividad tiene necesidades diferentes, y Alfa Forni lo sabe. Desde la pizzer\u00eda de alta productividad por hora hasta el resort frente al mar, desde el bistr\u00f3 urbano hasta el food truck, la gama Alfa cubre un amplio abanico de soluciones dise\u00f1adas para adaptarse a distintos espacios, vol\u00famenes y estilos de servicio.<\/span><\/p>\n<p><span style=\"font-weight: 400;\">Con los hornos Alfa, cada profesional puede encontrar el modelo m\u00e1s adecuado para su proyecto, sin comprometer calidad, rendimiento ni fiabilidad. Una gama completa, modular y flexible, dise\u00f1ada para crecer junto con tu negocio.<\/span><\/p>\n<\/div><\/div><\/div><\/div><\/div><\/p>\n","protected":false},"excerpt":{"rendered":"","protected":false},"author":1156,"featured_media":71662,"parent":0,"menu_order":0,"comment_status":"closed","ping_status":"closed","template":"100-width.php","meta":{"_acf_changed":false,"footnotes":""},"class_list":["post-72436","page","type-page","status-publish","has-post-thumbnail","hentry"],"acf":[],"_links":{"self":[{"href":"https:\/\/pro.alfaforni.com\/es\/wp-json\/wp\/v2\/pages\/72436","targetHints":{"allow":["GET"]}}],"collection":[{"href":"https:\/\/pro.alfaforni.com\/es\/wp-json\/wp\/v2\/pages"}],"about":[{"href":"https:\/\/pro.alfaforni.com\/es\/wp-json\/wp\/v2\/types\/page"}],"author":[{"embeddable":true,"href":"https:\/\/pro.alfaforni.com\/es\/wp-json\/wp\/v2\/users\/1156"}],"replies":[{"embeddable":true,"href":"https:\/\/pro.alfaforni.com\/es\/wp-json\/wp\/v2\/comments?post=72436"}],"version-history":[{"count":5,"href":"https:\/\/pro.alfaforni.com\/es\/wp-json\/wp\/v2\/pages\/72436\/revisions"}],"predecessor-version":[{"id":72450,"href":"https:\/\/pro.alfaforni.com\/es\/wp-json\/wp\/v2\/pages\/72436\/revisions\/72450"}],"wp:featuredmedia":[{"embeddable":true,"href":"https:\/\/pro.alfaforni.com\/es\/wp-json\/wp\/v2\/media\/71662"}],"wp:attachment":[{"href":"https:\/\/pro.alfaforni.com\/es\/wp-json\/wp\/v2\/media?parent=72436"}],"curies":[{"name":"wp","href":"https:\/\/api.w.org\/{rel}","templated":true}]}}