{"id":31741,"date":"2021-12-30T19:38:02","date_gmt":"2021-12-30T18:38:02","guid":{"rendered":"https:\/\/pro.alfaforni.com\/blog\/"},"modified":"2024-08-08T13:08:07","modified_gmt":"2024-08-08T11:08:07","slug":"blog","status":"publish","type":"page","link":"https:\/\/pro.alfaforni.com\/es\/blog\/","title":{"rendered":"Blog"},"content":{"rendered":"<p><div class=\"fusion-fullwidth fullwidth-box fusion-builder-row-1 fusion-flex-container has-pattern-background has-mask-background nonhundred-percent-fullwidth non-hundred-percent-height-scrolling\" style=\"--awb-border-radius-top-left:0px;--awb-border-radius-top-right:0px;--awb-border-radius-bottom-right:0px;--awb-border-radius-bottom-left:0px;--awb-margin-top:-50px;--awb-flex-wrap:wrap;\" ><div class=\"fusion-builder-row fusion-row fusion-flex-align-items-flex-start fusion-flex-content-wrap\" style=\"max-width:1248px;margin-left: calc(-4% \/ 2 );margin-right: calc(-4% \/ 2 );\"><div class=\"fusion-layout-column fusion_builder_column fusion-builder-column-0 fusion_builder_column_1_1 1_1 fusion-flex-column\" style=\"--awb-bg-size:cover;--awb-width-large:100%;--awb-margin-top-large:0px;--awb-spacing-right-large:1.92%;--awb-margin-bottom-large:20px;--awb-spacing-left-large:1.92%;--awb-width-medium:100%;--awb-order-medium:0;--awb-spacing-right-medium:1.92%;--awb-spacing-left-medium:1.92%;--awb-width-small:100%;--awb-order-small:0;--awb-spacing-right-small:1.92%;--awb-spacing-left-small:1.92%;\"><div class=\"fusion-column-wrapper fusion-column-has-shadow fusion-flex-justify-content-flex-start fusion-content-layout-column\"><div class=\"fusion-text fusion-text-1\"><h1>Blog<\/h1>\n<\/div><div class=\"fusion-text fusion-text-2 fusion-text-no-margin\" style=\"--awb-margin-bottom:60px;\"><h3>Descubre el nuevo blog de hornos Alfa dedicado al mundo de la pizza, de la buena comida y sobre todo de la cocci\u00f3n seg\u00fan las reglas del arte.<\/h3>\n<p>A continuaci\u00f3n encontrar\u00e1 muchos art\u00edculos interesantes sobre la pizza y los tipos de cocinas caseras y profesionales, la comida fina y c\u00f3mo prepararla en un horno Alfa para que puedas expresar sin falta tu arte culinario y deslumbrar a los familiares y amigos con tus recetas maravillosas.<\/p>\n<p>Adem\u00e1s de otras informaciones utiles sobre la manera de mantener y limpiar el horno y curiosidades relacionadas con la parrilla y la barbacoa.<\/p>\n<p><strong>\u00bfQuieres participar? Pues env\u00eda tu aportaci\u00f3n a nuestros redactores y convi\u00e9rtete en un protagonista del blog, cont\u00e1ndonos tus experiencias, d\u00e1ndonos ideas \u00bfy porqu\u00e9 no? tus recetas m\u00e1s creativas y secretas.<\/strong><\/p>\n<p>\u00bfTienes curiosidad por algo o dudas que merecen respuestas? Env\u00edelos a\u00a0<a href=\"https:\/\/pro.alfaforni.com\/es\/escribanos\/\">info@alfaforni.com<\/a>\u00a0y podr\u00e1n convertirse en contenido para nuevos art\u00edculos y vadem\u00e9cums.<\/p>\n<\/div><\/div><\/div><\/div><\/div><div class=\"fusion-fullwidth fullwidth-box fusion-builder-row-2 fusion-flex-container has-pattern-background has-mask-background nonhundred-percent-fullwidth non-hundred-percent-height-scrolling\" style=\"--awb-border-radius-top-left:0px;--awb-border-radius-top-right:0px;--awb-border-radius-bottom-right:0px;--awb-border-radius-bottom-left:0px;--awb-margin-bottom:-60px;--awb-background-color:rgba(239,232,226,0);--awb-flex-wrap:wrap;\" ><div class=\"fusion-builder-row fusion-row fusion-flex-align-items-flex-start fusion-flex-content-wrap\" style=\"max-width:1248px;margin-left: calc(-4% \/ 2 );margin-right: calc(-4% \/ 2 );\"><div class=\"fusion-layout-column fusion_builder_column fusion-builder-column-1 fusion_builder_column_1_1 1_1 fusion-flex-column\" style=\"--awb-bg-size:cover;--awb-width-large:100%;--awb-margin-top-large:0px;--awb-spacing-right-large:1.92%;--awb-margin-bottom-large:20px;--awb-spacing-left-large:1.92%;--awb-width-medium:100%;--awb-order-medium:0;--awb-spacing-right-medium:1.92%;--awb-spacing-left-medium:1.92%;--awb-width-small:100%;--awb-order-small:0;--awb-spacing-right-small:1.92%;--awb-spacing-left-small:1.92%;\"><div class=\"fusion-column-wrapper fusion-column-has-shadow fusion-flex-justify-content-flex-start fusion-content-layout-column\"><div class=\"fusion-recent-posts fusion-recent-posts-1 avada-container layout-default layout-columns-2 fusion-recent-posts-left fusion-recent-posts-infinite fusion-recent-posts-load-more\" data-pages=\"5\"><section class=\"fusion-columns columns fusion-columns-2 columns-2\"><article class=\"post fusion-column column col col-lg-6 col-md-6 col-sm-6\"><div class=\"fusion-flexslider fusion-flexslider-loading flexslider flexslider-hover-type-none\"><ul class=\"slides\"><li><a href=\"https:\/\/pro.alfaforni.com\/es\/horno-de-pizza-profesional-de-sobremesa-o-con-base-por-que-la-doble-configuracion-es-una-ventaja\/\" aria-label=\"Horno de pizza profesional de sobremesa o con base: por qu\u00e9 la doble configuraci\u00f3n es una ventaja\" class=\"hover-type-none\"><img decoding=\"async\" width=\"700\" height=\"441\" src=\"https:\/\/pro.alfaforni.com\/wp-content\/uploads\/2026\/03\/Quick-e-Zeno-700x441.jpg\" class=\"attachment-recent-posts size-recent-posts\" alt=\"\" srcset=\"https:\/\/pro.alfaforni.com\/wp-content\/uploads\/2026\/03\/Quick-e-Zeno-320x202.jpg 320w, https:\/\/pro.alfaforni.com\/wp-content\/uploads\/2026\/03\/Quick-e-Zeno-700x441.jpg 700w\" sizes=\"(max-width: 700px) 100vw, 700px\" ><\/a><\/li><\/ul><\/div><div class=\"recent-posts-content\"><span class=\"vcard\" style=\"display: none;\"><span class=\"fn\"><a href=\"https:\/\/pro.alfaforni.com\/es\/author\/i-valeri\/\"  rel=\"author\">Ilaria Valeri<\/a><\/span><\/span><span class=\"updated\" style=\"display:none;\">2026-03-26T08:51:18+01:00<\/span><h3 class=\"entry-title\"><a href=\"https:\/\/pro.alfaforni.com\/es\/horno-de-pizza-profesional-de-sobremesa-o-con-base-por-que-la-doble-configuracion-es-una-ventaja\/\">Horno de pizza profesional de sobremesa o con base: por qu\u00e9 la doble configuraci\u00f3n es una ventaja<\/a><\/h3><p> En el sector de la restauraci\u00f3n profesional, el dise\u00f1o de las cocinas est\u00e1 cambiando r\u00e1pidamente. Nuevos formatos de restaurantes, pizzer\u00edas compactas y cocinas abiertas requieren equipos cada vez m\u00e1s flexibles, capaces de adaptarse a [...]<\/p><\/div><\/article><article class=\"post fusion-column column col col-lg-6 col-md-6 col-sm-6\"><div class=\"fusion-flexslider fusion-flexslider-loading flexslider flexslider-hover-type-none\"><ul class=\"slides\"><li><a href=\"https:\/\/pro.alfaforni.com\/es\/horno-electrico-zeno-aprobado-pizza-romana\/\" aria-label=\"Horno el\u00e9ctrico Zeno, aprobado por la Associazione Pizza Romana: el reconocimiento en la Sigep 2026\" class=\"hover-type-none\"><img decoding=\"async\" width=\"700\" height=\"441\" src=\"https:\/\/pro.alfaforni.com\/wp-content\/uploads\/2026\/02\/Foto-Zeno-Sigep-2026-x-web-700x441.jpg\" class=\"attachment-recent-posts size-recent-posts\" alt=\"\" srcset=\"https:\/\/pro.alfaforni.com\/wp-content\/uploads\/2026\/02\/Foto-Zeno-Sigep-2026-x-web-320x202.jpg 320w, https:\/\/pro.alfaforni.com\/wp-content\/uploads\/2026\/02\/Foto-Zeno-Sigep-2026-x-web-700x441.jpg 700w\" sizes=\"(max-width: 700px) 100vw, 700px\" ><\/a><\/li><\/ul><\/div><div class=\"recent-posts-content\"><span class=\"vcard\" style=\"display: none;\"><span class=\"fn\"><a href=\"https:\/\/pro.alfaforni.com\/es\/author\/i-valeri\/\"  rel=\"author\">Ilaria Valeri<\/a><\/span><\/span><span class=\"updated\" style=\"display:none;\">2026-02-13T16:51:27+01:00<\/span><h3 class=\"entry-title\"><a href=\"https:\/\/pro.alfaforni.com\/es\/horno-electrico-zeno-aprobado-pizza-romana\/\">Horno el\u00e9ctrico Zeno, aprobado por la Associazione Pizza Romana: el reconocimiento en la Sigep 2026<\/a><\/h3><p> El 2026 marca un hito hist\u00f3rico para Alfa Forni: el horno el\u00e9ctrico profesional Zeno ha recibido la aprobaci\u00f3n oficial de la Associazione Pizza Romana, entidad de referencia en la protecci\u00f3n y promoci\u00f3n de la [...]<\/p><\/div><\/article><article class=\"post fusion-column column col col-lg-6 col-md-6 col-sm-6\"><div class=\"fusion-flexslider fusion-flexslider-loading flexslider flexslider-hover-type-none\"><ul class=\"slides\"><li><a href=\"https:\/\/pro.alfaforni.com\/es\/hornos-alfa-tradicion-innovacion-pizza-profesional\/\" aria-label=\"Los Hornos Profesionales Alfa Forni: Artesan\u00eda, Innovaci\u00f3n y \u00c9xito en la Pizza\" class=\"hover-type-none\"><img decoding=\"async\" width=\"700\" height=\"441\" src=\"https:\/\/pro.alfaforni.com\/wp-content\/uploads\/2024\/11\/Dettaglio-archetto-Napoli-700x441.jpg\" class=\"attachment-recent-posts size-recent-posts\" alt=\"Archetto Napoli Forno professionale Alfa Forni\" srcset=\"https:\/\/pro.alfaforni.com\/wp-content\/uploads\/2024\/11\/Dettaglio-archetto-Napoli-320x202.jpg 320w, https:\/\/pro.alfaforni.com\/wp-content\/uploads\/2024\/11\/Dettaglio-archetto-Napoli-700x441.jpg 700w\" sizes=\"(max-width: 700px) 100vw, 700px\" ><\/a><\/li><\/ul><\/div><div class=\"recent-posts-content\"><span class=\"vcard\" style=\"display: none;\"><span class=\"fn\"><a href=\"https:\/\/pro.alfaforni.com\/es\/author\/e-valente\/\"  rel=\"author\">e.valente<\/a><\/span><\/span><span class=\"updated\" style=\"display:none;\">2024-12-02T08:37:44+01:00<\/span><h3 class=\"entry-title\"><a href=\"https:\/\/pro.alfaforni.com\/es\/hornos-alfa-tradicion-innovacion-pizza-profesional\/\">Los Hornos Profesionales Alfa Forni: Artesan\u00eda, Innovaci\u00f3n y \u00c9xito en la Pizza<\/a><\/h3><p> Los hornos profesionales Alfa Forni representan la combinaci\u00f3n perfecta entre la tradici\u00f3n artesanal italiana y la tecnolog\u00eda innovadora. Dise\u00f1ados para chefs y pizzeros que desean ofrecer a sus clientes un producto excepcional, cada horno [...]<\/p><\/div><\/article><article class=\"post fusion-column column col col-lg-6 col-md-6 col-sm-6\"><div class=\"fusion-flexslider fusion-flexslider-loading flexslider flexslider-hover-type-none\"><ul class=\"slides\"><li><a href=\"https:\/\/pro.alfaforni.com\/es\/quick-horno-profesional-adecuado-para-tu-cocina\/\" aria-label=\"R\u00e1pido, ligero y vers\u00e1til. El horno profesional ideal para tu cocina\" class=\"hover-type-none\"><img decoding=\"async\" width=\"700\" height=\"397\" src=\"https:\/\/pro.alfaforni.com\/wp-content\/uploads\/2023\/07\/quick-4-pizze-wood-alfa-forni.jpg\" class=\"attachment-recent-posts size-recent-posts\" alt=\"\" srcset=\"https:\/\/pro.alfaforni.com\/wp-content\/uploads\/2023\/07\/quick-4-pizze-wood-alfa-forni-450x255.jpg 450w, https:\/\/pro.alfaforni.com\/wp-content\/uploads\/2023\/07\/quick-4-pizze-wood-alfa-forni-500x283.jpg 500w, https:\/\/pro.alfaforni.com\/wp-content\/uploads\/2023\/07\/quick-4-pizze-wood-alfa-forni-600x340.jpg 600w, https:\/\/pro.alfaforni.com\/wp-content\/uploads\/2023\/07\/quick-4-pizze-wood-alfa-forni-700x397.jpg 700w, https:\/\/pro.alfaforni.com\/wp-content\/uploads\/2023\/07\/quick-4-pizze-wood-alfa-forni-768x435.jpg 768w, https:\/\/pro.alfaforni.com\/wp-content\/uploads\/2023\/07\/quick-4-pizze-wood-alfa-forni.jpg 1270w\" sizes=\"(max-width: 700px) 100vw, 700px\" ><\/a><\/li><\/ul><\/div><div class=\"recent-posts-content\"><span class=\"vcard\" style=\"display: none;\"><span class=\"fn\"><a href=\"https:\/\/pro.alfaforni.com\/es\/author\/e-valente\/\"  rel=\"author\">e.valente<\/a><\/span><\/span><span class=\"updated\" style=\"display:none;\">2024-11-11T16:17:43+01:00<\/span><h3 class=\"entry-title\"><a href=\"https:\/\/pro.alfaforni.com\/es\/quick-horno-profesional-adecuado-para-tu-cocina\/\">R\u00e1pido, ligero y vers\u00e1til. El horno profesional ideal para tu cocina<\/a><\/h3><p> Hornos tradicionales para pizza: Ventajas y desventajas Los hornos tradicionales para pizza, ya sean de le\u00f1a o de gas como el modelo Napoli de Alfa Forni, siempre han sido un referente en la cocci\u00f3n [...]<\/p><\/div><\/article><article class=\"post fusion-column column col col-lg-6 col-md-6 col-sm-6\"><div class=\"fusion-flexslider fusion-flexslider-loading flexslider flexslider-hover-type-none\"><ul class=\"slides\"><li><a href=\"https:\/\/pro.alfaforni.com\/es\/zeno-alto-rendimiento-futuro-cocina-electrica\/\" aria-label=\"Zeno: Alto Rendimiento sin Emisiones, El Futuro de la Cocina El\u00e9ctrica\" class=\"hover-type-none\"><img decoding=\"async\" width=\"640\" height=\"360\" src=\"https:\/\/pro.alfaforni.com\/wp-content\/uploads\/2024\/10\/series-zeno-giuseppe-pinto-1.jpg\" class=\"attachment-recent-posts size-recent-posts\" alt=\"\" srcset=\"https:\/\/pro.alfaforni.com\/wp-content\/uploads\/2024\/10\/series-zeno-giuseppe-pinto-1-400x225.jpg 400w, https:\/\/pro.alfaforni.com\/wp-content\/uploads\/2024\/10\/series-zeno-giuseppe-pinto-1-450x253.jpg 450w, https:\/\/pro.alfaforni.com\/wp-content\/uploads\/2024\/10\/series-zeno-giuseppe-pinto-1-500x281.jpg 500w, https:\/\/pro.alfaforni.com\/wp-content\/uploads\/2024\/10\/series-zeno-giuseppe-pinto-1-600x338.jpg 600w, https:\/\/pro.alfaforni.com\/wp-content\/uploads\/2024\/10\/series-zeno-giuseppe-pinto-1.jpg 640w\" sizes=\"(max-width: 640px) 100vw, 640px\" ><\/a><\/li><\/ul><\/div><div class=\"recent-posts-content\"><span class=\"vcard\" style=\"display: none;\"><span class=\"fn\"><a href=\"https:\/\/pro.alfaforni.com\/es\/author\/italiandf\/\"  rel=\"author\">IDF<\/a><\/span><\/span><span class=\"updated\" style=\"display:none;\">2024-10-21T16:13:51+02:00<\/span><h3 class=\"entry-title\"><a href=\"https:\/\/pro.alfaforni.com\/es\/zeno-alto-rendimiento-futuro-cocina-electrica\/\">Zeno: Alto Rendimiento sin Emisiones, El Futuro de la Cocina El\u00e9ctrica<\/a><\/h3><p> En el panorama actual de la restauraci\u00f3n profesional, la innovaci\u00f3n tecnol\u00f3gica y la sostenibilidad juegan un papel central. La necesidad de reducir las emisiones, mejorar la eficiencia y garantizar un alto rendimiento ha llevado [...]<\/p><\/div><\/article><article class=\"post fusion-column column col col-lg-6 col-md-6 col-sm-6\"><div class=\"fusion-flexslider fusion-flexslider-loading flexslider flexslider-hover-type-none\"><ul class=\"slides\"><li><a href=\"https:\/\/pro.alfaforni.com\/es\/decoracion-moderna-para-pizzeria\/\" aria-label=\"Decoraci\u00f3n moderna para pizzer\u00eda: 3 elementos que no pueden faltar\" class=\"hover-type-none\"><img decoding=\"async\" width=\"700\" height=\"441\" src=\"https:\/\/pro.alfaforni.com\/wp-content\/uploads\/2020\/06\/opera-pizza-oven-horeca-700x441.jpg\" class=\"attachment-recent-posts size-recent-posts\" alt=\"arredamento per pizzeria\" srcset=\"https:\/\/pro.alfaforni.com\/wp-content\/uploads\/2020\/06\/opera-pizza-oven-horeca-320x202.jpg 320w, https:\/\/pro.alfaforni.com\/wp-content\/uploads\/2020\/06\/opera-pizza-oven-horeca-700x441.jpg 700w\" sizes=\"(max-width: 700px) 100vw, 700px\" ><\/a><\/li><\/ul><\/div><div class=\"recent-posts-content\"><span class=\"vcard\" style=\"display: none;\"><span class=\"fn\"><a href=\"https:\/\/pro.alfaforni.com\/es\/author\/admin\/\"  rel=\"author\">Stefano Evangelisti<\/a><\/span><\/span><span class=\"updated\" style=\"display:none;\">2024-04-12T09:54:15+02:00<\/span><h3 class=\"entry-title\"><a href=\"https:\/\/pro.alfaforni.com\/es\/decoracion-moderna-para-pizzeria\/\">Decoraci\u00f3n moderna para pizzer\u00eda: 3 elementos que no pueden faltar<\/a><\/h3><p>     \u00bfQu\u00e9 hace que una pizzer\u00eda sea \u00fanica e inmediatamente reconocible\u00a0a los ojos de los clientes, diferenci\u00e1ndola de la competencia? Ciertamente, la calidad de los ingredientes y la bondad de la [...]<\/p><\/div><\/article><article class=\"post fusion-column column col col-lg-6 col-md-6 col-sm-6\"><div class=\"fusion-flexslider fusion-flexslider-loading flexslider flexslider-hover-type-none\"><ul class=\"slides\"><li><a href=\"https:\/\/pro.alfaforni.com\/es\/como-gestionar-una-pizzeria\/\" aria-label=\"\u00bfC\u00f3mo gestionar una pizzer\u00eda? Todo lo que necesitas saber\" class=\"hover-type-none\"><img decoding=\"async\" width=\"700\" height=\"441\" src=\"https:\/\/pro.alfaforni.com\/wp-content\/uploads\/2022\/10\/20220928_142615-scaled-700x441.jpg\" class=\"attachment-recent-posts size-recent-posts\" alt=\"\" srcset=\"https:\/\/pro.alfaforni.com\/wp-content\/uploads\/2022\/10\/20220928_142615-scaled-320x202.jpg 320w, https:\/\/pro.alfaforni.com\/wp-content\/uploads\/2022\/10\/20220928_142615-scaled-700x441.jpg 700w\" sizes=\"(max-width: 700px) 100vw, 700px\" ><\/a><\/li><\/ul><\/div><div class=\"recent-posts-content\"><span class=\"vcard\" style=\"display: none;\"><span class=\"fn\"><a href=\"https:\/\/pro.alfaforni.com\/es\/author\/admin\/\"  rel=\"author\">Stefano Evangelisti<\/a><\/span><\/span><span class=\"updated\" style=\"display:none;\">2024-04-12T12:30:05+02:00<\/span><h3 class=\"entry-title\"><a href=\"https:\/\/pro.alfaforni.com\/es\/como-gestionar-una-pizzeria\/\">\u00bfC\u00f3mo gestionar una pizzer\u00eda? Todo lo que necesitas saber<\/a><\/h3><p>Gestionar una pizzer\u00eda, como cualquier otro negocio, requiere atenci\u00f3n y una buena dosis de organizaci\u00f3n para\u00a0optimizar el tiempo y los recursos disponibles.Parece una obviedad, pero no lo es en absoluto: aprender a controlar pedidos, coordinar [...]<\/p><\/div><\/article><article class=\"post fusion-column column col col-lg-6 col-md-6 col-sm-6\"><div class=\"fusion-flexslider fusion-flexslider-loading flexslider flexslider-hover-type-none\"><ul class=\"slides\"><li><a href=\"https:\/\/pro.alfaforni.com\/es\/como-abrir-un-restaurante-de-cocina-celiaca-sin-gluten\/\" aria-label=\"Cocina sin gluten: c\u00f3mo y por qu\u00e9 abrir un restaurante para cel\u00edacos\" class=\"hover-type-none\"><img decoding=\"async\" width=\"700\" height=\"441\" src=\"https:\/\/pro.alfaforni.com\/wp-content\/uploads\/2022\/09\/quattro-base-pizzaoven-alfa-pro-700x441.jpg\" class=\"attachment-recent-posts size-recent-posts\" alt=\"\" srcset=\"https:\/\/pro.alfaforni.com\/wp-content\/uploads\/2022\/09\/quattro-base-pizzaoven-alfa-pro-320x202.jpg 320w, https:\/\/pro.alfaforni.com\/wp-content\/uploads\/2022\/09\/quattro-base-pizzaoven-alfa-pro-700x441.jpg 700w\" sizes=\"(max-width: 700px) 100vw, 700px\" ><\/a><\/li><\/ul><\/div><div class=\"recent-posts-content\"><span class=\"vcard\" style=\"display: none;\"><span class=\"fn\"><a href=\"https:\/\/pro.alfaforni.com\/es\/author\/admin\/\"  rel=\"author\">Stefano Evangelisti<\/a><\/span><\/span><span class=\"updated\" style=\"display:none;\">2024-05-15T11:07:35+02:00<\/span><h3 class=\"entry-title\"><a href=\"https:\/\/pro.alfaforni.com\/es\/como-abrir-un-restaurante-de-cocina-celiaca-sin-gluten\/\">Cocina sin gluten: c\u00f3mo y por qu\u00e9 abrir un restaurante para cel\u00edacos<\/a><\/h3><p>La celiaqu\u00eda es una de las intolerancias m\u00e1s comunes en el mundo. S\u00f3lo en Italia hay unas 600 mil personas que, a su pesar, tienen que prescindir de algunos de los alimentos b\u00e1sicos de la [...]<\/p><\/div><\/article><article class=\"post fusion-column column col col-lg-6 col-md-6 col-sm-6\"><div class=\"fusion-flexslider fusion-flexslider-loading flexslider flexslider-hover-type-none\"><ul class=\"slides\"><li><a href=\"https:\/\/pro.alfaforni.com\/es\/horno-para-pizza-profesional-restaurante-guia\/\" aria-label=\"Horno de pizza profesional: gu\u00eda de compra\" class=\"hover-type-none\"><img decoding=\"async\" width=\"700\" height=\"441\" src=\"https:\/\/pro.alfaforni.com\/wp-content\/uploads\/2021\/12\/el-munta-trastevere-roma-700x441.jpeg\" class=\"attachment-recent-posts size-recent-posts\" alt=\"\" srcset=\"https:\/\/pro.alfaforni.com\/wp-content\/uploads\/2021\/12\/el-munta-trastevere-roma-320x202.jpeg 320w, https:\/\/pro.alfaforni.com\/wp-content\/uploads\/2021\/12\/el-munta-trastevere-roma-700x441.jpeg 700w\" sizes=\"(max-width: 700px) 100vw, 700px\" ><\/a><\/li><\/ul><\/div><div class=\"recent-posts-content\"><span class=\"vcard\" style=\"display: none;\"><span class=\"fn\"><a href=\"https:\/\/pro.alfaforni.com\/es\/author\/admin\/\"  rel=\"author\">Stefano Evangelisti<\/a><\/span><\/span><span class=\"updated\" style=\"display:none;\">2024-04-16T11:29:33+02:00<\/span><h3 class=\"entry-title\"><a href=\"https:\/\/pro.alfaforni.com\/es\/horno-para-pizza-profesional-restaurante-guia\/\">Horno de pizza profesional: gu\u00eda de compra<\/a><\/h3><p>Una masa perfecta requiere un horno profesional que est\u00e9 a la altura.\u00a0La eficiencia de la producci\u00f3n, la cocci\u00f3n uniforme y constante, la facilidad de manejo y un dise\u00f1o cuidado\u00a0son algunas de las promesas que debe [...]<\/p><\/div><\/article><article class=\"post fusion-column column col col-lg-6 col-md-6 col-sm-6\"><div class=\"fusion-flexslider fusion-flexslider-loading flexslider flexslider-hover-type-none\"><ul class=\"slides\"><li><a href=\"https:\/\/pro.alfaforni.com\/es\/como-renovar-la-pizzeria\/\" aria-label=\"C\u00f3mo renovar tu pizzer\u00eda &#8211; gu\u00eda completa\" class=\"hover-type-none\"><img decoding=\"async\" width=\"700\" height=\"441\" src=\"https:\/\/pro.alfaforni.com\/wp-content\/uploads\/2021\/12\/opera-pizza-oven-horeca-1200x600-1-700x441.jpeg\" class=\"attachment-recent-posts size-recent-posts\" alt=\"\" srcset=\"https:\/\/pro.alfaforni.com\/wp-content\/uploads\/2021\/12\/opera-pizza-oven-horeca-1200x600-1-320x202.jpeg 320w, https:\/\/pro.alfaforni.com\/wp-content\/uploads\/2021\/12\/opera-pizza-oven-horeca-1200x600-1-700x441.jpeg 700w\" sizes=\"(max-width: 700px) 100vw, 700px\" ><\/a><\/li><\/ul><\/div><div class=\"recent-posts-content\"><span class=\"vcard\" style=\"display: none;\"><span class=\"fn\"><a href=\"https:\/\/pro.alfaforni.com\/es\/author\/admin\/\"  rel=\"author\">Stefano Evangelisti<\/a><\/span><\/span><span class=\"updated\" style=\"display:none;\">2024-04-17T10:31:18+02:00<\/span><h3 class=\"entry-title\"><a href=\"https:\/\/pro.alfaforni.com\/es\/como-renovar-la-pizzeria\/\">C\u00f3mo renovar tu pizzer\u00eda &#8211; gu\u00eda completa<\/a><\/h3><p>El sector de la restauraci\u00f3n es uno de los m\u00e1s afectados por la crisis provocada por la pandemia, ya que durante varios meses no se ha podido trabajar con la capacidad llena, y en muchos [...]<\/p><\/div><\/article><\/section><div class=\"fusion-infinite-scroll-trigger\"><\/div><div class=\"pagination infinite-scroll clearfix\" style=\"display:none;\"><span class=\"current\">1<\/span><a href=\"https:\/\/pro.alfaforni.com\/es\/wp-json\/wp\/v2\/pages\/31741\/page\/2\/\" class=\"inactive\">2<\/a><a class=\"pagination-next\" rel=\"next\" href=\"https:\/\/pro.alfaforni.com\/es\/wp-json\/wp\/v2\/pages\/31741\/page\/2\/\"><span class=\"page-text\">Next<\/span><span class=\"page-next\"><\/span><\/a><\/div><div class=\"fusion-clearfix\"><\/div><button class=\"fusion-load-more-button fusion-blog-button fusion-clearfix\">Load More Posts<\/button><\/div><\/div><\/div><\/div><\/div><\/p>\n","protected":false},"excerpt":{"rendered":"","protected":false},"author":900,"featured_media":0,"parent":0,"menu_order":0,"comment_status":"closed","ping_status":"closed","template":"","meta":{"_acf_changed":false,"footnotes":""},"class_list":["post-31741","page","type-page","status-publish","hentry"],"acf":[],"_links":{"self":[{"href":"https:\/\/pro.alfaforni.com\/es\/wp-json\/wp\/v2\/pages\/31741","targetHints":{"allow":["GET"]}}],"collection":[{"href":"https:\/\/pro.alfaforni.com\/es\/wp-json\/wp\/v2\/pages"}],"about":[{"href":"https:\/\/pro.alfaforni.com\/es\/wp-json\/wp\/v2\/types\/page"}],"author":[{"embeddable":true,"href":"https:\/\/pro.alfaforni.com\/es\/wp-json\/wp\/v2\/users\/900"}],"replies":[{"embeddable":true,"href":"https:\/\/pro.alfaforni.com\/es\/wp-json\/wp\/v2\/comments?post=31741"}],"version-history":[{"count":5,"href":"https:\/\/pro.alfaforni.com\/es\/wp-json\/wp\/v2\/pages\/31741\/revisions"}],"predecessor-version":[{"id":64847,"href":"https:\/\/pro.alfaforni.com\/es\/wp-json\/wp\/v2\/pages\/31741\/revisions\/64847"}],"wp:attachment":[{"href":"https:\/\/pro.alfaforni.com\/es\/wp-json\/wp\/v2\/media?parent=31741"}],"curies":[{"name":"wp","href":"https:\/\/api.w.org\/{rel}","templated":true}]}}