{"id":3114,"date":"2018-06-12T12:06:57","date_gmt":"2018-06-12T10:06:57","guid":{"rendered":"https:\/\/pro.alfaforni.com\/conviertase-en-distribuidor\/"},"modified":"2024-05-02T11:31:45","modified_gmt":"2024-05-02T09:31:45","slug":"conviertase-en-distribuidor","status":"publish","type":"page","link":"https:\/\/pro.alfaforni.com\/es\/conviertase-en-distribuidor\/","title":{"rendered":"Convi\u00e9rtase en nuestro revendedor"},"content":{"rendered":"<p><div class=\"fusion-fullwidth fullwidth-box fusion-builder-row-1 fusion-flex-container has-pattern-background has-mask-background nonhundred-percent-fullwidth non-hundred-percent-height-scrolling\" style=\"--awb-border-radius-top-left:0px;--awb-border-radius-top-right:0px;--awb-border-radius-bottom-right:0px;--awb-border-radius-bottom-left:0px;--awb-padding-top:40px;--awb-padding-bottom:80px;--awb-padding-top-medium:0px;--awb-flex-wrap:wrap;\" ><div class=\"fusion-builder-row fusion-row fusion-flex-align-items-flex-start fusion-flex-content-wrap\" style=\"max-width:1248px;margin-left: calc(-4% \/ 2 );margin-right: calc(-4% \/ 2 );\"><div class=\"fusion-layout-column fusion_builder_column fusion-builder-column-0 fusion_builder_column_1_2 1_2 fusion-flex-column\" style=\"--awb-bg-size:cover;--awb-width-large:50%;--awb-margin-top-large:-30px;--awb-spacing-right-large:3.84%;--awb-margin-bottom-large:20px;--awb-spacing-left-large:3.84%;--awb-width-medium:50%;--awb-order-medium:0;--awb-spacing-right-medium:3.84%;--awb-spacing-left-medium:3.84%;--awb-width-small:100%;--awb-order-small:0;--awb-spacing-right-small:1.92%;--awb-spacing-left-small:1.92%;\"><div class=\"fusion-column-wrapper fusion-column-has-shadow fusion-flex-justify-content-flex-start fusion-content-layout-column\"><div class=\"fusion-text fusion-text-1\"><h1>\u00bfPor qu\u00e9 trabajar con Alfa?<\/h1>\n<h3>Alfa es una empresa de r\u00e1pido crecimiento que busca revendedores calificados en muchas \u00e1reas de mercado.<\/h3>\n<p>Durante 40 a\u00f1os hemos dirigido una empresa familiar con la misma pasi\u00f3n y el deseo de innovaci\u00f3n y de comercializaci\u00f3n de nuestros hornos en todo el mundo. Una gran familia que tambi\u00e9n abarca la red de nuestros colaboradores, distruibidores y proveedores et que comparte la obsesi\u00f3n por la calidad. En los \u00faltimos a\u00f1os, hemos vendido m\u00e1s de 500 000 hornos en todo el mundo, lo que demuestra que nuestros clientes aprecian la fiabilidad, la mejora continua y la alta tecnolog\u00eda que caracterizan nuestros productos.<\/p>\n<p>Alfa pone a sus colaboradores en primer lugar. Hemos montado un sistema de asistencia en l\u00ednea, un equipo de servicio de atenci\u00f3n al cliente y un equipo comercial que se encarga de la formaci\u00f3n del producto y de destacarlo en la tienda para aumentar sus ventas.<\/p>\n<\/div><\/div><\/div><div class=\"fusion-layout-column fusion_builder_column fusion-builder-column-1 fusion_builder_column_1_2 1_2 fusion-flex-column\" style=\"--awb-bg-size:cover;--awb-width-large:50%;--awb-margin-top-large:0px;--awb-spacing-right-large:3.84%;--awb-margin-bottom-large:20px;--awb-spacing-left-large:3.84%;--awb-width-medium:50%;--awb-order-medium:0;--awb-spacing-right-medium:3.84%;--awb-spacing-left-medium:3.84%;--awb-width-small:100%;--awb-order-small:0;--awb-spacing-right-small:1.92%;--awb-spacing-left-small:1.92%;\"><div class=\"fusion-column-wrapper fusion-column-has-shadow fusion-flex-justify-content-flex-start fusion-content-layout-column\"><div class=\"fusion-text fusion-text-2\"><h3>Descubre c\u00f3mo puedes integrar nuestro equipo de revendedores; introduce tus datos personales en el formulario aqu\u00ed abajo.<\/h3>\n<\/div><!--[if lte IE 8]>\n<script data-wpfc-render=\"false\" charset=\"utf-8\" type=\"text\/javascript\" src=\"\/\/js.hsforms.net\/forms\/v2-legacy.js\"><\/script>\n<![endif]-->\n<script data-wpfc-render=\"false\" charset=\"utf-8\" type=\"text\/javascript\" src=\"\/\/js.hsforms.net\/forms\/v2.js\"><\/script>\n<script>\n  hbspt.forms.create({\n\tportalId: \"4295316\",\n\tformId: \"91e0b313-634b-4797-87cf-dea4ee6f16a5\"\n});\n<\/script><\/div><\/div><\/div><\/div><div class=\"fusion-fullwidth fullwidth-box fusion-builder-row-2 fusion-flex-container has-pattern-background has-mask-background nonhundred-percent-fullwidth non-hundred-percent-height-scrolling\" style=\"--awb-border-radius-top-left:0px;--awb-border-radius-top-right:0px;--awb-border-radius-bottom-right:0px;--awb-border-radius-bottom-left:0px;--awb-padding-top:60px;--awb-padding-bottom:60px;--awb-background-color:#2c2125;--awb-flex-wrap:wrap;\" ><div class=\"fusion-builder-row fusion-row fusion-flex-align-items-flex-start fusion-flex-content-wrap\" style=\"max-width:1248px;margin-left: calc(-4% \/ 2 );margin-right: calc(-4% \/ 2 );\"><div class=\"fusion-layout-column fusion_builder_column fusion-builder-column-2 fusion_builder_column_1_3 1_3 fusion-flex-column\" style=\"--awb-bg-size:cover;--awb-width-large:33.333333333333%;--awb-margin-top-large:0px;--awb-spacing-right-large:5.76%;--awb-margin-bottom-large:20px;--awb-spacing-left-large:5.76%;--awb-width-medium:33.333333333333%;--awb-order-medium:0;--awb-spacing-right-medium:5.76%;--awb-spacing-left-medium:5.76%;--awb-width-small:100%;--awb-order-small:0;--awb-spacing-right-small:1.92%;--awb-spacing-left-small:1.92%;\"><div class=\"fusion-column-wrapper fusion-column-has-shadow fusion-flex-justify-content-flex-start fusion-content-layout-column\"><div class=\"fusion-image-element \" style=\"--awb-margin-bottom:20px;--awb-caption-title-font-family:var(--h2_typography-font-family);--awb-caption-title-font-weight:var(--h2_typography-font-weight);--awb-caption-title-font-style:var(--h2_typography-font-style);--awb-caption-title-size:var(--h2_typography-font-size);--awb-caption-title-transform:var(--h2_typography-text-transform);--awb-caption-title-line-height:var(--h2_typography-line-height);--awb-caption-title-letter-spacing:var(--h2_typography-letter-spacing);\"><span class=\" fusion-imageframe imageframe-none imageframe-1 hover-type-none\"><img decoding=\"async\" width=\"78\" height=\"78\"  src=\"http:\/\/www.alfaforni.com\/wp-content\/uploads\/2021\/12\/alfa-forni-carrello-icon.png\" class=\"img-responsive wp-image-25846\" alt=\"\" srcset=\"https:\/\/pro.alfaforni.com\/wp-content\/uploads\/2021\/12\/alfa-forni-carrello-icon.png 78w, https:\/\/pro.alfaforni.com\/wp-content\/uploads\/2021\/12\/alfa-forni-carrello-icon-1024x1024.png 1024w\" sizes=\"(max-width: 78px) 100vw, 78px\" \/><\/span><\/div><div class=\"fusion-text fusion-text-3\"><h4><span style=\"color: #ffffff;\">El horno de le\u00f1a es una mejora para tus clientes.<\/span><\/h4>\n<p><span style=\"color: #ffffff;\">En el universo de la barbacoa y de la cocina al aire libre, el horno de le\u00f1a est\u00e1 ganando terreno. Los <b>aficionados<\/b> de la cocina con le\u00f1a buscan aparatos polivalentes, los ne\u00f3fitos eligen soluciones m\u00e1s sencillas para comenzar a <b>cocinar al aire libre<\/b> y los estetas se decantan por un producto que destaque en su cocina exterior.<\/span><\/p>\n<\/div><\/div><\/div><div class=\"fusion-layout-column fusion_builder_column fusion-builder-column-3 fusion_builder_column_1_3 1_3 fusion-flex-column\" style=\"--awb-bg-size:cover;--awb-width-large:33.333333333333%;--awb-margin-top-large:0px;--awb-spacing-right-large:5.76%;--awb-margin-bottom-large:20px;--awb-spacing-left-large:5.76%;--awb-width-medium:33.333333333333%;--awb-order-medium:0;--awb-spacing-right-medium:5.76%;--awb-spacing-left-medium:5.76%;--awb-width-small:100%;--awb-order-small:0;--awb-spacing-right-small:1.92%;--awb-spacing-left-small:1.92%;\"><div class=\"fusion-column-wrapper fusion-column-has-shadow fusion-flex-justify-content-flex-start fusion-content-layout-column\"><div class=\"fusion-image-element \" style=\"--awb-margin-bottom:20px;--awb-max-width:78px;--awb-caption-title-font-family:var(--h2_typography-font-family);--awb-caption-title-font-weight:var(--h2_typography-font-weight);--awb-caption-title-font-style:var(--h2_typography-font-style);--awb-caption-title-size:var(--h2_typography-font-size);--awb-caption-title-transform:var(--h2_typography-text-transform);--awb-caption-title-line-height:var(--h2_typography-line-height);--awb-caption-title-letter-spacing:var(--h2_typography-letter-spacing);\"><span class=\" fusion-imageframe imageframe-none imageframe-2 hover-type-none\"><img decoding=\"async\" width=\"512\" height=\"512\"  src=\"http:\/\/www.alfaforni.com\/wp-content\/uploads\/2021\/12\/cropped-alfa-favicon.png\" class=\"img-responsive wp-image-25853\" alt=\"\" srcset=\"https:\/\/pro.alfaforni.com\/wp-content\/uploads\/2021\/12\/cropped-alfa-favicon-100x100.png 100w, https:\/\/pro.alfaforni.com\/wp-content\/uploads\/2021\/12\/cropped-alfa-favicon-300x300.png 300w, https:\/\/pro.alfaforni.com\/wp-content\/uploads\/2021\/12\/cropped-alfa-favicon-500x500.png 500w, https:\/\/pro.alfaforni.com\/wp-content\/uploads\/2021\/12\/cropped-alfa-favicon.png 512w, https:\/\/pro.alfaforni.com\/wp-content\/uploads\/2021\/12\/cropped-alfa-favicon-1024x1024.png 1024w\" sizes=\"(max-width: 512px) 100vw, 512px\" \/><\/span><\/div><div class=\"fusion-text fusion-text-4\"><h4><span style=\"color: #ffffff;\">\u00a1Alfa tiene una soluci\u00f3n para todos sus clientes!<\/span><\/h4>\n<p><span style=\"color: #ffffff;\">Desde el <a href=\"https:\/\/pro.alfaforni.com\/es\/producto\/4-pizze-horno-de-lena\/\">4 Pizze<\/a>, el horno para los amantes de la cocina con le\u00f1a que quieren acercar el mundo de la pizza al del pan, al <a href=\"https:\/\/pro.alfaforni.com\/es\/producto\/one-el-horno-italiano-para-todos\/\">ONE<\/a>, para principiantes que prefieren un aparato de gas, limpio, f\u00e1cil de usar y adecuado para el balc\u00f3n, pasando por el <a href=\"https:\/\/pro.alfaforni.com\/es\/producto\/dolce-vita-horno\/\">Dolce Vita<\/a>, el horno de sobremesa perfecto para amueblar las cocinas exteriores m\u00e1s lujosas.<\/span><\/p>\n<\/div><\/div><\/div><div class=\"fusion-layout-column fusion_builder_column fusion-builder-column-4 fusion_builder_column_1_3 1_3 fusion-flex-column\" style=\"--awb-bg-size:cover;--awb-width-large:33.333333333333%;--awb-margin-top-large:0px;--awb-spacing-right-large:5.76%;--awb-margin-bottom-large:20px;--awb-spacing-left-large:5.76%;--awb-width-medium:33.333333333333%;--awb-order-medium:0;--awb-spacing-right-medium:5.76%;--awb-spacing-left-medium:5.76%;--awb-width-small:100%;--awb-order-small:0;--awb-spacing-right-small:1.92%;--awb-spacing-left-small:1.92%;\"><div class=\"fusion-column-wrapper fusion-column-has-shadow fusion-flex-justify-content-flex-start fusion-content-layout-column\"><div class=\"fusion-image-element \" style=\"--awb-margin-bottom:20px;--awb-caption-title-font-family:var(--h2_typography-font-family);--awb-caption-title-font-weight:var(--h2_typography-font-weight);--awb-caption-title-font-style:var(--h2_typography-font-style);--awb-caption-title-size:var(--h2_typography-font-size);--awb-caption-title-transform:var(--h2_typography-text-transform);--awb-caption-title-line-height:var(--h2_typography-line-height);--awb-caption-title-letter-spacing:var(--h2_typography-letter-spacing);\"><span class=\" fusion-imageframe imageframe-none imageframe-3 hover-type-none\"><img decoding=\"async\" width=\"78\" height=\"78\"  src=\"http:\/\/www.alfaforni.com\/wp-content\/uploads\/2021\/12\/alfa-forni-fiamma-icon-.png\" class=\"img-responsive wp-image-25860\" alt=\"\" srcset=\"https:\/\/pro.alfaforni.com\/wp-content\/uploads\/2021\/12\/alfa-forni-fiamma-icon-.png 78w, https:\/\/pro.alfaforni.com\/wp-content\/uploads\/2021\/12\/alfa-forni-fiamma-icon--1024x1024.png 1024w\" sizes=\"(max-width: 78px) 100vw, 78px\" \/><\/span><\/div><div class=\"fusion-text fusion-text-5\"><h4><span style=\"color: #ffffff;\">Alfa invierte cada mes para hacer crecer los contactos de tu tienda.<\/span><\/h4>\n<p><span style=\"color: #ffffff;\">Ya sea un revendedor especializado, un revendedor online o un distribuidor, Alfa ha elaborado un sistema de marketing en l\u00ednea para todos sus colaboradores: un sitio web con mucho tr\u00e1fico, cientos de contactos diarios y una presencia en las principales redes sociales.<\/span><\/p>\n<\/div><\/div><\/div><\/div><\/div><div class=\"fusion-fullwidth fullwidth-box fusion-builder-row-3 fusion-flex-container has-pattern-background has-mask-background nonhundred-percent-fullwidth non-hundred-percent-height-scrolling\" style=\"--awb-border-radius-top-left:0px;--awb-border-radius-top-right:0px;--awb-border-radius-bottom-right:0px;--awb-border-radius-bottom-left:0px;--awb-padding-top:100px;--awb-padding-bottom:80px;--awb-flex-wrap:wrap;\" ><div class=\"fusion-builder-row fusion-row fusion-flex-align-items-flex-start fusion-flex-content-wrap\" style=\"max-width:1248px;margin-left: calc(-4% \/ 2 );margin-right: calc(-4% \/ 2 );\"><div class=\"fusion-layout-column fusion_builder_column fusion-builder-column-5 fusion_builder_column_1_1 1_1 fusion-flex-column\" style=\"--awb-bg-size:cover;--awb-width-large:100%;--awb-margin-top-large:0px;--awb-spacing-right-large:1.92%;--awb-margin-bottom-large:20px;--awb-spacing-left-large:1.92%;--awb-width-medium:100%;--awb-order-medium:0;--awb-spacing-right-medium:1.92%;--awb-spacing-left-medium:1.92%;--awb-width-small:100%;--awb-order-small:0;--awb-spacing-right-small:1.92%;--awb-spacing-left-small:1.92%;\"><div class=\"fusion-column-wrapper fusion-column-has-shadow fusion-flex-justify-content-flex-start fusion-content-layout-column\"><div class=\"fusion-text fusion-text-6\"><div style=\"padding: 56.25% 0 0 0; position: relative;\"><iframe style=\"position: absolute; top: 0; left: 0; width: 100%; height: 100%;\" src=\"https:\/\/player.vimeo.com\/video\/283914192?h=aa4a21285e&amp;color=ffffff&amp;title=0&amp;byline=0&amp;portrait=0\" frameborder=\"0\" allowfullscreen=\"allowfullscreen\" data-mce-fragment=\"1\"><\/iframe><\/div>\n<\/div><\/div><\/div><\/div><\/div><\/p>\n","protected":false},"excerpt":{"rendered":"","protected":false},"author":1,"featured_media":7652,"parent":0,"menu_order":0,"comment_status":"closed","ping_status":"closed","template":"100-width.php","meta":{"_acf_changed":false,"footnotes":""},"class_list":["post-3114","page","type-page","status-publish","has-post-thumbnail","hentry"],"acf":[],"_links":{"self":[{"href":"https:\/\/pro.alfaforni.com\/es\/wp-json\/wp\/v2\/pages\/3114","targetHints":{"allow":["GET"]}}],"collection":[{"href":"https:\/\/pro.alfaforni.com\/es\/wp-json\/wp\/v2\/pages"}],"about":[{"href":"https:\/\/pro.alfaforni.com\/es\/wp-json\/wp\/v2\/types\/page"}],"author":[{"embeddable":true,"href":"https:\/\/pro.alfaforni.com\/es\/wp-json\/wp\/v2\/users\/1"}],"replies":[{"embeddable":true,"href":"https:\/\/pro.alfaforni.com\/es\/wp-json\/wp\/v2\/comments?post=3114"}],"version-history":[{"count":5,"href":"https:\/\/pro.alfaforni.com\/es\/wp-json\/wp\/v2\/pages\/3114\/revisions"}],"predecessor-version":[{"id":61234,"href":"https:\/\/pro.alfaforni.com\/es\/wp-json\/wp\/v2\/pages\/3114\/revisions\/61234"}],"wp:featuredmedia":[{"embeddable":true,"href":"https:\/\/pro.alfaforni.com\/es\/wp-json\/wp\/v2\/media\/7652"}],"wp:attachment":[{"href":"https:\/\/pro.alfaforni.com\/es\/wp-json\/wp\/v2\/media?parent=3114"}],"curies":[{"name":"wp","href":"https:\/\/api.w.org\/{rel}","templated":true}]}}