{"id":72432,"date":"2026-02-17T15:52:31","date_gmt":"2026-02-17T14:52:31","guid":{"rendered":"https:\/\/pro.alfaforni.com\/?page_id=72432"},"modified":"2026-02-17T16:50:12","modified_gmt":"2026-02-17T15:50:12","slug":"alfa-oefen","status":"publish","type":"page","link":"https:\/\/pro.alfaforni.com\/de\/alfa-oefen\/","title":{"rendered":"Alfa \u00d6fen"},"content":{"rendered":"<p><div class=\"fusion-fullwidth fullwidth-box fusion-builder-row-1 fusion-flex-container has-pattern-background has-mask-background fusion-parallax-none nonhundred-percent-fullwidth non-hundred-percent-height-scrolling\" style=\"--awb-border-radius-top-left:0px;--awb-border-radius-top-right:0px;--awb-border-radius-bottom-right:0px;--awb-border-radius-bottom-left:0px;--awb-padding-top:150px;--awb-padding-bottom:150px;--awb-margin-top:-65px;--awb-background-image:url(&quot;https:\/\/pro.alfaforni.com\/wp-content\/uploads\/2025\/12\/QUICK-2-Pizze-4.jpg&quot;);--awb-background-size:cover;--awb-flex-wrap:wrap;\" ><div class=\"fusion-builder-row fusion-row fusion-flex-align-items-flex-start fusion-flex-content-wrap\" style=\"max-width:1248px;margin-left: calc(-4% \/ 2 );margin-right: calc(-4% \/ 2 );\"><div class=\"fusion-layout-column fusion_builder_column fusion-builder-column-0 fusion_builder_column_1_6 1_6 fusion-flex-column\" style=\"--awb-bg-size:cover;--awb-width-large:16.666666666667%;--awb-margin-top-large:0px;--awb-spacing-right-large:11.52%;--awb-margin-bottom-large:20px;--awb-spacing-left-large:11.52%;--awb-width-medium:16.666666666667%;--awb-order-medium:0;--awb-spacing-right-medium:11.52%;--awb-spacing-left-medium:11.52%;--awb-width-small:100%;--awb-order-small:0;--awb-spacing-right-small:1.92%;--awb-spacing-left-small:1.92%;\"><div class=\"fusion-column-wrapper fusion-column-has-shadow fusion-flex-justify-content-flex-start fusion-content-layout-column\"><\/div><\/div><div class=\"fusion-layout-column fusion_builder_column fusion-builder-column-1 fusion_builder_column_2_3 2_3 fusion-flex-column\" style=\"--awb-bg-size:cover;--awb-width-large:66.666666666667%;--awb-margin-top-large:0px;--awb-spacing-right-large:2.88%;--awb-margin-bottom-large:20px;--awb-spacing-left-large:2.88%;--awb-width-medium:66.666666666667%;--awb-order-medium:0;--awb-spacing-right-medium:2.88%;--awb-spacing-left-medium:2.88%;--awb-width-small:100%;--awb-order-small:0;--awb-spacing-right-small:1.92%;--awb-spacing-left-small:1.92%;\"><div class=\"fusion-column-wrapper fusion-column-has-shadow fusion-flex-justify-content-flex-start fusion-content-layout-column\"><div class=\"fusion-text fusion-text-1\" style=\"--awb-text-color:#ffffff;\"><h1 style=\"text-align: center;\"><span style=\"color: #ffffff;\">Alfa \u00d6fen<\/span><\/h1>\n<\/div><\/div><\/div><div class=\"fusion-layout-column fusion_builder_column fusion-builder-column-2 fusion_builder_column_1_6 1_6 fusion-flex-column\" style=\"--awb-bg-size:cover;--awb-width-large:16.666666666667%;--awb-margin-top-large:0px;--awb-spacing-right-large:11.52%;--awb-margin-bottom-large:20px;--awb-spacing-left-large:11.52%;--awb-width-medium:16.666666666667%;--awb-order-medium:0;--awb-spacing-right-medium:11.52%;--awb-spacing-left-medium:11.52%;--awb-width-small:100%;--awb-order-small:0;--awb-spacing-right-small:1.92%;--awb-spacing-left-small:1.92%;\"><div class=\"fusion-column-wrapper fusion-column-has-shadow fusion-flex-justify-content-flex-start fusion-content-layout-column\"><\/div><\/div><\/div><\/div><div class=\"fusion-fullwidth fullwidth-box fusion-builder-row-2 fusion-flex-container has-pattern-background has-mask-background nonhundred-percent-fullwidth non-hundred-percent-height-scrolling\" style=\"--awb-border-radius-top-left:0px;--awb-border-radius-top-right:0px;--awb-border-radius-bottom-right:0px;--awb-border-radius-bottom-left:0px;--awb-margin-top:100px;--awb-margin-bottom:100px;--awb-flex-wrap:wrap;\" ><div class=\"fusion-builder-row fusion-row fusion-flex-align-items-flex-start fusion-flex-content-wrap\" style=\"max-width:1248px;margin-left: calc(-4% \/ 2 );margin-right: calc(-4% \/ 2 );\"><div class=\"fusion-layout-column fusion_builder_column fusion-builder-column-3 fusion_builder_column_1_2 1_2 fusion-flex-column\" style=\"--awb-bg-size:cover;--awb-width-large:50%;--awb-margin-top-large:0px;--awb-spacing-right-large:3.84%;--awb-margin-bottom-large:20px;--awb-spacing-left-large:3.84%;--awb-width-medium:50%;--awb-order-medium:0;--awb-spacing-right-medium:3.84%;--awb-spacing-left-medium:3.84%;--awb-width-small:100%;--awb-order-small:0;--awb-spacing-right-small:1.92%;--awb-spacing-left-small:1.92%;\"><div class=\"fusion-column-wrapper fusion-column-has-shadow fusion-flex-justify-content-flex-start fusion-content-layout-column\"><div class=\"fusion-image-element fusion-no-medium-visibility fusion-no-large-visibility\" style=\"--awb-caption-title-font-family:var(--h2_typography-font-family);--awb-caption-title-font-weight:var(--h2_typography-font-weight);--awb-caption-title-font-style:var(--h2_typography-font-style);--awb-caption-title-size:var(--h2_typography-font-size);--awb-caption-title-transform:var(--h2_typography-text-transform);--awb-caption-title-line-height:var(--h2_typography-line-height);--awb-caption-title-letter-spacing:var(--h2_typography-letter-spacing);\"><span class=\" fusion-imageframe imageframe-none imageframe-1 hover-type-none\"><img decoding=\"async\" width=\"1200\" height=\"1200\"  src=\"https:\/\/pro.alfaforni.com\/wp-content\/uploads\/2025\/12\/Tavelle.jpg\" class=\"img-responsive wp-image-71631\" srcset=\"https:\/\/pro.alfaforni.com\/wp-content\/uploads\/2025\/12\/Tavelle-400x400.jpg 400w, https:\/\/pro.alfaforni.com\/wp-content\/uploads\/2025\/12\/Tavelle-600x600.jpg 600w, https:\/\/pro.alfaforni.com\/wp-content\/uploads\/2025\/12\/Tavelle-800x800.jpg 800w, https:\/\/pro.alfaforni.com\/wp-content\/uploads\/2025\/12\/Tavelle.jpg 1200w\" sizes=\"(max-width: 640px) 100vw, 600px\" alt=\"\"><\/span><\/div><div class=\"fusion-text fusion-text-2\"><h1><span style=\"font-weight: 400;\">Im eigenen Haus produzierte Schamottplatte<\/span><\/h1>\n<p><span style=\"font-weight: 400;\">Das Herz jedes Alfa-Ofens ist seine Schamottplatte, ein unverwechselbares Element, das vollst\u00e4ndig im eigenen Haus hergestellt wird. Die Alfa-Platte wird im historischen Brennofen von Anagni (FR) nach demselben exklusiven Rezept seit \u00fcber 50 Jahren produziert, das im Laufe der Zeit bewahrt und verfeinert wurde.<\/span><\/p>\n<p><span style=\"font-weight: 400;\">Der hohe Aluminiumoxid-Gehalt verleiht ihr die charakteristische ziegelrote Farbe und sorgt f\u00fcr eine au\u00dfergew\u00f6hnliche W\u00e4rmespeicherf\u00e4higkeit, die f\u00fcr ein gleichm\u00e4\u00dfiges, stabiles und konstantes Backen unerl\u00e4sslich ist. Das Ergebnis ist eine Basis, die W\u00e4rme optimal speichert und abgibt, jeden Teig aufwertet und auch bei den intensivsten Arbeitsrhythmen einer Pizzeria zuverl\u00e4ssige Leistungen garantiert..<\/span><\/p>\n<\/div><\/div><\/div><div class=\"fusion-layout-column fusion_builder_column fusion-builder-column-4 fusion_builder_column_1_2 1_2 fusion-flex-column\" style=\"--awb-bg-size:cover;--awb-width-large:50%;--awb-margin-top-large:0px;--awb-spacing-right-large:3.84%;--awb-margin-bottom-large:20px;--awb-spacing-left-large:3.84%;--awb-width-medium:50%;--awb-order-medium:0;--awb-spacing-right-medium:3.84%;--awb-spacing-left-medium:3.84%;--awb-width-small:100%;--awb-order-small:0;--awb-spacing-right-small:1.92%;--awb-spacing-left-small:1.92%;\"><div class=\"fusion-column-wrapper fusion-column-has-shadow fusion-flex-justify-content-flex-start fusion-content-layout-column\"><div class=\"fusion-image-element fusion-no-small-visibility\" style=\"--awb-caption-title-font-family:var(--h2_typography-font-family);--awb-caption-title-font-weight:var(--h2_typography-font-weight);--awb-caption-title-font-style:var(--h2_typography-font-style);--awb-caption-title-size:var(--h2_typography-font-size);--awb-caption-title-transform:var(--h2_typography-text-transform);--awb-caption-title-line-height:var(--h2_typography-line-height);--awb-caption-title-letter-spacing:var(--h2_typography-letter-spacing);\"><span class=\" fusion-imageframe imageframe-none imageframe-2 hover-type-none\"><img decoding=\"async\" width=\"1200\" height=\"1200\"  src=\"https:\/\/pro.alfaforni.com\/wp-content\/uploads\/2025\/12\/Tavelle.jpg\" class=\"img-responsive wp-image-71631\" srcset=\"https:\/\/pro.alfaforni.com\/wp-content\/uploads\/2025\/12\/Tavelle-400x400.jpg 400w, https:\/\/pro.alfaforni.com\/wp-content\/uploads\/2025\/12\/Tavelle-600x600.jpg 600w, https:\/\/pro.alfaforni.com\/wp-content\/uploads\/2025\/12\/Tavelle-800x800.jpg 800w, https:\/\/pro.alfaforni.com\/wp-content\/uploads\/2025\/12\/Tavelle.jpg 1200w\" sizes=\"(max-width: 640px) 100vw, 600px\" alt=\"\"><\/span><\/div><\/div><\/div><\/div><\/div><div class=\"fusion-fullwidth fullwidth-box fusion-builder-row-3 fusion-flex-container has-pattern-background has-mask-background nonhundred-percent-fullwidth non-hundred-percent-height-scrolling\" style=\"--awb-border-radius-top-left:0px;--awb-border-radius-top-right:0px;--awb-border-radius-bottom-right:0px;--awb-border-radius-bottom-left:0px;--awb-margin-top:100px;--awb-margin-bottom:100px;--awb-flex-wrap:wrap;\" ><div class=\"fusion-builder-row fusion-row fusion-flex-align-items-flex-start fusion-flex-content-wrap\" style=\"max-width:1248px;margin-left: calc(-4% \/ 2 );margin-right: calc(-4% \/ 2 );\"><div class=\"fusion-layout-column fusion_builder_column fusion-builder-column-5 fusion_builder_column_1_2 1_2 fusion-flex-column\" style=\"--awb-bg-size:cover;--awb-width-large:50%;--awb-margin-top-large:0px;--awb-spacing-right-large:3.84%;--awb-margin-bottom-large:20px;--awb-spacing-left-large:3.84%;--awb-width-medium:50%;--awb-order-medium:0;--awb-spacing-right-medium:3.84%;--awb-spacing-left-medium:3.84%;--awb-width-small:100%;--awb-order-small:0;--awb-spacing-right-small:1.92%;--awb-spacing-left-small:1.92%;\"><div class=\"fusion-column-wrapper fusion-column-has-shadow fusion-flex-justify-content-flex-start fusion-content-layout-column\"><div class=\"fusion-image-element \" style=\"--awb-caption-title-font-family:var(--h2_typography-font-family);--awb-caption-title-font-weight:var(--h2_typography-font-weight);--awb-caption-title-font-style:var(--h2_typography-font-style);--awb-caption-title-size:var(--h2_typography-font-size);--awb-caption-title-transform:var(--h2_typography-text-transform);--awb-caption-title-line-height:var(--h2_typography-line-height);--awb-caption-title-letter-spacing:var(--h2_typography-letter-spacing);\"><span class=\" fusion-imageframe imageframe-none imageframe-3 hover-type-none\"><img decoding=\"async\" width=\"1200\" height=\"1200\"  src=\"https:\/\/pro.alfaforni.com\/wp-content\/uploads\/2025\/12\/AlfaSpecial1.jpg\" class=\"img-responsive wp-image-72050\" srcset=\"https:\/\/pro.alfaforni.com\/wp-content\/uploads\/2025\/12\/AlfaSpecial1-400x400.jpg 400w, https:\/\/pro.alfaforni.com\/wp-content\/uploads\/2025\/12\/AlfaSpecial1-600x600.jpg 600w, https:\/\/pro.alfaforni.com\/wp-content\/uploads\/2025\/12\/AlfaSpecial1-800x800.jpg 800w, https:\/\/pro.alfaforni.com\/wp-content\/uploads\/2025\/12\/AlfaSpecial1.jpg 1200w\" sizes=\"(max-width: 640px) 100vw, 600px\" alt=\"\"><\/span><\/div><\/div><\/div><div class=\"fusion-layout-column fusion_builder_column fusion-builder-column-6 fusion_builder_column_1_2 1_2 fusion-flex-column\" style=\"--awb-bg-size:cover;--awb-width-large:50%;--awb-margin-top-large:0px;--awb-spacing-right-large:3.84%;--awb-margin-bottom-large:20px;--awb-spacing-left-large:3.84%;--awb-width-medium:50%;--awb-order-medium:0;--awb-spacing-right-medium:3.84%;--awb-spacing-left-medium:3.84%;--awb-width-small:100%;--awb-order-small:0;--awb-spacing-right-small:1.92%;--awb-spacing-left-small:1.92%;\"><div class=\"fusion-column-wrapper fusion-column-has-shadow fusion-flex-justify-content-flex-start fusion-content-layout-column\"><div class=\"fusion-text fusion-text-3\"><h1><span style=\"font-weight: 400;\">Seit 1977 in Pizzerien im Einsatz<\/span><\/h1>\n<p><span style=\"font-weight: 400;\">Seit 1977 werden Alfa-\u00d6fen t\u00e4glich in Pizzerien auf der ganzen Welt betrieben. In diesem Jahr gr\u00fcndeten Marcello Ortuso und Rocco Lauro das Unternehmen und legten den Grundstein f\u00fcr eine Geschichte voller Leidenschaft, technischer Kompetenz und tiefem Wissen \u00fcber das Pizzabacken.<\/span><\/p>\n<p><span style=\"font-weight: 400;\">Seitdem wird jeder Alfa-Ofen mit einem klaren Ziel entwickelt: Langlebigkeit. Robuste Materialien, bew\u00e4hrte Konstruktionsl\u00f6sungen und Liebe zum Detail machen Alfa-\u00d6fen zu zuverl\u00e4ssigen Arbeitsger\u00e4ten, die den t\u00e4glichen Einsatz von Pizzab\u00e4ckern begleiten und von Generation zu Generation weitergegeben werden.<\/span><\/p>\n<\/div><\/div><\/div><\/div><\/div><div class=\"fusion-fullwidth fullwidth-box fusion-builder-row-4 fusion-flex-container has-pattern-background has-mask-background nonhundred-percent-fullwidth non-hundred-percent-height-scrolling\" style=\"--awb-border-radius-top-left:0px;--awb-border-radius-top-right:0px;--awb-border-radius-bottom-right:0px;--awb-border-radius-bottom-left:0px;--awb-margin-top:100px;--awb-margin-bottom:100px;--awb-flex-wrap:wrap;\" ><div class=\"fusion-builder-row fusion-row fusion-flex-align-items-flex-start fusion-flex-content-wrap\" style=\"max-width:1248px;margin-left: calc(-4% \/ 2 );margin-right: calc(-4% \/ 2 );\"><div class=\"fusion-layout-column fusion_builder_column fusion-builder-column-7 fusion_builder_column_1_2 1_2 fusion-flex-column\" style=\"--awb-bg-size:cover;--awb-width-large:50%;--awb-margin-top-large:0px;--awb-spacing-right-large:3.84%;--awb-margin-bottom-large:20px;--awb-spacing-left-large:3.84%;--awb-width-medium:50%;--awb-order-medium:0;--awb-spacing-right-medium:3.84%;--awb-spacing-left-medium:3.84%;--awb-width-small:100%;--awb-order-small:0;--awb-spacing-right-small:1.92%;--awb-spacing-left-small:1.92%;\"><div class=\"fusion-column-wrapper fusion-column-has-shadow fusion-flex-justify-content-flex-start fusion-content-layout-column\"><div class=\"fusion-image-element fusion-no-medium-visibility fusion-no-large-visibility\" style=\"--awb-caption-title-font-family:var(--h2_typography-font-family);--awb-caption-title-font-weight:var(--h2_typography-font-weight);--awb-caption-title-font-style:var(--h2_typography-font-style);--awb-caption-title-size:var(--h2_typography-font-size);--awb-caption-title-transform:var(--h2_typography-text-transform);--awb-caption-title-line-height:var(--h2_typography-line-height);--awb-caption-title-letter-spacing:var(--h2_typography-letter-spacing);\"><span class=\" fusion-imageframe imageframe-none imageframe-4 hover-type-none\"><img decoding=\"async\" width=\"1200\" height=\"1200\"  src=\"https:\/\/pro.alfaforni.com\/wp-content\/uploads\/2025\/12\/Easy-to-operate.jpg\" class=\"img-responsive wp-image-71646\" srcset=\"https:\/\/pro.alfaforni.com\/wp-content\/uploads\/2025\/12\/Easy-to-operate-400x400.jpg 400w, https:\/\/pro.alfaforni.com\/wp-content\/uploads\/2025\/12\/Easy-to-operate-600x600.jpg 600w, https:\/\/pro.alfaforni.com\/wp-content\/uploads\/2025\/12\/Easy-to-operate-800x800.jpg 800w, https:\/\/pro.alfaforni.com\/wp-content\/uploads\/2025\/12\/Easy-to-operate.jpg 1200w\" sizes=\"(max-width: 640px) 100vw, 600px\" alt=\"\"><\/span><\/div><div class=\"fusion-text fusion-text-4\"><h1><span style=\"font-weight: 400;\">Einfach zu bedienen<\/span><\/h1>\n<p><span style=\"font-weight: 400;\">Alfa-\u00d6fen sind so konzipiert, dass sie einfach zu bedienen und sofort kontrollierbar sind, auch in dynamischen Arbeitsumgebungen. Die intuitive Benutzeroberfl\u00e4che, die pr\u00e4zise Temperaturregelung und die stabilen Leistungen reduzieren die Einarbeitungszeit, optimieren Arbeitsabl\u00e4ufe und minimieren Energie- und Rohstoffverschwendung.<\/span><\/p>\n<p><span style=\"font-weight: 400;\">Das bedeutet h\u00f6here betriebliche Effizienz, geringere Fehlerquote und mehr Zeit f\u00fcr Produktqualit\u00e4t und Service \u2013 mit sp\u00fcrbarem Einfluss auf die Rentabilit\u00e4t des Unternehmens.<\/span><\/p>\n<\/div><\/div><\/div><div class=\"fusion-layout-column fusion_builder_column fusion-builder-column-8 fusion_builder_column_1_2 1_2 fusion-flex-column\" style=\"--awb-bg-size:cover;--awb-width-large:50%;--awb-margin-top-large:0px;--awb-spacing-right-large:3.84%;--awb-margin-bottom-large:20px;--awb-spacing-left-large:3.84%;--awb-width-medium:50%;--awb-order-medium:0;--awb-spacing-right-medium:3.84%;--awb-spacing-left-medium:3.84%;--awb-width-small:100%;--awb-order-small:0;--awb-spacing-right-small:1.92%;--awb-spacing-left-small:1.92%;\"><div class=\"fusion-column-wrapper fusion-column-has-shadow fusion-flex-justify-content-flex-start fusion-content-layout-column\"><div class=\"fusion-image-element fusion-no-small-visibility\" style=\"--awb-caption-title-font-family:var(--h2_typography-font-family);--awb-caption-title-font-weight:var(--h2_typography-font-weight);--awb-caption-title-font-style:var(--h2_typography-font-style);--awb-caption-title-size:var(--h2_typography-font-size);--awb-caption-title-transform:var(--h2_typography-text-transform);--awb-caption-title-line-height:var(--h2_typography-line-height);--awb-caption-title-letter-spacing:var(--h2_typography-letter-spacing);\"><span class=\" fusion-imageframe imageframe-none imageframe-5 hover-type-none\"><img decoding=\"async\" width=\"1200\" height=\"1200\"  src=\"https:\/\/pro.alfaforni.com\/wp-content\/uploads\/2025\/12\/Easy-to-operate.jpg\" class=\"img-responsive wp-image-71646\" srcset=\"https:\/\/pro.alfaforni.com\/wp-content\/uploads\/2025\/12\/Easy-to-operate-400x400.jpg 400w, https:\/\/pro.alfaforni.com\/wp-content\/uploads\/2025\/12\/Easy-to-operate-600x600.jpg 600w, https:\/\/pro.alfaforni.com\/wp-content\/uploads\/2025\/12\/Easy-to-operate-800x800.jpg 800w, https:\/\/pro.alfaforni.com\/wp-content\/uploads\/2025\/12\/Easy-to-operate.jpg 1200w\" sizes=\"(max-width: 640px) 100vw, 600px\" alt=\"\"><\/span><\/div><\/div><\/div><\/div><\/div><div class=\"fusion-fullwidth fullwidth-box fusion-builder-row-5 fusion-flex-container has-pattern-background has-mask-background nonhundred-percent-fullwidth non-hundred-percent-height-scrolling\" style=\"--awb-border-radius-top-left:0px;--awb-border-radius-top-right:0px;--awb-border-radius-bottom-right:0px;--awb-border-radius-bottom-left:0px;--awb-margin-top:100px;--awb-flex-wrap:wrap;\" ><div class=\"fusion-builder-row fusion-row fusion-flex-align-items-flex-start fusion-flex-content-wrap\" style=\"max-width:1248px;margin-left: calc(-4% \/ 2 );margin-right: calc(-4% \/ 2 );\"><div class=\"fusion-layout-column fusion_builder_column fusion-builder-column-9 fusion_builder_column_1_2 1_2 fusion-flex-column\" style=\"--awb-bg-size:cover;--awb-width-large:50%;--awb-margin-top-large:0px;--awb-spacing-right-large:3.84%;--awb-margin-bottom-large:20px;--awb-spacing-left-large:3.84%;--awb-width-medium:50%;--awb-order-medium:0;--awb-spacing-right-medium:3.84%;--awb-spacing-left-medium:3.84%;--awb-width-small:100%;--awb-order-small:0;--awb-spacing-right-small:1.92%;--awb-spacing-left-small:1.92%;\"><div class=\"fusion-column-wrapper fusion-column-has-shadow fusion-flex-justify-content-flex-start fusion-content-layout-column\"><div class=\"fusion-image-element \" style=\"--awb-caption-title-font-family:var(--h2_typography-font-family);--awb-caption-title-font-weight:var(--h2_typography-font-weight);--awb-caption-title-font-style:var(--h2_typography-font-style);--awb-caption-title-size:var(--h2_typography-font-size);--awb-caption-title-transform:var(--h2_typography-text-transform);--awb-caption-title-line-height:var(--h2_typography-line-height);--awb-caption-title-letter-spacing:var(--h2_typography-letter-spacing);\"><span class=\" fusion-imageframe imageframe-none imageframe-6 hover-type-none\"><img decoding=\"async\" width=\"2000\" height=\"2000\"  src=\"https:\/\/pro.alfaforni.com\/wp-content\/uploads\/2025\/12\/Categorie.jpg\" class=\"img-responsive wp-image-71652\" srcset=\"https:\/\/pro.alfaforni.com\/wp-content\/uploads\/2025\/12\/Categorie-400x400.jpg 400w, https:\/\/pro.alfaforni.com\/wp-content\/uploads\/2025\/12\/Categorie-600x600.jpg 600w, https:\/\/pro.alfaforni.com\/wp-content\/uploads\/2025\/12\/Categorie-800x800.jpg 800w, https:\/\/pro.alfaforni.com\/wp-content\/uploads\/2025\/12\/Categorie-1200x1200.jpg 1200w, https:\/\/pro.alfaforni.com\/wp-content\/uploads\/2025\/12\/Categorie.jpg 2000w\" sizes=\"(max-width: 640px) 100vw, 600px\" alt=\"\"><\/span><\/div><\/div><\/div><div class=\"fusion-layout-column fusion_builder_column fusion-builder-column-10 fusion_builder_column_1_2 1_2 fusion-flex-column\" style=\"--awb-bg-size:cover;--awb-width-large:50%;--awb-margin-top-large:0px;--awb-spacing-right-large:3.84%;--awb-margin-bottom-large:20px;--awb-spacing-left-large:3.84%;--awb-width-medium:50%;--awb-order-medium:0;--awb-spacing-right-medium:3.84%;--awb-spacing-left-medium:3.84%;--awb-width-small:100%;--awb-order-small:0;--awb-spacing-right-small:1.92%;--awb-spacing-left-small:1.92%;\"><div class=\"fusion-column-wrapper fusion-column-has-shadow fusion-flex-justify-content-flex-start fusion-content-layout-column\"><div class=\"fusion-text fusion-text-5\"><h1><span style=\"font-weight: 400;\">Pizza\u00f6fen f\u00fcr jeden Bedarf<\/span><\/h1>\n<p><span style=\"font-weight: 400;\">Jeder Betrieb hat unterschiedliche Anforderungen \u2013 und Alfa Forni wei\u00df das. Von Pizzerien mit hoher Stundenleistung bis hin zu Strandresorts, von urbanen Bistros bis zu Foodtrucks bietet das Alfa-Sortiment eine breite Palette an L\u00f6sungen, die sich an unterschiedliche R\u00e4ume, Produktionsmengen und Servicestile anpassen.<\/span><\/p>\n<p><span style=\"font-weight: 400;\">Mit Alfa-\u00d6fen findet jeder Profi das passende Modell f\u00fcr sein Projekt \u2013 ohne Kompromisse bei Qualit\u00e4t, Leistung und Zuverl\u00e4ssigkeit. Ein komplettes, modulares und flexibles Sortiment, das gemeinsam mit Ihrem Unternehmen w\u00e4chst.<\/span><\/p>\n<\/div><\/div><\/div><\/div><\/div><\/p>\n","protected":false},"excerpt":{"rendered":"","protected":false},"author":1156,"featured_media":71660,"parent":0,"menu_order":0,"comment_status":"closed","ping_status":"closed","template":"100-width.php","meta":{"_acf_changed":false,"footnotes":""},"class_list":["post-72432","page","type-page","status-publish","has-post-thumbnail","hentry"],"acf":[],"_links":{"self":[{"href":"https:\/\/pro.alfaforni.com\/de\/wp-json\/wp\/v2\/pages\/72432","targetHints":{"allow":["GET"]}}],"collection":[{"href":"https:\/\/pro.alfaforni.com\/de\/wp-json\/wp\/v2\/pages"}],"about":[{"href":"https:\/\/pro.alfaforni.com\/de\/wp-json\/wp\/v2\/types\/page"}],"author":[{"embeddable":true,"href":"https:\/\/pro.alfaforni.com\/de\/wp-json\/wp\/v2\/users\/1156"}],"replies":[{"embeddable":true,"href":"https:\/\/pro.alfaforni.com\/de\/wp-json\/wp\/v2\/comments?post=72432"}],"version-history":[{"count":5,"href":"https:\/\/pro.alfaforni.com\/de\/wp-json\/wp\/v2\/pages\/72432\/revisions"}],"predecessor-version":[{"id":72451,"href":"https:\/\/pro.alfaforni.com\/de\/wp-json\/wp\/v2\/pages\/72432\/revisions\/72451"}],"wp:featuredmedia":[{"embeddable":true,"href":"https:\/\/pro.alfaforni.com\/de\/wp-json\/wp\/v2\/media\/71660"}],"wp:attachment":[{"href":"https:\/\/pro.alfaforni.com\/de\/wp-json\/wp\/v2\/media?parent=72432"}],"curies":[{"name":"wp","href":"https:\/\/api.w.org\/{rel}","templated":true}]}}