{"id":69344,"date":"2025-07-23T12:43:05","date_gmt":"2025-07-23T10:43:05","guid":{"rendered":"https:\/\/pro.alfaforni.com\/?page_id=69344"},"modified":"2025-08-27T10:48:15","modified_gmt":"2025-08-27T08:48:15","slug":"beach-clubs-resorts","status":"publish","type":"page","link":"https:\/\/pro.alfaforni.com\/de\/beach-clubs-resorts\/","title":{"rendered":"Beach Clubs &#038; Resorts"},"content":{"rendered":"<p><div class=\"fusion-fullwidth fullwidth-box fusion-builder-row-1 fusion-flex-container has-pattern-background has-mask-background nonhundred-percent-fullwidth non-hundred-percent-height-scrolling\" style=\"--awb-border-radius-top-left:0px;--awb-border-radius-top-right:0px;--awb-border-radius-bottom-right:0px;--awb-border-radius-bottom-left:0px;--awb-flex-wrap:wrap;\" ><div class=\"fusion-builder-row fusion-row fusion-flex-align-items-flex-start fusion-flex-content-wrap\" style=\"max-width:1248px;margin-left: calc(-4% \/ 2 );margin-right: calc(-4% \/ 2 );\"><div class=\"fusion-layout-column fusion_builder_column fusion-builder-column-0 fusion_builder_column_1_1 1_1 fusion-flex-column\" style=\"--awb-bg-size:cover;--awb-width-large:100%;--awb-margin-top-large:0px;--awb-spacing-right-large:1.92%;--awb-margin-bottom-large:20px;--awb-spacing-left-large:1.92%;--awb-width-medium:100%;--awb-order-medium:0;--awb-spacing-right-medium:1.92%;--awb-spacing-left-medium:1.92%;--awb-width-small:100%;--awb-order-small:0;--awb-spacing-right-small:1.92%;--awb-spacing-left-small:1.92%;\"><div class=\"fusion-column-wrapper fusion-column-has-shadow fusion-flex-justify-content-flex-start fusion-content-layout-column\"><div class=\"fusion-image-element fusion-no-small-visibility\" style=\"--awb-caption-title-font-family:var(--h2_typography-font-family);--awb-caption-title-font-weight:var(--h2_typography-font-weight);--awb-caption-title-font-style:var(--h2_typography-font-style);--awb-caption-title-size:var(--h2_typography-font-size);--awb-caption-title-transform:var(--h2_typography-text-transform);--awb-caption-title-line-height:var(--h2_typography-line-height);--awb-caption-title-letter-spacing:var(--h2_typography-letter-spacing);\"><span class=\" fusion-imageframe imageframe-none imageframe-1 hover-type-none\"><img decoding=\"async\" width=\"1366\" height=\"568\"  src=\"https:\/\/pro.alfaforni.com\/wp-content\/uploads\/2025\/08\/Resort-1.jpg\" class=\"img-responsive wp-image-69904\" srcset=\"https:\/\/pro.alfaforni.com\/wp-content\/uploads\/2025\/08\/Resort-1-400x166.jpg 400w, https:\/\/pro.alfaforni.com\/wp-content\/uploads\/2025\/08\/Resort-1-600x249.jpg 600w, https:\/\/pro.alfaforni.com\/wp-content\/uploads\/2025\/08\/Resort-1-800x333.jpg 800w, https:\/\/pro.alfaforni.com\/wp-content\/uploads\/2025\/08\/Resort-1-1200x499.jpg 1200w, https:\/\/pro.alfaforni.com\/wp-content\/uploads\/2025\/08\/Resort-1.jpg 1366w\" sizes=\"(max-width: 640px) 100vw, 1200px\" alt=\"\"><\/span><\/div><div class=\"fusion-image-element fusion-no-medium-visibility fusion-no-large-visibility\" style=\"--awb-caption-title-font-family:var(--h2_typography-font-family);--awb-caption-title-font-weight:var(--h2_typography-font-weight);--awb-caption-title-font-style:var(--h2_typography-font-style);--awb-caption-title-size:var(--h2_typography-font-size);--awb-caption-title-transform:var(--h2_typography-text-transform);--awb-caption-title-line-height:var(--h2_typography-line-height);--awb-caption-title-letter-spacing:var(--h2_typography-letter-spacing);\"><span class=\" fusion-imageframe imageframe-none imageframe-2 hover-type-none\"><img decoding=\"async\" width=\"1366\" height=\"768\"  src=\"https:\/\/pro.alfaforni.com\/wp-content\/uploads\/2025\/08\/Resort1.jpg\" class=\"img-responsive wp-image-69910\" srcset=\"https:\/\/pro.alfaforni.com\/wp-content\/uploads\/2025\/08\/Resort1-400x225.jpg 400w, https:\/\/pro.alfaforni.com\/wp-content\/uploads\/2025\/08\/Resort1-600x337.jpg 600w, https:\/\/pro.alfaforni.com\/wp-content\/uploads\/2025\/08\/Resort1-800x450.jpg 800w, https:\/\/pro.alfaforni.com\/wp-content\/uploads\/2025\/08\/Resort1-1200x675.jpg 1200w, https:\/\/pro.alfaforni.com\/wp-content\/uploads\/2025\/08\/Resort1.jpg 1366w\" sizes=\"(max-width: 640px) 100vw, 1200px\" alt=\"\"><\/span><\/div><\/div><\/div><\/div><\/div><div class=\"fusion-fullwidth fullwidth-box fusion-builder-row-2 fusion-flex-container has-pattern-background has-mask-background nonhundred-percent-fullwidth non-hundred-percent-height-scrolling\" style=\"--awb-border-radius-top-left:0px;--awb-border-radius-top-right:0px;--awb-border-radius-bottom-right:0px;--awb-border-radius-bottom-left:0px;--awb-flex-wrap:wrap;\" ><div class=\"fusion-builder-row fusion-row fusion-flex-align-items-flex-start fusion-flex-content-wrap\" style=\"max-width:1248px;margin-left: calc(-4% \/ 2 );margin-right: calc(-4% \/ 2 );\"><div class=\"fusion-layout-column fusion_builder_column fusion-builder-column-1 fusion_builder_column_1_1 1_1 fusion-flex-column\" style=\"--awb-bg-size:cover;--awb-width-large:100%;--awb-margin-top-large:0px;--awb-spacing-right-large:1.92%;--awb-margin-bottom-large:20px;--awb-spacing-left-large:1.92%;--awb-width-medium:100%;--awb-order-medium:0;--awb-spacing-right-medium:1.92%;--awb-spacing-left-medium:1.92%;--awb-width-small:100%;--awb-order-small:0;--awb-spacing-right-small:1.92%;--awb-spacing-left-small:1.92%;\"><div class=\"fusion-column-wrapper fusion-column-has-shadow fusion-flex-justify-content-flex-start fusion-content-layout-column\"><div class=\"fusion-text fusion-text-1\"><h1 style=\"text-align: center;\"><span class=\"OYPEnA font-feature-liga-off font-feature-clig-off font-feature-calt-off text-decoration-none text-strikethrough-none\">Beach Clubs &amp; Resorts<\/span><\/h1>\n<\/div><div class=\"fusion-text fusion-text-2\"><h2 style=\"text-align: center;\">Outdoor-Pizza\u00f6fen f\u00fcr saisonale K\u00fcchen, Strandbetriebe und Resorts<\/h2>\n<\/div><div class=\"fusion-text fusion-text-3\"><p style=\"text-align: center;\">In sommerlichen und offenen Umgebungen \u2013 wie Beachclubs, Resorts oder Strandlokalen \u2013 sind \u00d6fen gefragt, die zuverl\u00e4ssig, schnell und wetterbest\u00e4ndig sind. Die Modelle <strong>Quick 4<\/strong> und <strong>Quick 6<\/strong> von Alfa wurden entwickelt, um auch unter anspruchsvollen Bedingungen H\u00f6chstleistungen zu erbringen, ohne Kompromisse bei der Qualit\u00e4t der handgemachten Pizza. <strong>Erh\u00e4ltlich in Gas- oder Holz-Ausf\u00fchrung<\/strong>, erreichen sie die Betriebstemperatur in nur 40 Minuten und backen <strong>perfekte Pizzen in 90 Sekunden<\/strong>. Die 2,5 mm Stahlstruktur macht sie ideal f\u00fcr den Au\u00dfeneinsatz, w\u00e4hrend die <strong>Wahl zwischen Top-Version oder Untergestell mit Rollen maximale Flexibilit\u00e4t<\/strong> bei der Installation bietet.<\/p>\n<\/div><\/div><\/div><\/div><\/div><div class=\"fusion-fullwidth fullwidth-box fusion-builder-row-3 fusion-flex-container has-pattern-background has-mask-background nonhundred-percent-fullwidth non-hundred-percent-height-scrolling\" style=\"--awb-border-radius-top-left:0px;--awb-border-radius-top-right:0px;--awb-border-radius-bottom-right:0px;--awb-border-radius-bottom-left:0px;--awb-padding-top:50px;--awb-margin-top:80px;--awb-margin-bottom:80px;--awb-background-color:#f2f0f0;--awb-flex-wrap:wrap;\" ><div class=\"fusion-builder-row fusion-row fusion-flex-align-items-flex-start fusion-flex-content-wrap\" style=\"max-width:1248px;margin-left: calc(-4% \/ 2 );margin-right: calc(-4% \/ 2 );\"><div class=\"fusion-layout-column fusion_builder_column fusion-builder-column-2 fusion_builder_column_1_3 1_3 fusion-flex-column\" style=\"--awb-bg-size:cover;--awb-width-large:33.333333333333%;--awb-margin-top-large:0px;--awb-spacing-right-large:5.76%;--awb-margin-bottom-large:20px;--awb-spacing-left-large:5.76%;--awb-width-medium:33.333333333333%;--awb-order-medium:0;--awb-spacing-right-medium:5.76%;--awb-spacing-left-medium:5.76%;--awb-width-small:100%;--awb-order-small:0;--awb-spacing-right-small:1.92%;--awb-spacing-left-small:1.92%;\"><div class=\"fusion-column-wrapper fusion-column-has-shadow fusion-flex-justify-content-flex-start fusion-content-layout-column\"><div class=\"fusion-image-element \" style=\"text-align:center;--awb-caption-title-font-family:var(--h2_typography-font-family);--awb-caption-title-font-weight:var(--h2_typography-font-weight);--awb-caption-title-font-style:var(--h2_typography-font-style);--awb-caption-title-size:var(--h2_typography-font-size);--awb-caption-title-transform:var(--h2_typography-text-transform);--awb-caption-title-line-height:var(--h2_typography-line-height);--awb-caption-title-letter-spacing:var(--h2_typography-letter-spacing);\"><span class=\" fusion-imageframe imageframe-none imageframe-3 hover-type-none\"><img decoding=\"async\" width=\"120\" height=\"120\"  src=\"https:\/\/pro.alfaforni.com\/wp-content\/uploads\/2023\/06\/alfa-icon-6.png\" class=\"img-responsive wp-image-47036\" alt=\"\" srcset=\"https:\/\/pro.alfaforni.com\/wp-content\/uploads\/2023\/06\/alfa-icon-6-100x100.png 100w, https:\/\/pro.alfaforni.com\/wp-content\/uploads\/2023\/06\/alfa-icon-6.png 120w, https:\/\/pro.alfaforni.com\/wp-content\/uploads\/2023\/06\/alfa-icon-6-1024x1024.png 1024w\" sizes=\"(max-width: 120px) 100vw, 120px\" \/><\/span><\/div><div class=\"fusion-text fusion-text-4\" style=\"--awb-margin-top:30px;\"><h2 style=\"text-align: center;\">Wetterfest<\/h2>\n<\/div><div class=\"fusion-text fusion-text-5\"><p style=\"text-align: center;\">Alle Quick-\u00d6fen sind pulverbeschichtet und wetterbest\u00e4ndig<\/p>\n<\/div><\/div><\/div><div class=\"fusion-layout-column fusion_builder_column fusion-builder-column-3 fusion_builder_column_1_3 1_3 fusion-flex-column\" style=\"--awb-bg-size:cover;--awb-width-large:33.333333333333%;--awb-margin-top-large:0px;--awb-spacing-right-large:5.76%;--awb-margin-bottom-large:20px;--awb-spacing-left-large:5.76%;--awb-width-medium:33.333333333333%;--awb-order-medium:0;--awb-spacing-right-medium:5.76%;--awb-spacing-left-medium:5.76%;--awb-width-small:100%;--awb-order-small:0;--awb-spacing-right-small:1.92%;--awb-spacing-left-small:1.92%;\"><div class=\"fusion-column-wrapper fusion-column-has-shadow fusion-flex-justify-content-flex-start fusion-content-layout-column\"><div class=\"fusion-image-element \" style=\"text-align:center;--awb-caption-title-font-family:var(--h2_typography-font-family);--awb-caption-title-font-weight:var(--h2_typography-font-weight);--awb-caption-title-font-style:var(--h2_typography-font-style);--awb-caption-title-size:var(--h2_typography-font-size);--awb-caption-title-transform:var(--h2_typography-text-transform);--awb-caption-title-line-height:var(--h2_typography-line-height);--awb-caption-title-letter-spacing:var(--h2_typography-letter-spacing);\"><span class=\" fusion-imageframe imageframe-none imageframe-4 hover-type-none\"><img decoding=\"async\" width=\"120\" height=\"120\"  src=\"https:\/\/pro.alfaforni.com\/wp-content\/uploads\/2025\/06\/Icona-mobilita.png\" class=\"img-responsive wp-image-67835\" alt=\"\" srcset=\"https:\/\/pro.alfaforni.com\/wp-content\/uploads\/2025\/06\/Icona-mobilita-50x50.png 50w, https:\/\/pro.alfaforni.com\/wp-content\/uploads\/2025\/06\/Icona-mobilita-66x66.png 66w, https:\/\/pro.alfaforni.com\/wp-content\/uploads\/2025\/06\/Icona-mobilita-100x100.png 100w, https:\/\/pro.alfaforni.com\/wp-content\/uploads\/2025\/06\/Icona-mobilita.png 120w\" sizes=\"(max-width: 120px) 100vw, 120px\" \/><\/span><\/div><div class=\"fusion-text fusion-text-6\" style=\"--awb-margin-top:30px;\"><h2 style=\"text-align: center;\">Transportf\u00e4hig<\/h2>\n<\/div><div class=\"fusion-text fusion-text-7\"><p style=\"text-align: center;\">Rollbare Untergestelle erm\u00f6glichen einen einfachen und schnellen Transport<\/p>\n<\/div><\/div><\/div><div class=\"fusion-layout-column fusion_builder_column fusion-builder-column-4 fusion_builder_column_1_3 1_3 fusion-flex-column\" style=\"--awb-bg-size:cover;--awb-width-large:33.333333333333%;--awb-margin-top-large:0px;--awb-spacing-right-large:5.76%;--awb-margin-bottom-large:20px;--awb-spacing-left-large:5.76%;--awb-width-medium:33.333333333333%;--awb-order-medium:0;--awb-spacing-right-medium:5.76%;--awb-spacing-left-medium:5.76%;--awb-width-small:100%;--awb-order-small:0;--awb-spacing-right-small:1.92%;--awb-spacing-left-small:1.92%;\"><div class=\"fusion-column-wrapper fusion-column-has-shadow fusion-flex-justify-content-flex-start fusion-content-layout-column\"><div class=\"fusion-image-element \" style=\"text-align:center;--awb-caption-title-font-family:var(--h2_typography-font-family);--awb-caption-title-font-weight:var(--h2_typography-font-weight);--awb-caption-title-font-style:var(--h2_typography-font-style);--awb-caption-title-size:var(--h2_typography-font-size);--awb-caption-title-transform:var(--h2_typography-text-transform);--awb-caption-title-line-height:var(--h2_typography-line-height);--awb-caption-title-letter-spacing:var(--h2_typography-letter-spacing);\"><span class=\" fusion-imageframe imageframe-none imageframe-5 hover-type-none\"><img decoding=\"async\" width=\"120\" height=\"120\"  src=\"https:\/\/pro.alfaforni.com\/wp-content\/uploads\/2025\/06\/Pronto-alluso.png\" class=\"img-responsive wp-image-67867\" alt=\"\" srcset=\"https:\/\/pro.alfaforni.com\/wp-content\/uploads\/2025\/06\/Pronto-alluso-50x50.png 50w, https:\/\/pro.alfaforni.com\/wp-content\/uploads\/2025\/06\/Pronto-alluso-66x66.png 66w, https:\/\/pro.alfaforni.com\/wp-content\/uploads\/2025\/06\/Pronto-alluso-100x100.png 100w, https:\/\/pro.alfaforni.com\/wp-content\/uploads\/2025\/06\/Pronto-alluso.png 120w\" sizes=\"(max-width: 120px) 100vw, 120px\" \/><\/span><\/div><div class=\"fusion-text fusion-text-8\" style=\"--awb-margin-top:30px;\"><h2 style=\"text-align: center;\">Sofort einsatzbereit<\/h2>\n<\/div><div class=\"fusion-text fusion-text-9\"><p style=\"text-align: center;\">Bereit zur Nutzung ab der ersten Installation<\/p>\n<\/div><\/div><\/div><\/div><\/div><div class=\"fusion-fullwidth fullwidth-box fusion-builder-row-4 fusion-flex-container has-pattern-background has-mask-background nonhundred-percent-fullwidth non-hundred-percent-height-scrolling\" style=\"--awb-border-radius-top-left:0px;--awb-border-radius-top-right:0px;--awb-border-radius-bottom-right:0px;--awb-border-radius-bottom-left:0px;--awb-padding-top:50px;--awb-flex-wrap:wrap;\" ><div class=\"fusion-builder-row fusion-row fusion-flex-align-items-flex-start fusion-flex-content-wrap\" style=\"max-width:1248px;margin-left: calc(-4% \/ 2 );margin-right: calc(-4% \/ 2 );\"><div class=\"fusion-layout-column fusion_builder_column fusion-builder-column-5 fusion_builder_column_1_3 1_3 fusion-flex-column\" style=\"--awb-bg-size:cover;--awb-width-large:33.333333333333%;--awb-margin-top-large:0px;--awb-spacing-right-large:5.76%;--awb-margin-bottom-large:20px;--awb-spacing-left-large:5.76%;--awb-width-medium:33.333333333333%;--awb-order-medium:0;--awb-spacing-right-medium:5.76%;--awb-spacing-left-medium:5.76%;--awb-width-small:100%;--awb-order-small:0;--awb-spacing-right-small:1.92%;--awb-spacing-left-small:1.92%;\"><div class=\"fusion-column-wrapper fusion-column-has-shadow fusion-flex-justify-content-flex-start fusion-content-layout-column\"><div class=\"fusion-image-before-after-wrapper fusion-image-before-after-horizontal type-before-after hover-type-together fusion-image-before-after-wrapper-1\" style=\"--awb-font-size:14px;--awb-bordersize:0px;--awb-accent-color-bg:hsla(var(--awb-color1-h),var(--awb-color1-s),var(--awb-color1-l),calc(var(--awb-color1-a) - 85%));--awb-transition-time:0.5s;\"><div class=\"fusion-image-before-after-element fusion-image-before-after fusion-image-before-after-container fusion-image-before-after-1\" data-offset=\"0.5\" data-orientation=\"horizontal\" data-move-with-handle-only=\"true\" data-click-to-move=\"true\"><img decoding=\"async\" class=\"fusion-image-before-after-before\" src=\"https:\/\/pro.alfaforni.com\/wp-content\/uploads\/2023\/06\/quick-4pizze-silvegrey-alfa-forni.webp\" width=\"1200\" height=\"1200\" alt=\"\" ><img decoding=\"async\" class=\"fusion-image-before-after-after\" src=\"https:\/\/pro.alfaforni.com\/wp-content\/uploads\/2025\/07\/Quick-4-Beachclub-05.jpg\" width=\"1200\" height=\"1200\" alt=\"\" ><div class=\"fusion-image-before-after-handle fusion-image-before-after-handle-default\"><span class=\"fusion-image-before-after-left-arrow\"><\/span><span class=\"fusion-image-before-after-right-arrow\"><\/span><\/div><\/div><\/div><\/div><\/div><div class=\"fusion-layout-column fusion_builder_column fusion-builder-column-6 fusion_builder_column_2_3 2_3 fusion-flex-column\" style=\"--awb-padding-bottom:80px;--awb-bg-size:cover;--awb-width-large:66.666666666667%;--awb-margin-top-large:0px;--awb-spacing-right-large:2.88%;--awb-margin-bottom-large:20px;--awb-spacing-left-large:2.88%;--awb-width-medium:66.666666666667%;--awb-order-medium:0;--awb-spacing-right-medium:2.88%;--awb-spacing-left-medium:2.88%;--awb-width-small:100%;--awb-order-small:0;--awb-spacing-right-small:1.92%;--awb-spacing-left-small:1.92%;\" data-scroll-devices=\"small-visibility,medium-visibility,large-visibility\"><div class=\"fusion-column-wrapper fusion-column-has-shadow fusion-flex-justify-content-flex-start fusion-content-layout-column\"><div class=\"fusion-text fusion-text-10\"><h2>Kompakt und leistungsstark f\u00fcr Beachclubs und Sommerrestaurants<\/h2>\n<h3 data-start=\"8041\" data-end=\"8268\">Das Modell <a href=\"https:\/\/pro.alfaforni.com\/de\/produkt\/backofen-quick-4-pizze\/\">QUICK 4 Pizze<\/a> eignet sich perfekt f\u00fcr mittelgro\u00dfe Au\u00dfenk\u00fcchen und f\u00fcr alle, die ein Gleichgewicht zwischen Kompaktheit und Produktivit\u00e4t suchen:<\/h3>\n<ul>\n<li data-start=\"8269\" data-end=\"8307\">\n<p data-start=\"8271\" data-end=\"8307\">Backt bis zu <strong>4 Pizzen gleichzeitig<\/strong><\/p>\n<\/li>\n<li data-start=\"8308\" data-end=\"8339\">\n<p data-start=\"8310\" data-end=\"8339\">Bis zu <strong>80 Pizzen pro Stunde<\/strong><\/p>\n<\/li>\n<li data-start=\"8340\" data-end=\"8383\">\n<p data-start=\"8342\" data-end=\"8383\">Erh\u00e4ltlich in<strong> Gas- oder Holz-Ausf\u00fchrung<\/strong><\/p>\n<\/li>\n<li data-start=\"8384\" data-end=\"8435\">\n<p data-start=\"8386\" data-end=\"8435\"><strong>2,5 mm Stahlstruktur<\/strong>, salz- und wetterbest\u00e4ndig<\/p>\n<\/li>\n<li data-start=\"8436\" data-end=\"8501\">\n<p data-start=\"8438\" data-end=\"8501\"><strong>Top-Version oder mit Rollenuntergestell f\u00fcr einfache Bewegung<\/strong><\/p>\n<\/li>\n<\/ul>\n<p>Ideal f\u00fcr saisonale Restaurants, Lounge-Bars oder Veranstaltungen am Meer<\/p>\n<\/div><div ><a class=\"fusion-button button-flat fusion-button-default-size button-default fusion-button-default button-1 fusion-button-default-span fusion-button-default-type\" target=\"_self\" href=\"https:\/\/pro.alfaforni.com\/de\/angebot-anfragen\/\"><span class=\"fusion-button-text awb-button__text awb-button__text--default\">Fordern Sie ein individuelles Angebot an<\/span><\/a><\/div><\/div><\/div><div class=\"fusion-layout-column fusion_builder_column fusion-builder-column-7 fusion_builder_column_1_3 1_3 fusion-flex-column\" style=\"--awb-bg-size:cover;--awb-width-large:33.333333333333%;--awb-margin-top-large:0px;--awb-spacing-right-large:5.76%;--awb-margin-bottom-large:20px;--awb-spacing-left-large:5.76%;--awb-width-medium:33.333333333333%;--awb-order-medium:0;--awb-spacing-right-medium:5.76%;--awb-spacing-left-medium:5.76%;--awb-width-small:100%;--awb-order-small:0;--awb-spacing-right-small:1.92%;--awb-spacing-left-small:1.92%;\"><div class=\"fusion-column-wrapper fusion-column-has-shadow fusion-flex-justify-content-flex-start fusion-content-layout-column\"><div class=\"fusion-image-before-after-wrapper fusion-image-before-after-horizontal type-before-after hover-type-together fusion-image-before-after-wrapper-2\" style=\"--awb-font-size:14px;--awb-bordersize:0px;--awb-accent-color-bg:hsla(var(--awb-color1-h),var(--awb-color1-s),var(--awb-color1-l),calc(var(--awb-color1-a) - 85%));--awb-transition-time:0.5s;\"><div class=\"fusion-image-before-after-element fusion-image-before-after fusion-image-before-after-container fusion-image-before-after-2\" data-offset=\"0.5\" data-orientation=\"horizontal\" data-move-with-handle-only=\"true\" data-click-to-move=\"true\"><img decoding=\"async\" class=\"fusion-image-before-after-before\" src=\"https:\/\/pro.alfaforni.com\/wp-content\/uploads\/2023\/07\/quick-6-pizze-commercial-pizza-ovens-silver-black.jpg\" width=\"1200\" height=\"1200\" alt=\"\" ><img decoding=\"async\" class=\"fusion-image-before-after-after\" src=\"https:\/\/pro.alfaforni.com\/wp-content\/uploads\/2025\/07\/Quick-6-pizzeria-2.jpg\" width=\"1200\" height=\"1200\" alt=\"\" ><div class=\"fusion-image-before-after-handle fusion-image-before-after-handle-default\"><span class=\"fusion-image-before-after-left-arrow\"><\/span><span class=\"fusion-image-before-after-right-arrow\"><\/span><\/div><\/div><\/div><\/div><\/div><div class=\"fusion-layout-column fusion_builder_column fusion-builder-column-8 fusion_builder_column_2_3 2_3 fusion-flex-column\" style=\"--awb-padding-bottom:80px;--awb-bg-size:cover;--awb-width-large:66.666666666667%;--awb-margin-top-large:0px;--awb-spacing-right-large:2.88%;--awb-margin-bottom-large:20px;--awb-spacing-left-large:2.88%;--awb-width-medium:66.666666666667%;--awb-order-medium:0;--awb-spacing-right-medium:2.88%;--awb-spacing-left-medium:2.88%;--awb-width-small:100%;--awb-order-small:0;--awb-spacing-right-small:1.92%;--awb-spacing-left-small:1.92%;\" data-scroll-devices=\"small-visibility,medium-visibility,large-visibility\"><div class=\"fusion-column-wrapper fusion-column-has-shadow fusion-flex-justify-content-flex-start fusion-content-layout-column\"><div class=\"fusion-text fusion-text-11\"><h2>Hohe Kapazit\u00e4t f\u00fcr Resorts und stark frequentierte Standorte<\/h2>\n<h3>Das Modell <a href=\"https:\/\/pro.alfaforni.com\/de\/produkt\/backofen-quick-6-pizze\/\">QUICK 6 Pizze<\/a> ist die perfekte Wahl f\u00fcr alle, die gro\u00dfe Mengen in kurzer Zeit servieren m\u00fcssen, ohne Abstriche bei Qualit\u00e4t oder Zuverl\u00e4ssigkeit:<\/h3>\n<ul>\n<li data-start=\"8858\" data-end=\"8896\">\n<p data-start=\"8860\" data-end=\"8896\">Backt bis zu <strong>6 Pizzen gleichzeitig<\/strong><\/p>\n<\/li>\n<li data-start=\"8897\" data-end=\"8928\">\n<p data-start=\"8899\" data-end=\"8928\">Bis zu <strong>110 Pizzen pro Stunde<\/strong><\/p>\n<\/li>\n<li data-start=\"8929\" data-end=\"8972\">\n<p data-start=\"8931\" data-end=\"8972\">Erh\u00e4ltlich in <strong>Gas- oder Holz-Ausf\u00fchrung<\/strong><\/p>\n<\/li>\n<li data-start=\"8973\" data-end=\"9031\">\n<p data-start=\"8975\" data-end=\"9031\">2,5 mm Stahlstruktur, <strong>ideal f\u00fcr salzhaltige Umgebungen<\/strong><\/p>\n<\/li>\n<li data-start=\"9032\" data-end=\"9113\">\n<p data-start=\"9034\" data-end=\"9113\"><strong>Top-Version oder professionelle Basis mit Rollen<\/strong> f\u00fcr maximale Praktikabilit\u00e4t<\/p>\n<\/li>\n<li data-start=\"9114\" data-end=\"9175\">\n<p data-start=\"9116\" data-end=\"9175\"><strong>Perfekt f\u00fcr das intensive Tempo einer aktiven Sommerk\u00fcche<\/strong><\/p>\n<\/li>\n<\/ul>\n<p>Ideal f\u00fcr Resorts, Dachterrassenrestaurants und stark frequentierte Strandbetriebe<\/p>\n<\/div><div ><a class=\"fusion-button button-flat fusion-button-default-size button-default fusion-button-default button-2 fusion-button-default-span fusion-button-default-type\" target=\"_self\" href=\"https:\/\/pro.alfaforni.com\/de\/angebot-anfragen\/\"><span class=\"fusion-button-text awb-button__text awb-button__text--default\">Fordern Sie ein individuelles Angebot an<\/span><\/a><\/div><\/div><\/div><\/div><\/div><\/p>\n","protected":false},"excerpt":{"rendered":"","protected":false},"author":1156,"featured_media":0,"parent":0,"menu_order":0,"comment_status":"closed","ping_status":"closed","template":"100-width.php","meta":{"_acf_changed":false,"footnotes":""},"class_list":["post-69344","page","type-page","status-publish","hentry"],"acf":[],"_links":{"self":[{"href":"https:\/\/pro.alfaforni.com\/de\/wp-json\/wp\/v2\/pages\/69344","targetHints":{"allow":["GET"]}}],"collection":[{"href":"https:\/\/pro.alfaforni.com\/de\/wp-json\/wp\/v2\/pages"}],"about":[{"href":"https:\/\/pro.alfaforni.com\/de\/wp-json\/wp\/v2\/types\/page"}],"author":[{"embeddable":true,"href":"https:\/\/pro.alfaforni.com\/de\/wp-json\/wp\/v2\/users\/1156"}],"replies":[{"embeddable":true,"href":"https:\/\/pro.alfaforni.com\/de\/wp-json\/wp\/v2\/comments?post=69344"}],"version-history":[{"count":6,"href":"https:\/\/pro.alfaforni.com\/de\/wp-json\/wp\/v2\/pages\/69344\/revisions"}],"predecessor-version":[{"id":69917,"href":"https:\/\/pro.alfaforni.com\/de\/wp-json\/wp\/v2\/pages\/69344\/revisions\/69917"}],"wp:attachment":[{"href":"https:\/\/pro.alfaforni.com\/de\/wp-json\/wp\/v2\/media?parent=69344"}],"curies":[{"name":"wp","href":"https:\/\/api.w.org\/{rel}","templated":true}]}}