{"id":66948,"date":"2025-04-14T16:44:15","date_gmt":"2025-04-14T14:44:15","guid":{"rendered":"https:\/\/pro.alfaforni.com\/?page_id=66948"},"modified":"2025-04-14T16:44:15","modified_gmt":"2025-04-14T14:44:15","slug":"customer-service","status":"publish","type":"page","link":"https:\/\/pro.alfaforni.com\/de\/customer-service\/","title":{"rendered":"Customer Service"},"content":{"rendered":"<div class=\"fusion-fullwidth fullwidth-box fusion-builder-row-1 fusion-flex-container has-pattern-background has-mask-background nonhundred-percent-fullwidth non-hundred-percent-height-scrolling\" style=\"--awb-border-radius-top-left:0px;--awb-border-radius-top-right:0px;--awb-border-radius-bottom-right:0px;--awb-border-radius-bottom-left:0px;--awb-flex-wrap:wrap;\" ><div class=\"fusion-builder-row fusion-row fusion-flex-align-items-flex-start fusion-flex-content-wrap\" style=\"max-width:1248px;margin-left: calc(-4% \/ 2 );margin-right: calc(-4% \/ 2 );\"><div class=\"fusion-layout-column fusion_builder_column fusion-builder-column-0 fusion_builder_column_1_2 1_2 fusion-flex-column\" style=\"--awb-bg-size:cover;--awb-width-large:50%;--awb-margin-top-large:0px;--awb-spacing-right-large:3.84%;--awb-margin-bottom-large:20px;--awb-spacing-left-large:3.84%;--awb-width-medium:50%;--awb-order-medium:0;--awb-spacing-right-medium:3.84%;--awb-spacing-left-medium:3.84%;--awb-width-small:100%;--awb-order-small:0;--awb-spacing-right-small:1.92%;--awb-spacing-left-small:1.92%;\"><div class=\"fusion-column-wrapper fusion-column-has-shadow fusion-flex-justify-content-flex-start fusion-content-layout-column\"><div class=\"fusion-text fusion-text-1\"><h2>Kundendienst<\/h2>\n<p>Brauchen Sie Unterst\u00fctzung f\u00fcr Ihren Alfa Forni Ofen?<br \/>\n<strong>Wir sind hier, um Ihnen zu helfen!<\/strong><\/p>\n<\/div><div class=\"fusion-builder-row fusion-builder-row-inner fusion-row fusion-flex-align-items-flex-start fusion-flex-content-wrap\" style=\"width:104% !important;max-width:104% !important;margin-left: calc(-4% \/ 2 );margin-right: calc(-4% \/ 2 );\"><div class=\"fusion-layout-column fusion_builder_column_inner fusion-builder-nested-column-0 fusion_builder_column_inner_1_1 1_1 fusion-flex-column\" style=\"--awb-bg-size:cover;--awb-width-large:100%;--awb-margin-top-large:0px;--awb-spacing-right-large:1.92%;--awb-margin-bottom-large:20px;--awb-spacing-left-large:1.92%;--awb-width-medium:100%;--awb-order-medium:0;--awb-spacing-right-medium:1.92%;--awb-spacing-left-medium:1.92%;--awb-width-small:100%;--awb-order-small:0;--awb-spacing-right-small:1.92%;--awb-spacing-left-small:1.92%;\"><div class=\"fusion-column-wrapper fusion-column-has-shadow fusion-flex-justify-content-flex-start fusion-content-layout-column\"><div class=\"fusion-text fusion-text-2\"><p><strong>Falls Sie die ben\u00f6tigte Antwort nicht gefunden haben, f\u00fcllen Sie bitte das Formular auf dieser Seite aus. Unser Support-Team wird sich so schnell wie m\u00f6glich bei Ihnen melden.<\/strong><\/p>\n<p>\ud83d\udccc Damit wir Ihnen den bestm\u00f6glichen Support bieten k\u00f6nnen, bitten wir Sie, folgende Informationen anzugeben:<\/p>\n<p>\u2714\ufe0f Ihr Ofenmodell<br data-start=\"1539\" data-end=\"1542\" \/>\u2714\ufe0f Die Seriennummer (falls verf\u00fcgbar)<br data-start=\"1579\" data-end=\"1582\" \/>\u2714\ufe0f Eine detaillierte Beschreibung des Problems<br data-start=\"1628\" data-end=\"1631\" \/>\u2714\ufe0f Falls m\u00f6glich, Fotos oder Videos zur besseren Diagnose<\/p>\n<p>\ud83d\udc49\u00a0<strong data-start=\"1695\" data-end=\"1785\">F\u00fcllen Sie das Formular aus, und unser Team wird Sie so bald wie m\u00f6glich kontaktieren!<\/strong><\/p>\n<\/div><\/div><\/div><\/div><\/div><\/div><div class=\"fusion-layout-column fusion_builder_column fusion-builder-column-1 fusion_builder_column_1_2 1_2 fusion-flex-column\" style=\"--awb-bg-size:cover;--awb-width-large:50%;--awb-margin-top-large:0px;--awb-spacing-right-large:3.84%;--awb-margin-bottom-large:20px;--awb-spacing-left-large:3.84%;--awb-width-medium:50%;--awb-order-medium:0;--awb-spacing-right-medium:3.84%;--awb-spacing-left-medium:3.84%;--awb-width-small:100%;--awb-order-small:0;--awb-spacing-right-small:1.92%;--awb-spacing-left-small:1.92%;\"><div class=\"fusion-column-wrapper fusion-column-has-shadow fusion-flex-justify-content-flex-start fusion-content-layout-column\"><script charset=\"utf-8\" type=\"text\/javascript\" src=\"\/\/js.hsforms.net\/forms\/embed\/v2.js\"><\/script>\n<script>\n  hbspt.forms.create({\n    portalId: \"4295316\",\n    formId: \"5e6ddc25-a01c-4d5c-94c5-2106fd1b6632\",\n    region: \"na1\"\n  });\n<\/script><\/div><\/div><\/div><\/div>\n","protected":false},"excerpt":{"rendered":"","protected":false},"author":1156,"featured_media":0,"parent":0,"menu_order":0,"comment_status":"closed","ping_status":"closed","template":"100-width.php","meta":{"_acf_changed":false,"footnotes":""},"class_list":["post-66948","page","type-page","status-publish","hentry"],"acf":[],"_links":{"self":[{"href":"https:\/\/pro.alfaforni.com\/de\/wp-json\/wp\/v2\/pages\/66948","targetHints":{"allow":["GET"]}}],"collection":[{"href":"https:\/\/pro.alfaforni.com\/de\/wp-json\/wp\/v2\/pages"}],"about":[{"href":"https:\/\/pro.alfaforni.com\/de\/wp-json\/wp\/v2\/types\/page"}],"author":[{"embeddable":true,"href":"https:\/\/pro.alfaforni.com\/de\/wp-json\/wp\/v2\/users\/1156"}],"replies":[{"embeddable":true,"href":"https:\/\/pro.alfaforni.com\/de\/wp-json\/wp\/v2\/comments?post=66948"}],"version-history":[{"count":1,"href":"https:\/\/pro.alfaforni.com\/de\/wp-json\/wp\/v2\/pages\/66948\/revisions"}],"predecessor-version":[{"id":66949,"href":"https:\/\/pro.alfaforni.com\/de\/wp-json\/wp\/v2\/pages\/66948\/revisions\/66949"}],"wp:attachment":[{"href":"https:\/\/pro.alfaforni.com\/de\/wp-json\/wp\/v2\/media?parent=66948"}],"curies":[{"name":"wp","href":"https:\/\/api.w.org\/{rel}","templated":true}]}}