{"id":3154,"date":"2018-06-12T12:23:35","date_gmt":"2018-06-12T10:23:35","guid":{"rendered":"https:\/\/pro.alfaforni.com\/kontakte\/"},"modified":"2025-05-15T17:06:08","modified_gmt":"2025-05-15T15:06:08","slug":"kontakte","status":"publish","type":"page","link":"https:\/\/pro.alfaforni.com\/de\/kontakte\/","title":{"rendered":"Kontakte"},"content":{"rendered":"<p><div class=\"fusion-fullwidth fullwidth-box fusion-builder-row-1 fusion-flex-container has-pattern-background has-mask-background nonhundred-percent-fullwidth non-hundred-percent-height-scrolling\" style=\"--awb-border-radius-top-left:0px;--awb-border-radius-top-right:0px;--awb-border-radius-bottom-right:0px;--awb-border-radius-bottom-left:0px;--awb-flex-wrap:wrap;\" ><div class=\"fusion-builder-row fusion-row fusion-flex-align-items-flex-start fusion-flex-content-wrap\" style=\"max-width:1248px;margin-left: calc(-4% \/ 2 );margin-right: calc(-4% \/ 2 );\"><div class=\"fusion-layout-column fusion_builder_column fusion-builder-column-0 fusion_builder_column_1_1 1_1 fusion-flex-column\" style=\"--awb-bg-size:cover;--awb-width-large:100%;--awb-margin-top-large:0px;--awb-spacing-right-large:1.92%;--awb-margin-bottom-large:30px;--awb-spacing-left-large:1.92%;--awb-width-medium:100%;--awb-order-medium:0;--awb-spacing-right-medium:1.92%;--awb-spacing-left-medium:1.92%;--awb-width-small:100%;--awb-order-small:0;--awb-spacing-right-small:1.92%;--awb-spacing-left-small:1.92%;\" data-scroll-devices=\"small-visibility,medium-visibility,large-visibility\"><div class=\"fusion-column-wrapper fusion-column-has-shadow fusion-flex-justify-content-flex-start fusion-content-layout-column\"><div class=\"fusion-text fusion-text-1 fusion-text-no-margin\" style=\"--awb-margin-bottom:80px;\"><h1>Kontaktieren Sie uns<\/h1>\n<p class=\"\" data-start=\"100\" data-end=\"166\">Willkommen in unserem Kontaktbereich! Wir sind hier, um Ihnen zu helfen.<\/p>\n<p class=\"\" data-start=\"168\" data-end=\"398\"><strong>Um Ihnen einen schnelleren und effizienteren Service zu bieten, bitten wir Sie, den Grund Ihrer Anfrage auszuw\u00e4hlen.<\/strong><br \/>\nSo k\u00f6nnen wir Ihr Anliegen an das passende Team weiterleiten und Ihnen so schnell wie m\u00f6glich antworten.<\/p>\n<\/div><div class=\"fusion-text fusion-text-2 fusion-text-no-margin\" style=\"--awb-font-size:26px;--awb-margin-bottom:15px;--awb-text-font-family:&quot;Montserrat&quot;;--awb-text-font-style:normal;--awb-text-font-weight:700;\"><p>W\u00e4hlen Sie den Grund f\u00fcr Ihre Anfrage und f\u00fcllen Sie das entsprechende Formular aus:<\/p>\n<\/div><\/div><\/div><\/div><\/div><div class=\"fusion-fullwidth fullwidth-box fusion-builder-row-2 fusion-flex-container has-pattern-background has-mask-background nonhundred-percent-fullwidth non-hundred-percent-height-scrolling\" style=\"--awb-border-radius-top-left:0px;--awb-border-radius-top-right:0px;--awb-border-radius-bottom-right:0px;--awb-border-radius-bottom-left:0px;--awb-margin-bottom:150px;--awb-flex-wrap:wrap;\" ><div class=\"fusion-builder-row fusion-row fusion-flex-align-items-flex-start fusion-flex-content-wrap\" style=\"max-width:1248px;margin-left: calc(-4% \/ 2 );margin-right: calc(-4% \/ 2 );\"><div class=\"fusion-layout-column fusion_builder_column fusion-builder-column-1 fusion_builder_column_1_3 1_3 fusion-flex-column\" style=\"--awb-bg-size:cover;--awb-width-large:33.333333333333%;--awb-margin-top-large:-30px;--awb-spacing-right-large:5.76%;--awb-margin-bottom-large:20px;--awb-spacing-left-large:5.76%;--awb-width-medium:33.333333333333%;--awb-order-medium:0;--awb-spacing-right-medium:5.76%;--awb-spacing-left-medium:5.76%;--awb-width-small:100%;--awb-order-small:0;--awb-spacing-right-small:1.92%;--awb-spacing-left-small:1.92%;\"><div class=\"fusion-column-wrapper fusion-column-has-shadow fusion-flex-justify-content-flex-start fusion-content-layout-column\"><div class=\"fusion-image-element \" style=\"--awb-caption-title-font-family:var(--h2_typography-font-family);--awb-caption-title-font-weight:var(--h2_typography-font-weight);--awb-caption-title-font-style:var(--h2_typography-font-style);--awb-caption-title-size:var(--h2_typography-font-size);--awb-caption-title-transform:var(--h2_typography-text-transform);--awb-caption-title-line-height:var(--h2_typography-line-height);--awb-caption-title-letter-spacing:var(--h2_typography-letter-spacing);\"><span class=\" fusion-imageframe imageframe-dropshadow imageframe-1 hover-type-none\" style=\"-webkit-box-shadow: 3px 3px 7px rgba(62,62,62,0.3);box-shadow: 3px 3px 7px rgba(62,62,62,0.3);\"><a class=\"fusion-no-lightbox\" href=\"https:\/\/pro.alfaforni.com\/de\/laden-sie-unseren-katalog-herunter-pro\/\" target=\"_self\" aria-label=\"Miniatura video: Pita bread &#8211; gas oven &#8211; Tutorial Alfa Pro\"><img decoding=\"async\" width=\"640\" height=\"360\" src=\"https:\/\/www.alfaforni.com\/wp-content\/uploads\/2025\/04\/catalog-pro.jpg\" class=\"img-responsive wp-image-68688\" alt=\"\" ><\/a><\/span><\/div><div class=\"fusion-text fusion-text-3 fusion-text-no-margin\" style=\"--awb-margin-bottom:150px;\"><h3><strong>Katalog herunterladen<\/strong><\/h3>\n<p><span style=\"font-size: 14px;\">M\u00f6chten Sie mehr \u00fcber unsere \u00d6fen erfahren?<br \/>\nF\u00fcllen Sie das Formular aus.<\/span><\/p>\n<p><strong><a href=\"https:\/\/pro.alfaforni.com\/de\/laden-sie-unseren-katalog-herunter-pro\/\">Produkte entdecken &gt;<\/a><\/strong><\/p>\n<\/div><\/div><\/div><div class=\"fusion-layout-column fusion_builder_column fusion-builder-column-2 fusion_builder_column_1_3 1_3 fusion-flex-column\" style=\"--awb-bg-size:cover;--awb-width-large:33.333333333333%;--awb-margin-top-large:-30px;--awb-spacing-right-large:5.76%;--awb-margin-bottom-large:20px;--awb-spacing-left-large:5.76%;--awb-width-medium:33.333333333333%;--awb-order-medium:0;--awb-spacing-right-medium:5.76%;--awb-spacing-left-medium:5.76%;--awb-width-small:100%;--awb-order-small:0;--awb-spacing-right-small:1.92%;--awb-spacing-left-small:1.92%;\"><div class=\"fusion-column-wrapper fusion-column-has-shadow fusion-flex-justify-content-flex-start fusion-content-layout-column\"><div class=\"fusion-image-element \" style=\"--awb-caption-title-font-family:var(--h3_typography-font-family);--awb-caption-title-font-weight:var(--h3_typography-font-weight);--awb-caption-title-font-style:var(--h3_typography-font-style);--awb-caption-title-size:var(--h3_typography-font-size);--awb-caption-title-transform:var(--h3_typography-text-transform);--awb-caption-title-line-height:var(--h3_typography-line-height);--awb-caption-title-letter-spacing:var(--h3_typography-letter-spacing);\"><span class=\" fusion-imageframe imageframe-none imageframe-2 hover-type-none\"><a class=\"fusion-no-lightbox\" href=\"https:\/\/pro.alfaforni.com\/de\/angebot-anfragen\/\" target=\"_self\" aria-label=\"Miniatura video: Burner Maintenance &#8211; gas oven &#8211; Tutorial Pro\"><img decoding=\"async\" width=\"640\" height=\"360\" src=\"https:\/\/www.alfaforni.com\/wp-content\/uploads\/2025\/04\/Quick6.jpg\" class=\"img-responsive wp-image-68676\" alt=\"\" ><\/a><\/span><\/div><div class=\"fusion-text fusion-text-4 fusion-text-no-margin\" style=\"--awb-margin-bottom:150px;\"><h3><strong>Angebotsanfrage<\/strong><\/h3>\n<p><span style=\"font-size: 14px;\">Interessieren Sie sich f\u00fcr einen Alfa Forni Ofen? F\u00fcllen Sie das Formular aus und erhalten Sie Infos!<\/span><\/p>\n<p><strong><a href=\"https:\/\/www.alfaforni.com\/de\/angebot-anfragen\/\" target=\"_blank\" rel=\"noopener\">Angebot anfordern &gt;<\/a><\/strong><\/p>\n<\/div><\/div><\/div><div class=\"fusion-layout-column fusion_builder_column fusion-builder-column-3 fusion_builder_column_1_3 1_3 fusion-flex-column\" style=\"--awb-bg-size:cover;--awb-width-large:33.333333333333%;--awb-margin-top-large:-30px;--awb-spacing-right-large:5.76%;--awb-margin-bottom-large:20px;--awb-spacing-left-large:5.76%;--awb-width-medium:33.333333333333%;--awb-order-medium:0;--awb-spacing-right-medium:5.76%;--awb-spacing-left-medium:5.76%;--awb-width-small:100%;--awb-order-small:0;--awb-spacing-right-small:1.92%;--awb-spacing-left-small:1.92%;\"><div class=\"fusion-column-wrapper fusion-column-has-shadow fusion-flex-justify-content-flex-start fusion-content-layout-column\"><div class=\"fusion-image-element \" style=\"--awb-caption-title-font-family:var(--h2_typography-font-family);--awb-caption-title-font-weight:var(--h2_typography-font-weight);--awb-caption-title-font-style:var(--h2_typography-font-style);--awb-caption-title-size:var(--h2_typography-font-size);--awb-caption-title-transform:var(--h2_typography-text-transform);--awb-caption-title-line-height:var(--h2_typography-line-height);--awb-caption-title-letter-spacing:var(--h2_typography-letter-spacing);\"><span class=\" fusion-imageframe imageframe-none imageframe-3 hover-type-none\"><a class=\"fusion-no-lightbox\" href=\"https:\/\/pro.alfaforni.com\/de\/alfa-point\/\" target=\"_self\" aria-label=\"Miniatura video: Lighting wood fired pizza ovens\"><img decoding=\"async\" width=\"640\" height=\"360\" src=\"https:\/\/www.alfaforni.com\/wp-content\/uploads\/2025\/03\/dealer-locator-1.jpg\" class=\"img-responsive wp-image-68370\" alt=\"\" ><\/a><\/span><\/div><div class=\"fusion-text fusion-text-5 fusion-text-no-margin\" style=\"--awb-margin-bottom:150px;\"><h3><strong>Wo man kauft<\/strong><\/h3>\n<p><span style=\"font-size: 14px;\">Wir helfen Ihnen, den n\u00e4chstgelegenen H\u00e4ndler zu finden oder den besten Kaufkanal auszuw\u00e4hlen.<\/span><\/p>\n<p><strong><a href=\"https:\/\/pro.alfaforni.com\/de\/alfa-point\/\">N\u00e4chstes Gesch\u00e4ft finden &gt;<\/a><\/strong><\/p>\n<\/div><\/div><\/div><div class=\"fusion-layout-column fusion_builder_column fusion-builder-column-4 fusion_builder_column_1_3 1_3 fusion-flex-column\" style=\"--awb-bg-size:cover;--awb-width-large:33.333333333333%;--awb-margin-top-large:-30px;--awb-spacing-right-large:5.76%;--awb-margin-bottom-large:20px;--awb-spacing-left-large:5.76%;--awb-width-medium:33.333333333333%;--awb-order-medium:0;--awb-spacing-right-medium:5.76%;--awb-spacing-left-medium:5.76%;--awb-width-small:100%;--awb-order-small:0;--awb-spacing-right-small:1.92%;--awb-spacing-left-small:1.92%;\"><div class=\"fusion-column-wrapper fusion-column-has-shadow fusion-flex-justify-content-flex-start fusion-content-layout-column\"><div class=\"fusion-image-element \" style=\"--awb-caption-title-font-family:var(--h2_typography-font-family);--awb-caption-title-font-weight:var(--h2_typography-font-weight);--awb-caption-title-font-style:var(--h2_typography-font-style);--awb-caption-title-size:var(--h2_typography-font-size);--awb-caption-title-transform:var(--h2_typography-text-transform);--awb-caption-title-line-height:var(--h2_typography-line-height);--awb-caption-title-letter-spacing:var(--h2_typography-letter-spacing);\"><span class=\" fusion-imageframe imageframe-none imageframe-4 hover-type-none\"><a class=\"fusion-no-lightbox\" href=\"https:\/\/pro.alfaforni.com\/de\/customer-service\/\" target=\"_self\" aria-label=\"Miniatura video: At home as well as in a pizzeria\"><img decoding=\"async\" width=\"640\" height=\"360\" src=\"https:\/\/www.alfaforni.com\/wp-content\/uploads\/2025\/03\/customer-service.jpg\" class=\"img-responsive wp-image-68346\" alt=\"\" ><\/a><\/span><\/div><div class=\"fusion-text fusion-text-6 fusion-text-no-margin\" style=\"--awb-margin-bottom:150px;\"><h3><strong>Kundendienst<\/strong><\/h3>\n<p><span style=\"font-size: 14px;\">Ben\u00f6tigen Sie Unterst\u00fctzung f\u00fcr Ihren Alfa Forni Ofen? Unser Team ist bereit, Ihnen zu helfen.<\/span><\/p>\n<p><a href=\"https:\/\/pro.alfaforni.com\/de\/customer-service\/\"><strong>Technische Unterst\u00fctzung anfordern &gt;<\/strong><\/a><\/p>\n<\/div><\/div><\/div><div class=\"fusion-layout-column fusion_builder_column fusion-builder-column-5 fusion_builder_column_1_3 1_3 fusion-flex-column\" style=\"--awb-bg-size:cover;--awb-width-large:33.333333333333%;--awb-margin-top-large:-30px;--awb-spacing-right-large:5.76%;--awb-margin-bottom-large:20px;--awb-spacing-left-large:5.76%;--awb-width-medium:33.333333333333%;--awb-order-medium:0;--awb-spacing-right-medium:5.76%;--awb-spacing-left-medium:5.76%;--awb-width-small:100%;--awb-order-small:0;--awb-spacing-right-small:1.92%;--awb-spacing-left-small:1.92%;\"><div class=\"fusion-column-wrapper fusion-column-has-shadow fusion-flex-justify-content-flex-start fusion-content-layout-column\"><div class=\"fusion-image-element \" style=\"--awb-caption-title-font-family:var(--h2_typography-font-family);--awb-caption-title-font-weight:var(--h2_typography-font-weight);--awb-caption-title-font-style:var(--h2_typography-font-style);--awb-caption-title-size:var(--h2_typography-font-size);--awb-caption-title-transform:var(--h2_typography-text-transform);--awb-caption-title-line-height:var(--h2_typography-line-height);--awb-caption-title-letter-spacing:var(--h2_typography-letter-spacing);\"><span class=\" fusion-imageframe imageframe-none imageframe-5 hover-type-none\"><a class=\"fusion-no-lightbox\" href=\"https:\/\/pro.alfaforni.com\/de\/ein-handler-werden\/\" target=\"_self\" aria-label=\"Miniatura video: Multicooking System &#8211; gas oven &#8211; Tutorial Pro\"><img decoding=\"async\" width=\"640\" height=\"360\" src=\"https:\/\/www.alfaforni.com\/wp-content\/uploads\/2025\/04\/Zeno-6.jpg\" class=\"img-responsive wp-image-68682\" alt=\"\" ><\/a><\/span><\/div><div class=\"fusion-text fusion-text-7 fusion-text-no-margin\" style=\"--awb-margin-bottom:150px;\"><h3><strong>H\u00e4ndler &amp; Partner<\/strong><\/h3>\n<p><span style=\"font-size: 14px;\">Sind Sie ein Fachmann und m\u00f6chten mit uns zusammenarbeiten? Senden Sie uns Ihre Bewerbung.<\/span><\/p>\n<p><strong><a href=\"https:\/\/pro.alfaforni.com\/de\/ein-handler-werden\/\">Gesch\u00e4ftspartner werden &gt;<\/a><\/strong><\/p>\n<\/div><\/div><\/div><div class=\"fusion-layout-column fusion_builder_column fusion-builder-column-6 fusion_builder_column_1_3 1_3 fusion-flex-column\" style=\"--awb-bg-size:cover;--awb-width-large:33.333333333333%;--awb-margin-top-large:-30px;--awb-spacing-right-large:5.76%;--awb-margin-bottom-large:20px;--awb-spacing-left-large:5.76%;--awb-width-medium:33.333333333333%;--awb-order-medium:0;--awb-spacing-right-medium:5.76%;--awb-spacing-left-medium:5.76%;--awb-width-small:100%;--awb-order-small:0;--awb-spacing-right-small:1.92%;--awb-spacing-left-small:1.92%;\"><div class=\"fusion-column-wrapper fusion-column-has-shadow fusion-flex-justify-content-flex-start fusion-content-layout-column\"><div class=\"fusion-image-element \" style=\"--awb-caption-title-font-family:var(--h2_typography-font-family);--awb-caption-title-font-weight:var(--h2_typography-font-weight);--awb-caption-title-font-style:var(--h2_typography-font-style);--awb-caption-title-size:var(--h2_typography-font-size);--awb-caption-title-transform:var(--h2_typography-text-transform);--awb-caption-title-line-height:var(--h2_typography-line-height);--awb-caption-title-letter-spacing:var(--h2_typography-letter-spacing);\"><span class=\" fusion-imageframe imageframe-none imageframe-6 hover-type-none\"><a class=\"fusion-no-lightbox\" href=\"https:\/\/pro.alfaforni.com\/de\/info\/\" target=\"_self\" aria-label=\"Miniatura video: Burner Maintenance &#8211; gas oven &#8211; Tutorial Pro\"><img decoding=\"async\" width=\"640\" height=\"360\" src=\"https:\/\/www.alfaforni.com\/wp-content\/uploads\/2025\/03\/info.jpg\" class=\"img-responsive wp-image-68388\" alt=\"\" ><\/a><\/span><\/div><div class=\"fusion-text fusion-text-8 fusion-text-no-margin\" style=\"--awb-margin-bottom:150px;\"><h3><strong>Allgemeine Informationen<\/strong><\/h3>\n<p><span style=\"font-size: 14px;\">Ihre Anfrage passt in keine Kategorie? Schreiben Sie uns, und wir antworten so schnell wie m\u00f6glich!<\/span><\/p>\n<p><strong><a href=\"https:\/\/pro.alfaforni.com\/de\/info\/\">Kontakt aufnehmen &gt;<\/a><\/strong><\/p>\n<\/div><\/div><\/div><\/div><\/div><\/p>\n","protected":false},"excerpt":{"rendered":"","protected":false},"author":1,"featured_media":4594,"parent":0,"menu_order":0,"comment_status":"closed","ping_status":"closed","template":"100-width.php","meta":{"_acf_changed":false,"footnotes":""},"class_list":["post-3154","page","type-page","status-publish","has-post-thumbnail","hentry"],"acf":[],"_links":{"self":[{"href":"https:\/\/pro.alfaforni.com\/de\/wp-json\/wp\/v2\/pages\/3154","targetHints":{"allow":["GET"]}}],"collection":[{"href":"https:\/\/pro.alfaforni.com\/de\/wp-json\/wp\/v2\/pages"}],"about":[{"href":"https:\/\/pro.alfaforni.com\/de\/wp-json\/wp\/v2\/types\/page"}],"author":[{"embeddable":true,"href":"https:\/\/pro.alfaforni.com\/de\/wp-json\/wp\/v2\/users\/1"}],"replies":[{"embeddable":true,"href":"https:\/\/pro.alfaforni.com\/de\/wp-json\/wp\/v2\/comments?post=3154"}],"version-history":[{"count":14,"href":"https:\/\/pro.alfaforni.com\/de\/wp-json\/wp\/v2\/pages\/3154\/revisions"}],"predecessor-version":[{"id":40880,"href":"https:\/\/pro.alfaforni.com\/de\/wp-json\/wp\/v2\/pages\/3154\/revisions\/40880"}],"wp:featuredmedia":[{"embeddable":true,"href":"https:\/\/pro.alfaforni.com\/de\/wp-json\/wp\/v2\/media\/4594"}],"wp:attachment":[{"href":"https:\/\/pro.alfaforni.com\/de\/wp-json\/wp\/v2\/media?parent=3154"}],"curies":[{"name":"wp","href":"https:\/\/api.w.org\/{rel}","templated":true}]}}