{"id":3120,"date":"2018-06-12T12:09:28","date_gmt":"2018-06-12T10:09:28","guid":{"rendered":"https:\/\/pro.alfaforni.com\/ein-handler-werden\/"},"modified":"2024-05-02T11:20:33","modified_gmt":"2024-05-02T09:20:33","slug":"ein-handler-werden","status":"publish","type":"page","link":"https:\/\/pro.alfaforni.com\/de\/ein-handler-werden\/","title":{"rendered":"Werden Sie H\u00e4ndler"},"content":{"rendered":"<p><div class=\"fusion-fullwidth fullwidth-box fusion-builder-row-1 fusion-flex-container has-pattern-background has-mask-background nonhundred-percent-fullwidth non-hundred-percent-height-scrolling\" style=\"--awb-border-radius-top-left:0px;--awb-border-radius-top-right:0px;--awb-border-radius-bottom-right:0px;--awb-border-radius-bottom-left:0px;--awb-padding-top:40px;--awb-padding-bottom:80px;--awb-padding-top-medium:0px;--awb-flex-wrap:wrap;\" ><div class=\"fusion-builder-row fusion-row fusion-flex-align-items-flex-start fusion-flex-content-wrap\" style=\"max-width:1248px;margin-left: calc(-4% \/ 2 );margin-right: calc(-4% \/ 2 );\"><div class=\"fusion-layout-column fusion_builder_column fusion-builder-column-0 fusion_builder_column_1_2 1_2 fusion-flex-column\" style=\"--awb-bg-size:cover;--awb-width-large:50%;--awb-margin-top-large:-30px;--awb-spacing-right-large:3.84%;--awb-margin-bottom-large:20px;--awb-spacing-left-large:3.84%;--awb-width-medium:50%;--awb-order-medium:0;--awb-spacing-right-medium:3.84%;--awb-spacing-left-medium:3.84%;--awb-width-small:100%;--awb-order-small:0;--awb-spacing-right-small:1.92%;--awb-spacing-left-small:1.92%;\"><div class=\"fusion-column-wrapper fusion-column-has-shadow fusion-flex-justify-content-flex-start fusion-content-layout-column\"><div class=\"fusion-text fusion-text-1\"><h1>Warum ein Alfa-Partner werden?<\/h1>\n<h3>Als st\u00e4ndig wachsendes Unternehmen sucht Alfa nach qualifizierten Wiederverk\u00e4ufern in vielen Marktbereichen.<\/h3>\n<p>Leidenschaft und der Wunsch, ein Familienunternehmen zu f\u00fchren, ohne dabei den Impuls f\u00fcr kontinuierliche Innovation und weltweite Vermarktung aufzuhalten, das ist unsere St\u00e4rke seit 40 Jahren. Eine gro\u00dfe Familie, die das gesamte Netzwerk von Partnern, H\u00e4ndlern und Lieferanten umfasst, die Qualit\u00e4t als Markenzeichen teilen. In den letzten Jahren haben wir weltweit mehr als 500.00 Back\u00f6fen verkauft. Ein zunehmender Beweis daf\u00fcr, dass unsere Kunden unsere Zuverl\u00e4ssigkeit, st\u00e4ndige Verbesserung und Spitzentechnologie zu sch\u00e4tzen wissen.<\/p>\n<p>Bei Alfa steht die Zufriedenheit der Partner an erster Stelle. Wir haben ein Online-Supportsystem, einen engagierten Kundendienst und eine Gruppe von Vertriebsmitarbeitern eingerichtet, die Produktschulungen durchf\u00fchren und Sie dabei unterst\u00fctzen Ihre Produkte in Ihren Verkaufsstellen besser zu pr\u00e4sentieren, um den Umsatz zu steigern.<\/p>\n<\/div><\/div><\/div><div class=\"fusion-layout-column fusion_builder_column fusion-builder-column-1 fusion_builder_column_1_2 1_2 fusion-flex-column\" style=\"--awb-bg-size:cover;--awb-width-large:50%;--awb-margin-top-large:0px;--awb-spacing-right-large:3.84%;--awb-margin-bottom-large:20px;--awb-spacing-left-large:3.84%;--awb-width-medium:50%;--awb-order-medium:0;--awb-spacing-right-medium:3.84%;--awb-spacing-left-medium:3.84%;--awb-width-small:100%;--awb-order-small:0;--awb-spacing-right-small:1.92%;--awb-spacing-left-small:1.92%;\"><div class=\"fusion-column-wrapper fusion-column-has-shadow fusion-flex-justify-content-flex-start fusion-content-layout-column\"><div class=\"fusion-text fusion-text-2\"><h3>Erfahren Sie, wie Sie unserem H\u00e4ndlerteam beitreten k\u00f6nnen. Geben Sie Ihre pers\u00f6nlichen Daten in das untenstehende Formular ein.<\/h3>\n<\/div><!--[if lte IE 8]>\n<script data-wpfc-render=\"false\" charset=\"utf-8\" type=\"text\/javascript\" src=\"\/\/js.hsforms.net\/forms\/v2-legacy.js\"><\/script>\n<![endif]-->\n<script data-wpfc-render=\"false\" charset=\"utf-8\" type=\"text\/javascript\" src=\"\/\/js.hsforms.net\/forms\/v2.js\"><\/script>\n<script>\n  hbspt.forms.create({\n\tportalId: \"4295316\",\n\tformId: \"c1a3ca65-7a09-478f-b77b-4d0ba2f9e259\"\n});\n<\/script><\/div><\/div><\/div><\/div><div class=\"fusion-fullwidth fullwidth-box fusion-builder-row-2 fusion-flex-container has-pattern-background has-mask-background nonhundred-percent-fullwidth non-hundred-percent-height-scrolling\" style=\"--awb-border-radius-top-left:0px;--awb-border-radius-top-right:0px;--awb-border-radius-bottom-right:0px;--awb-border-radius-bottom-left:0px;--awb-padding-top:60px;--awb-padding-bottom:60px;--awb-background-color:#2c2125;--awb-flex-wrap:wrap;\" ><div class=\"fusion-builder-row fusion-row fusion-flex-align-items-flex-start fusion-flex-content-wrap\" style=\"max-width:1248px;margin-left: calc(-4% \/ 2 );margin-right: calc(-4% \/ 2 );\"><div class=\"fusion-layout-column fusion_builder_column fusion-builder-column-2 fusion_builder_column_1_3 1_3 fusion-flex-column\" style=\"--awb-bg-size:cover;--awb-width-large:33.333333333333%;--awb-margin-top-large:0px;--awb-spacing-right-large:5.76%;--awb-margin-bottom-large:20px;--awb-spacing-left-large:5.76%;--awb-width-medium:33.333333333333%;--awb-order-medium:0;--awb-spacing-right-medium:5.76%;--awb-spacing-left-medium:5.76%;--awb-width-small:100%;--awb-order-small:0;--awb-spacing-right-small:1.92%;--awb-spacing-left-small:1.92%;\"><div class=\"fusion-column-wrapper fusion-column-has-shadow fusion-flex-justify-content-flex-start fusion-content-layout-column\"><div class=\"fusion-image-element \" style=\"--awb-margin-bottom:20px;--awb-caption-title-font-family:var(--h2_typography-font-family);--awb-caption-title-font-weight:var(--h2_typography-font-weight);--awb-caption-title-font-style:var(--h2_typography-font-style);--awb-caption-title-size:var(--h2_typography-font-size);--awb-caption-title-transform:var(--h2_typography-text-transform);--awb-caption-title-line-height:var(--h2_typography-line-height);--awb-caption-title-letter-spacing:var(--h2_typography-letter-spacing);\"><span class=\" fusion-imageframe imageframe-none imageframe-1 hover-type-none\"><img decoding=\"async\" width=\"78\" height=\"78\"  src=\"http:\/\/www.alfaforni.com\/wp-content\/uploads\/2021\/12\/alfa-forni-carrello-icon.png\" class=\"img-responsive wp-image-25844\" alt=\"\" srcset=\"https:\/\/pro.alfaforni.com\/wp-content\/uploads\/2021\/12\/alfa-forni-carrello-icon.png 78w, https:\/\/pro.alfaforni.com\/wp-content\/uploads\/2021\/12\/alfa-forni-carrello-icon-1024x1024.png 1024w\" sizes=\"(max-width: 78px) 100vw, 78px\" \/><\/span><\/div><div class=\"fusion-text fusion-text-3\"><h4><span style=\"color: #ffffff;\">Der Holzbackofen stellt ein Upgrade f\u00fcr Ihre Kunden dar.<\/span><\/h4>\n<p><span style=\"color: #ffffff;\">In der Welt der Outdoor-K\u00fcche und des BBQs setzt der Backofen sich mehr und mehr durch. Die Liebhaber suchen neue Backger\u00e4te, die eine Alternative zum ganz traditionellen Grillen darstellen, die Anf\u00e4nger sind auf der Suche nach praktischen und vielseitigen L\u00f6sungen, um anzufangen, im Freien zu kochen und die Fans der Outdoor-K\u00fcche wollen einen Backofen, der gleichzeitig ein Einrichtungsgegenstand f\u00fcr ihren Au\u00dfenbereich ist.<\/span><\/p>\n<\/div><\/div><\/div><div class=\"fusion-layout-column fusion_builder_column fusion-builder-column-3 fusion_builder_column_1_3 1_3 fusion-flex-column\" style=\"--awb-bg-size:cover;--awb-width-large:33.333333333333%;--awb-margin-top-large:0px;--awb-spacing-right-large:5.76%;--awb-margin-bottom-large:20px;--awb-spacing-left-large:5.76%;--awb-width-medium:33.333333333333%;--awb-order-medium:0;--awb-spacing-right-medium:5.76%;--awb-spacing-left-medium:5.76%;--awb-width-small:100%;--awb-order-small:0;--awb-spacing-right-small:1.92%;--awb-spacing-left-small:1.92%;\"><div class=\"fusion-column-wrapper fusion-column-has-shadow fusion-flex-justify-content-flex-start fusion-content-layout-column\"><div class=\"fusion-image-element \" style=\"--awb-margin-bottom:20px;--awb-max-width:78px;--awb-caption-title-font-family:var(--h2_typography-font-family);--awb-caption-title-font-weight:var(--h2_typography-font-weight);--awb-caption-title-font-style:var(--h2_typography-font-style);--awb-caption-title-size:var(--h2_typography-font-size);--awb-caption-title-transform:var(--h2_typography-text-transform);--awb-caption-title-line-height:var(--h2_typography-line-height);--awb-caption-title-letter-spacing:var(--h2_typography-letter-spacing);\"><span class=\" fusion-imageframe imageframe-none imageframe-2 hover-type-none\"><img decoding=\"async\" width=\"512\" height=\"512\"  src=\"http:\/\/www.alfaforni.com\/wp-content\/uploads\/2021\/12\/cropped-alfa-favicon.png\" class=\"img-responsive wp-image-25851\" alt=\"\" srcset=\"https:\/\/pro.alfaforni.com\/wp-content\/uploads\/2021\/12\/cropped-alfa-favicon-100x100.png 100w, https:\/\/pro.alfaforni.com\/wp-content\/uploads\/2021\/12\/cropped-alfa-favicon-300x300.png 300w, https:\/\/pro.alfaforni.com\/wp-content\/uploads\/2021\/12\/cropped-alfa-favicon-500x500.png 500w, https:\/\/pro.alfaforni.com\/wp-content\/uploads\/2021\/12\/cropped-alfa-favicon.png 512w, https:\/\/pro.alfaforni.com\/wp-content\/uploads\/2021\/12\/cropped-alfa-favicon-1024x1024.png 1024w\" sizes=\"(max-width: 512px) 100vw, 512px\" \/><\/span><\/div><div class=\"fusion-text fusion-text-4\"><h4><span style=\"color: #ffffff;\">Es gibt eine Alfa-L\u00f6sung f\u00fcr alle Ihre Kunden!<\/span><\/h4>\n<p><span style=\"color: #ffffff;\">Der <a href=\"https:\/\/pro.alfaforni.com\/de\/produkt\/4-pizze-holzbackofen\/\" target=\"_blank\" rel=\"noopener\">4 Pizze-Backofen<\/a>, f\u00fcr die Liebhaber, die sich mit der Welt des Backens vertraut machen wollen; die Gasausf\u00fchrung von <a href=\"https:\/\/pro.alfaforni.com\/de\/produkt\/alfa-one-der-traditionelle-backofen-fuer-everyone\/\" target=\"_blank\" rel=\"noopener\">ONE<\/a> ist eine einfache, schnelle und saubere L\u00f6sung f\u00fcr die Anf\u00e4nger, die auch auf dem Balkon hervorragend eingesetzt werden kann; <a href=\"https:\/\/pro.alfaforni.com\/de\/produkt\/dolce-vita-gasofen\/\" target=\"_blank\" rel=\"noopener\">Dolce Vita<\/a>, der Backofen f\u00fcr die Fans der Outdoor-K\u00fcche, der in seiner Counter-Top-Ausf\u00fchrung perfekt f\u00fcr die Luxus-Au\u00dfenk\u00fcchen ist..<\/span><\/p>\n<\/div><\/div><\/div><div class=\"fusion-layout-column fusion_builder_column fusion-builder-column-4 fusion_builder_column_1_3 1_3 fusion-flex-column\" style=\"--awb-bg-size:cover;--awb-width-large:33.333333333333%;--awb-margin-top-large:0px;--awb-spacing-right-large:5.76%;--awb-margin-bottom-large:20px;--awb-spacing-left-large:5.76%;--awb-width-medium:33.333333333333%;--awb-order-medium:0;--awb-spacing-right-medium:5.76%;--awb-spacing-left-medium:5.76%;--awb-width-small:100%;--awb-order-small:0;--awb-spacing-right-small:1.92%;--awb-spacing-left-small:1.92%;\"><div class=\"fusion-column-wrapper fusion-column-has-shadow fusion-flex-justify-content-flex-start fusion-content-layout-column\"><div class=\"fusion-image-element \" style=\"--awb-margin-bottom:20px;--awb-caption-title-font-family:var(--h2_typography-font-family);--awb-caption-title-font-weight:var(--h2_typography-font-weight);--awb-caption-title-font-style:var(--h2_typography-font-style);--awb-caption-title-size:var(--h2_typography-font-size);--awb-caption-title-transform:var(--h2_typography-text-transform);--awb-caption-title-line-height:var(--h2_typography-line-height);--awb-caption-title-letter-spacing:var(--h2_typography-letter-spacing);\"><span class=\" fusion-imageframe imageframe-none imageframe-3 hover-type-none\"><img decoding=\"async\" width=\"78\" height=\"78\"  src=\"http:\/\/www.alfaforni.com\/wp-content\/uploads\/2021\/12\/alfa-forni-fiamma-icon-.png\" class=\"img-responsive wp-image-25858\" alt=\"\" srcset=\"https:\/\/pro.alfaforni.com\/wp-content\/uploads\/2021\/12\/alfa-forni-fiamma-icon-.png 78w, https:\/\/pro.alfaforni.com\/wp-content\/uploads\/2021\/12\/alfa-forni-fiamma-icon--1024x1024.png 1024w\" sizes=\"(max-width: 78px) 100vw, 78px\" \/><\/span><\/div><div class=\"fusion-text fusion-text-5\"><h4><span style=\"color: #ffffff;\">Alfa investiert jeden Monat, damit Ihre Verkaufsstelle neue Kontakte aufbauen kann.<\/span><\/h4>\n<p><span style=\"color: #ffffff;\">Egal ob Sie ein spezialisierter Gebietsh\u00e4ndler, ein Online-H\u00e4ndler oder ein Vertreiber sind \u2013 Alfa investiert in Online-Marketing f\u00fcr alle seine Partner: ein Website mit Tausenden von Nutzern pro Tag, t\u00e4glich Hunderte von Kontakte und Sichtbarkeit auf die wichtigsten Social-Media-Kan\u00e4le.<\/span><\/p>\n<\/div><\/div><\/div><\/div><\/div><div class=\"fusion-fullwidth fullwidth-box fusion-builder-row-3 fusion-flex-container has-pattern-background has-mask-background nonhundred-percent-fullwidth non-hundred-percent-height-scrolling\" style=\"--awb-border-radius-top-left:0px;--awb-border-radius-top-right:0px;--awb-border-radius-bottom-right:0px;--awb-border-radius-bottom-left:0px;--awb-padding-top:100px;--awb-padding-bottom:80px;--awb-flex-wrap:wrap;\" ><div class=\"fusion-builder-row fusion-row fusion-flex-align-items-flex-start fusion-flex-content-wrap\" style=\"max-width:1248px;margin-left: calc(-4% \/ 2 );margin-right: calc(-4% \/ 2 );\"><div class=\"fusion-layout-column fusion_builder_column fusion-builder-column-5 fusion_builder_column_1_1 1_1 fusion-flex-column\" style=\"--awb-bg-size:cover;--awb-width-large:100%;--awb-margin-top-large:0px;--awb-spacing-right-large:1.92%;--awb-margin-bottom-large:20px;--awb-spacing-left-large:1.92%;--awb-width-medium:100%;--awb-order-medium:0;--awb-spacing-right-medium:1.92%;--awb-spacing-left-medium:1.92%;--awb-width-small:100%;--awb-order-small:0;--awb-spacing-right-small:1.92%;--awb-spacing-left-small:1.92%;\"><div class=\"fusion-column-wrapper fusion-column-has-shadow fusion-flex-justify-content-flex-start fusion-content-layout-column\"><div class=\"fusion-text fusion-text-6\"><div style=\"padding: 56.25% 0 0 0; position: relative;\"><iframe style=\"position: absolute; top: 0; left: 0; width: 100%; height: 100%;\" src=\"https:\/\/player.vimeo.com\/video\/283914192?h=aa4a21285e&amp;color=ffffff&amp;title=0&amp;byline=0&amp;portrait=0\" frameborder=\"0\" allowfullscreen=\"allowfullscreen\" data-mce-fragment=\"1\"><\/iframe><\/div>\n<\/div><\/div><\/div><\/div><\/div><\/p>\n","protected":false},"excerpt":{"rendered":"","protected":false},"author":1,"featured_media":7650,"parent":0,"menu_order":0,"comment_status":"closed","ping_status":"closed","template":"100-width.php","meta":{"_acf_changed":false,"footnotes":""},"class_list":["post-3120","page","type-page","status-publish","has-post-thumbnail","hentry"],"acf":[],"_links":{"self":[{"href":"https:\/\/pro.alfaforni.com\/de\/wp-json\/wp\/v2\/pages\/3120","targetHints":{"allow":["GET"]}}],"collection":[{"href":"https:\/\/pro.alfaforni.com\/de\/wp-json\/wp\/v2\/pages"}],"about":[{"href":"https:\/\/pro.alfaforni.com\/de\/wp-json\/wp\/v2\/types\/page"}],"author":[{"embeddable":true,"href":"https:\/\/pro.alfaforni.com\/de\/wp-json\/wp\/v2\/users\/1"}],"replies":[{"embeddable":true,"href":"https:\/\/pro.alfaforni.com\/de\/wp-json\/wp\/v2\/comments?post=3120"}],"version-history":[{"count":4,"href":"https:\/\/pro.alfaforni.com\/de\/wp-json\/wp\/v2\/pages\/3120\/revisions"}],"predecessor-version":[{"id":61223,"href":"https:\/\/pro.alfaforni.com\/de\/wp-json\/wp\/v2\/pages\/3120\/revisions\/61223"}],"wp:featuredmedia":[{"embeddable":true,"href":"https:\/\/pro.alfaforni.com\/de\/wp-json\/wp\/v2\/media\/7650"}],"wp:attachment":[{"href":"https:\/\/pro.alfaforni.com\/de\/wp-json\/wp\/v2\/media?parent=3120"}],"curies":[{"name":"wp","href":"https:\/\/api.w.org\/{rel}","templated":true}]}}